{"id":631,"date":"2018-01-17T11:07:22","date_gmt":"2018-01-17T11:07:22","guid":{"rendered":"http:\/\/www.ipvsl.com\/new\/?page_id=631"},"modified":"2018-04-16T13:45:35","modified_gmt":"2018-04-16T13:45:35","slug":"projectes","status":"publish","type":"page","link":"https:\/\/www.ipvsl.com\/es\/projectes\/","title":{"rendered":"Proyectos"},"content":{"rendered":"<p>\n    <div class=\"col-xs-12\" >\n        <p><br \/><\/p><h1>Nuestros proyectos<\/h1><p><\/p>    <\/div>\n\n\n\n    <div class=\"col-xs-12 col-sm-6 col-md-3\" >\n        <div class=\"vertical-item ds content-padding big-padding bg_teaser after_cover darkgrey_bg hover-content text-center\">\n\n\t        <img decoding=\"async\" src=\"\/\/www.ipvsl.com\/new\/wp-content\/uploads\/2018\/01\/Canvi-seccionador-110-kV-subestacio-Endesa.jpg\"\n             alt=\"\">\n\t\n    <div class=\"media-links\"><\/div>\n\n\t<div class=\"item-content\">\n\t\t        <div class=\"content-body\">\n\t        <p><br \/><\/p><p style=\"font-size: 16px\">Cambio seccionador 110 kV sub.  Endesa<\/p><p><\/p>\t                <\/div>\n    <\/div>\n\n<\/div><!-- eof .vertical-item -->\n    <\/div>\n\n\n\n    <div class=\"col-xs-12 col-sm-6 col-md-3\" >\n        <div class=\"vertical-item ds content-padding big-padding bg_teaser after_cover darkgrey_bg hover-content text-center\">\n\n\t        <img decoding=\"async\" src=\"\/\/www.ipvsl.com\/new\/wp-content\/uploads\/2018\/01\/Connexions-Grup-Subestacio-Arties.jpg\"\n             alt=\"\">\n\t\n    <div class=\"media-links\"><\/div>\n\n\t<div class=\"item-content\">\n\t\t        <div class=\"content-body\">\n\t        <p><br \/><\/p><p style=\"font-size: 17px\">Conexiones Grupo Sub.<br \/>en Arties<\/p><p><\/p>\t                <\/div>\n    <\/div>\n\n<\/div><!-- eof .vertical-item -->\n    <\/div>\n\n\n\n    <div class=\"col-xs-12 col-sm-6 col-md-3\" >\n        <div class=\"vertical-item ds content-padding big-padding bg_teaser after_cover darkgrey_bg hover-content text-center\">\n\n\t        <img decoding=\"async\" src=\"\/\/www.ipvsl.com\/new\/wp-content\/uploads\/2018\/01\/22.png\"\n             alt=\"\">\n\t\n    <div class=\"media-links\"><\/div>\n\n\t<div class=\"item-content\">\n\t\t        <div class=\"content-body\">\n\t        <p><br \/><\/p><p style=\"font-size: 14px\">Conexiones MT y BT transformador 1000kVA. Mollerussa<\/p><p><\/p>\t                <\/div>\n    <\/div>\n\n<\/div><!-- eof .vertical-item -->\n    <\/div>\n\n\n\n    <div class=\"col-xs-12 col-sm-6 col-md-3\" >\n        <div class=\"vertical-item ds content-padding big-padding bg_teaser after_cover darkgrey_bg hover-content text-center\">\n\n\t        <img decoding=\"async\" src=\"\/\/www.ipvsl.com\/new\/wp-content\/uploads\/2018\/01\/33.png\"\n             alt=\"\">\n\t\n    <div class=\"media-links\"><\/div>\n\n\t<div class=\"item-content\">\n\t\t        <div class=\"content-body\">\n\t        <p><br \/><\/p><p style=\"font-size: 14px\">Alumbrado parque Cubrici\u00f3n V\u00edas de L\u00e9rida<\/p><p><\/p>\t                <\/div>\n    <\/div>\n\n<\/div><!-- eof .vertical-item -->\n    <\/div>\n\n\n\n    <div class=\"col-xs-12 col-sm-6 col-md-3\" >\n        <div class=\"vertical-item ds content-padding big-padding bg_teaser after_cover darkgrey_bg hover-content text-center\">\n\n\t        <img decoding=\"async\" src=\"\/\/www.ipvsl.com\/new\/wp-content\/uploads\/2018\/01\/44.png\"\n             alt=\"\">\n\t\n    <div class=\"media-links\"><\/div>\n\n\t<div class=\"item-content\">\n\t\t        <div class=\"content-body\">\n\t        <p><br \/><\/p><p style=\"font-size: 14px\">Tendido Circuito en Sub. de Endesa<\/p><p><\/p>\t                <\/div>\n    <\/div>\n\n<\/div><!-- eof .vertical-item -->\n    <\/div>\n\n\n\n    <div class=\"col-xs-12 col-sm-6 col-md-3\" >\n        <div class=\"vertical-item ds content-padding big-padding bg_teaser after_cover darkgrey_bg hover-content text-center\">\n\n\t        <img decoding=\"async\" src=\"\/\/www.ipvsl.com\/new\/wp-content\/uploads\/2018\/01\/Estesa-circuit-MT-en-Tarragona.jpg\"\n             alt=\"\">\n\t\n    <div class=\"media-links\"><\/div>\n\n\t<div class=\"item-content\">\n\t\t        <div class=\"content-body\">\n\t        <p><br \/><\/p><p style=\"font-size: 16px\">Tendido circuito MT en Tarragona<\/p><p><\/p>\t                <\/div>\n    <\/div>\n\n<\/div><!-- eof .vertical-item -->\n    <\/div>\n\n\n\n    <div class=\"col-xs-12 col-sm-6 col-md-3\" >\n        <div class=\"vertical-item ds content-padding big-padding bg_teaser after_cover darkgrey_bg hover-content text-center\">\n\n\t        <img decoding=\"async\" src=\"\/\/www.ipvsl.com\/new\/wp-content\/uploads\/2018\/01\/Il.luminacio\u0301-Pont-Pirncip-de-Viana-de-Lleida.jpg\"\n             alt=\"\">\n\t\n    <div class=\"media-links\"><\/div>\n\n\t<div class=\"item-content\">\n\t\t        <div class=\"content-body\">\n\t        <p><br \/><\/p><p style=\"font-size: 13px\">Iluminacio\u0301n Puente Pr\u00edncipe de Viana<\/p><p><\/p>\t                <\/div>\n    <\/div>\n\n<\/div><!-- eof .vertical-item -->\n    <\/div>\n\n\n\n    <div class=\"col-xs-12 col-sm-6 col-md-3\" >\n        <div class=\"vertical-item ds content-padding big-padding bg_teaser after_cover darkgrey_bg hover-content text-center\">\n\n\t        <img decoding=\"async\" src=\"\/\/www.ipvsl.com\/new\/wp-content\/uploads\/2018\/01\/Instal.lacio-Cel.les-MT-en-Alfes.jpg\"\n             alt=\"\">\n\t\n    <div class=\"media-links\"><\/div>\n\n\t<div class=\"item-content\">\n\t\t        <div class=\"content-body\">\n\t        <p><br \/><\/p><p style=\"font-size: 16px\">Instalaci\u00f3n Celdas MT en Alfes<\/p><p><\/p>\t                <\/div>\n    <\/div>\n\n<\/div><!-- eof .vertical-item -->\n    <\/div>\n\n\n\n    <div class=\"col-xs-12 col-sm-6 col-md-3\" >\n        <div class=\"vertical-item ds content-padding big-padding bg_teaser after_cover darkgrey_bg hover-content text-center\">\n\n\t        <img decoding=\"async\" src=\"\/\/www.ipvsl.com\/new\/wp-content\/uploads\/2018\/01\/Instal.lacio\u0301-i-Manteniment-Xarxa-AT-Electra-red-Energia.jpg\"\n             alt=\"\">\n\t\n    <div class=\"media-links\"><\/div>\n\n\t<div class=\"item-content\">\n\t\t        <div class=\"content-body\">\n\t        <p><br \/><\/p><p style=\"font-size: 12px\">Ins. y Mant. Red AT El\u00e9ctrica red Energ\u00eda<\/p><p><\/p>\t                <\/div>\n    <\/div>\n\n<\/div><!-- eof .vertical-item -->\n    <\/div>\n\n\n\n    <div class=\"col-xs-12 col-sm-6 col-md-3\" >\n        <div class=\"vertical-item ds content-padding big-padding bg_teaser after_cover darkgrey_bg hover-content text-center\">\n\n\t        <img decoding=\"async\" src=\"\/\/www.ipvsl.com\/new\/wp-content\/uploads\/2018\/01\/planta-fotovoltaica-de-500-kW-en-Comiols.jpg\"\n             alt=\"\">\n\t\n    <div class=\"media-links\"><\/div>\n\n\t<div class=\"item-content\">\n\t\t        <div class=\"content-body\">\n\t        <p><br \/><\/p><p style=\"font-size: 14px\">Planta fotovoltaica de 500 kW en Comiols<\/p><p><\/p>\t                <\/div>\n    <\/div>\n\n<\/div><!-- eof .vertical-item -->\n    <\/div>\n\n\n\n    <div class=\"col-xs-12 col-sm-6 col-md-3\" >\n        <div class=\"vertical-item ds content-padding big-padding bg_teaser after_cover darkgrey_bg hover-content text-center\">\n\n\t        <img decoding=\"async\" src=\"\/\/www.ipvsl.com\/new\/wp-content\/uploads\/2018\/01\/instalacio-MT-i-BT-electrolinera-de-Tesla-en-Girona.jpg\"\n             alt=\"\">\n\t\n    <div class=\"media-links\"><\/div>\n\n\t<div class=\"item-content\">\n\t\t        <div class=\"content-body\">\n\t        <p><br \/><\/p><p style=\"font-size: 11px\">Instalaci\u00f3n MT y BT electroliniera de Tesla<\/p><p><\/p>\t                <\/div>\n    <\/div>\n\n<\/div><!-- eof .vertical-item -->\n    <\/div>\n\n\n\n    <div class=\"col-xs-12 col-sm-6 col-md-3\" >\n        <div class=\"vertical-item ds content-padding big-padding bg_teaser after_cover darkgrey_bg hover-content text-center\">\n\n\t        <img decoding=\"async\" src=\"\/\/www.ipvsl.com\/new\/wp-content\/uploads\/2018\/01\/leds-solar-en-Zaragoza.jpg\"\n             alt=\"\">\n\t\n    <div class=\"media-links\"><\/div>\n\n\t<div class=\"item-content\">\n\t\t        <div class=\"content-body\">\n\t        <p><br \/><\/p><p style=\"font-size: 14px\">Instalaci\u00f3n de Leds Solares en Zaragoza<\/p><p><\/p>\t                <\/div>\n    <\/div>\n\n<\/div><!-- eof .vertical-item -->\n    <\/div>\n\n\n\n    <div class=\"col-xs-12 col-sm-6 col-md-3\" >\n        <div class=\"vertical-item ds content-padding big-padding bg_teaser after_cover darkgrey_bg hover-content text-center\">\n\n\t        <img decoding=\"async\" src=\"\/\/www.ipvsl.com\/new\/wp-content\/uploads\/2018\/01\/adjudicacio.png\"\n             alt=\"\">\n\t\n    <div class=\"media-links\"><\/div>\n\n\t<div class=\"item-content\">\n\t\t        <div class=\"content-body\">\n\t        <p><br \/><\/p><p style=\"font-size: 14px\">Nuevo interruptor 66 kV en Sub. Endesa<\/p><p><\/p>\t                <\/div>\n    <\/div>\n\n<\/div><!-- eof .vertical-item -->\n    <\/div>\n\n\n\n    <div class=\"col-xs-12 col-sm-6 col-md-3\" >\n        <div class=\"vertical-item ds content-padding big-padding bg_teaser after_cover darkgrey_bg hover-content text-center\">\n\n\t        <img decoding=\"async\" src=\"\/\/www.ipvsl.com\/new\/wp-content\/uploads\/2018\/01\/instal.lacio-nous-circuits-MT-en-Garies-Subestacio-Endesa.jpg\"\n             alt=\"\">\n\t\n    <div class=\"media-links\"><\/div>\n\n\t<div class=\"item-content\">\n\t\t        <div class=\"content-body\">\n\t        <p><br \/><\/p><p style=\"font-size: 12px\">Inst. nuevos circuitos MT en Garies Sub. Endesa<\/p><p><\/p>\t                <\/div>\n    <\/div>\n\n<\/div><!-- eof .vertical-item -->\n    <\/div>\n\n\n\n    <div class=\"col-xs-12 col-sm-6 col-md-3\" >\n        <div class=\"vertical-item ds content-padding big-padding bg_teaser after_cover darkgrey_bg hover-content text-center\">\n\n\t        <img decoding=\"async\" src=\"\/\/www.ipvsl.com\/new\/wp-content\/uploads\/2018\/01\/Transformador-Sec-1.600-kVA-Masquefa-.jpg\"\n             alt=\"\">\n\t\n    <div class=\"media-links\"><\/div>\n\n\t<div class=\"item-content\">\n\t\t        <div class=\"content-body\">\n\t        <p><br \/><\/p><p style=\"font-size: 14px\">Transformador Sec 1.600 kVA Masquefa<\/p><p><\/p>\t                <\/div>\n    <\/div>\n\n<\/div><!-- eof .vertical-item -->\n    <\/div>\n\n\n\n    <div class=\"col-xs-12 col-sm-6 col-md-3\" >\n        <div class=\"vertical-item ds content-padding big-padding bg_teaser after_cover darkgrey_bg hover-content text-center\">\n\n\t        <img decoding=\"async\" src=\"\/\/www.ipvsl.com\/new\/wp-content\/uploads\/2018\/01\/Treballs-Manteniment-en-Subestacio-Endesa.jpg\"\n             alt=\"\">\n\t\n    <div class=\"media-links\"><\/div>\n\n\t<div class=\"item-content\">\n\t\t        <div class=\"content-body\">\n\t        <p><br \/><\/p><p style=\"font-size: 11px\">Trabajos Mantenimiento en Subestaci\u00f3n Endesa<\/p><p><\/p>\t                <\/div>\n    <\/div>\n\n<\/div><!-- eof .vertical-item -->\n    <\/div>\n\n\n<\/p>\n","protected":false},"excerpt":{"rendered":"<p>Nuestros proyectos Cambio seccionador 110 kV sub. Endesa Conexiones Grupo Sub.en Arties Conexiones MT y BT transformador 1000kVA. Mollerussa Alumbrado parque Cubrici\u00f3n V\u00edas de L\u00e9rida Tendido Circuito en Sub. de Endesa Tendido circuito MT en Tarragona Iluminacio\u0301n Puente Pr\u00edncipe de Viana Instalaci\u00f3n Celdas MT en Alfes Ins. y Mant. Red AT El\u00e9ctrica red Energ\u00eda Planta [&hellip;]<\/p>\n","protected":false},"author":1,"featured_media":0,"parent":0,"menu_order":0,"comment_status":"closed","ping_status":"closed","template":"","meta":{"footnotes":""},"class_list":["post-631","page","type-page","status-publish","hentry"],"yoast_head":"<!-- This site is optimized with the Yoast SEO plugin v25.7 - https:\/\/yoast.com\/wordpress\/plugins\/seo\/ -->\n<title>Proyectos - IPV SL<\/title>\n<meta name=\"robots\" content=\"index, follow, max-snippet:-1, max-image-preview:large, max-video-preview:-1\" \/>\n<link rel=\"canonical\" href=\"https:\/\/www.ipvsl.com\/es\/projectes\/\" \/>\n<meta property=\"og:locale\" content=\"es_ES\" \/>\n<meta property=\"og:type\" content=\"article\" \/>\n<meta property=\"og:title\" content=\"[:es]Proyectos[:ca]Projectes[:] - IPV SL\" \/>\n<meta property=\"og:description\" content=\"Nuestros proyectos Cambio seccionador 110 kV sub. Endesa Conexiones Grupo Sub.en Arties Conexiones MT y BT transformador 1000kVA. Mollerussa Alumbrado parque Cubrici\u00f3n V\u00edas de L\u00e9rida Tendido Circuito en Sub. de Endesa Tendido circuito MT en Tarragona Iluminacio\u0301n Puente Pr\u00edncipe de Viana Instalaci\u00f3n Celdas MT en Alfes Ins. y Mant. Red AT El\u00e9ctrica red Energ\u00eda Planta [&hellip;]\" \/>\n<meta property=\"og:url\" content=\"https:\/\/www.ipvsl.com\/es\/projectes\/\" \/>\n<meta property=\"og:site_name\" content=\"IPV SL\" \/>\n<meta property=\"article:modified_time\" content=\"2018-04-16T13:45:35+00:00\" \/>\n<meta name=\"twitter:card\" content=\"summary_large_image\" \/>\n<meta name=\"twitter:label1\" content=\"Tiempo de lectura\" \/>\n\t<meta name=\"twitter:data1\" content=\"1 minuto\" \/>\n<script type=\"application\/ld+json\" class=\"yoast-schema-graph\">{\"@context\":\"https:\/\/schema.org\",\"@graph\":[{\"@type\":\"WebPage\",\"@id\":\"https:\/\/www.ipvsl.com\/es\/projectes\/\",\"url\":\"https:\/\/www.ipvsl.com\/es\/projectes\/\",\"name\":\"[:es]Proyectos[:ca]Projectes[:] - IPV SL\",\"isPartOf\":{\"@id\":\"https:\/\/www.ipvsl.com\/#website\"},\"datePublished\":\"2018-01-17T11:07:22+00:00\",\"dateModified\":\"2018-04-16T13:45:35+00:00\",\"breadcrumb\":{\"@id\":\"https:\/\/www.ipvsl.com\/es\/projectes\/#breadcrumb\"},\"inLanguage\":\"es\",\"potentialAction\":[{\"@type\":\"ReadAction\",\"target\":[\"https:\/\/www.ipvsl.com\/es\/projectes\/\"]}]},{\"@type\":\"BreadcrumbList\",\"@id\":\"https:\/\/www.ipvsl.com\/es\/projectes\/#breadcrumb\",\"itemListElement\":[{\"@type\":\"ListItem\",\"position\":1,\"name\":\"Portada\",\"item\":\"https:\/\/www.ipvsl.com\/\"},{\"@type\":\"ListItem\",\"position\":2,\"name\":\"Proyectos\"}]},{\"@type\":\"WebSite\",\"@id\":\"https:\/\/www.ipvsl.com\/#website\",\"url\":\"https:\/\/www.ipvsl.com\/\",\"name\":\"IPV SL\",\"description\":\"IPV SL\",\"potentialAction\":[{\"@type\":\"SearchAction\",\"target\":{\"@type\":\"EntryPoint\",\"urlTemplate\":\"https:\/\/www.ipvsl.com\/?s={search_term_string}\"},\"query-input\":{\"@type\":\"PropertyValueSpecification\",\"valueRequired\":true,\"valueName\":\"search_term_string\"}}],\"inLanguage\":\"es\"}]}<\/script>\n<!-- \/ Yoast SEO plugin. -->","yoast_head_json":{"title":"[:es]Proyectos[:ca]Projectes[:] - IPV SL","robots":{"index":"index","follow":"follow","max-snippet":"max-snippet:-1","max-image-preview":"max-image-preview:large","max-video-preview":"max-video-preview:-1"},"canonical":"https:\/\/www.ipvsl.com\/es\/projectes\/","og_locale":"es_ES","og_type":"article","og_title":"[:es]Proyectos[:ca]Projectes[:] - IPV SL","og_description":"Nuestros proyectos Cambio seccionador 110 kV sub. Endesa Conexiones Grupo Sub.en Arties Conexiones MT y BT transformador 1000kVA. Mollerussa Alumbrado parque Cubrici\u00f3n V\u00edas de L\u00e9rida Tendido Circuito en Sub. de Endesa Tendido circuito MT en Tarragona Iluminacio\u0301n Puente Pr\u00edncipe de Viana Instalaci\u00f3n Celdas MT en Alfes Ins. y Mant. Red AT El\u00e9ctrica red Energ\u00eda Planta [&hellip;]","og_url":"https:\/\/www.ipvsl.com\/es\/projectes\/","og_site_name":"IPV SL","article_modified_time":"2018-04-16T13:45:35+00:00","twitter_card":"summary_large_image","twitter_misc":{"Tiempo de lectura":"1 minuto"},"schema":{"@context":"https:\/\/schema.org","@graph":[{"@type":"WebPage","@id":"https:\/\/www.ipvsl.com\/es\/projectes\/","url":"https:\/\/www.ipvsl.com\/es\/projectes\/","name":"[:es]Proyectos[:ca]Projectes[:] - IPV SL","isPartOf":{"@id":"https:\/\/www.ipvsl.com\/#website"},"datePublished":"2018-01-17T11:07:22+00:00","dateModified":"2018-04-16T13:45:35+00:00","breadcrumb":{"@id":"https:\/\/www.ipvsl.com\/es\/projectes\/#breadcrumb"},"inLanguage":"es","potentialAction":[{"@type":"ReadAction","target":["https:\/\/www.ipvsl.com\/es\/projectes\/"]}]},{"@type":"BreadcrumbList","@id":"https:\/\/www.ipvsl.com\/es\/projectes\/#breadcrumb","itemListElement":[{"@type":"ListItem","position":1,"name":"Portada","item":"https:\/\/www.ipvsl.com\/"},{"@type":"ListItem","position":2,"name":"Proyectos"}]},{"@type":"WebSite","@id":"https:\/\/www.ipvsl.com\/#website","url":"https:\/\/www.ipvsl.com\/","name":"IPV SL","description":"IPV SL","potentialAction":[{"@type":"SearchAction","target":{"@type":"EntryPoint","urlTemplate":"https:\/\/www.ipvsl.com\/?s={search_term_string}"},"query-input":{"@type":"PropertyValueSpecification","valueRequired":true,"valueName":"search_term_string"}}],"inLanguage":"es"}]}},"_links":{"self":[{"href":"https:\/\/www.ipvsl.com\/es\/wp-json\/wp\/v2\/pages\/631","targetHints":{"allow":["GET"]}}],"collection":[{"href":"https:\/\/www.ipvsl.com\/es\/wp-json\/wp\/v2\/pages"}],"about":[{"href":"https:\/\/www.ipvsl.com\/es\/wp-json\/wp\/v2\/types\/page"}],"author":[{"embeddable":true,"href":"https:\/\/www.ipvsl.com\/es\/wp-json\/wp\/v2\/users\/1"}],"replies":[{"embeddable":true,"href":"https:\/\/www.ipvsl.com\/es\/wp-json\/wp\/v2\/comments?post=631"}],"version-history":[{"count":72,"href":"https:\/\/www.ipvsl.com\/es\/wp-json\/wp\/v2\/pages\/631\/revisions"}],"predecessor-version":[{"id":1192,"href":"https:\/\/www.ipvsl.com\/es\/wp-json\/wp\/v2\/pages\/631\/revisions\/1192"}],"wp:attachment":[{"href":"https:\/\/www.ipvsl.com\/es\/wp-json\/wp\/v2\/media?parent=631"}],"curies":[{"name":"wp","href":"https:\/\/api.w.org\/{rel}","templated":true}]}}