{"id":4718,"date":"2024-11-26T13:57:51","date_gmt":"2024-11-26T13:57:51","guid":{"rendered":"https:\/\/www.ipvsl.com\/?page_id=4718"},"modified":"2024-11-26T14:08:27","modified_gmt":"2024-11-26T14:08:27","slug":"missio-visio-valors","status":"publish","type":"page","link":"https:\/\/www.ipvsl.com\/es\/missio-visio-valors\/","title":{"rendered":"Misi\u00f3n, visi\u00f3n y valores"},"content":{"rendered":"\n    <div class=\"col-xs-12\" >\n        <p><br \/><\/p><h1>Misi\u00f3n, visi\u00f3n y valores<\/h1><p><\/p><p><br \/><\/p><p>MISI\u00d3N<\/p><p>En IPV, nos comprometemos a mejorar el bienestar de la sociedad y el tejido industrial a trav\u00e9s de la construcci\u00f3n, instalaci\u00f3n y mantenimiento \u00e1gil y eficiente de las redes el\u00e9ctricas. Ofrecemos un servicio permanente, cercano y de confianza, siempre enfocados en garantizar soluciones duraderas y de calidad para nuestros clientes en la industria, organismos oficiales y compa\u00f1\u00edas el\u00e9ctricas.<\/p><p>VISI\u00d3N<\/p><p>Ser una empresa de referencia en el sector el\u00e9ctrico, destacando por la calidad, innovaci\u00f3n, sostenibilidad y compromiso con la seguridad en cada proyecto. Creando un impacto positivo y duradero en la infraestructura energ\u00e9tica, ofreciendo a nuestros clientes servicios confiables que impulsen su crecimiento y desarrollo.<\/p><p>VALORES<\/p><ol><li><b>Seguridad<\/b>: Anteponemos la seguridad en cada proyecto y proceso, protegiendo a nuestro equipo, clientes y comunidades, y cumpliendo con los m\u00e1s altos est\u00e1ndares en cada intervenci\u00f3n.<\/li><li><b>Excelencia<\/b>: Nos esforzamos por superar las expectativas, ofreciendo servicios de alta calidad que aporten valor y durabilidad a las infraestructuras energ\u00e9ticas de nuestros clientes.<\/li><li><b>Compromiso<\/b>: Somos responsables y dedicados en cada tarea, trabajando con \u00e9tica y transparencia para construir relaciones de confianza a largo plazo.<\/li><li><b>Innovaci\u00f3n<\/b>: Apostamos por la mejora continua y la adopci\u00f3n de nuevas tecnolog\u00edas que nos permitan ofrecer soluciones avanzadas y eficientes en el sector el\u00e9ctrico.<\/li><li><b>Sostenibilidad<\/b>: TTrabajamos de forma consciente, minimizando nuestro impacto ambiental y contribuyendo a un futuro energ\u00e9tico m\u00e1s responsable.<\/li><li><b>Proximidad<\/b>: Valoramos el trato cercano y personalizado, adapt\u00e1ndonos a las necesidades espec\u00edficas de cada cliente para brindar un servicio confiable y de confianza.<\/li><\/ol><p><\/p>    <\/div>\n\n\n\n","protected":false},"excerpt":{"rendered":"<p>Misi\u00f3n, visi\u00f3n y valoresMISI\u00d3NEn IPV, nos comprometemos a mejorar el bienestar de la sociedad y el tejido industrial a trav\u00e9s de la construcci\u00f3n, instalaci\u00f3n y mantenimiento \u00e1gil y eficiente de las redes el\u00e9ctricas. Ofrecemos un servicio permanente, cercano y de confianza, siempre enfocados en garantizar soluciones duraderas y de calidad para nuestros clientes en la [&hellip;]<\/p>\n","protected":false},"author":3,"featured_media":0,"parent":0,"menu_order":0,"comment_status":"closed","ping_status":"closed","template":"","meta":{"footnotes":""},"class_list":["post-4718","page","type-page","status-publish","hentry"],"yoast_head":"<!-- This site is optimized with the Yoast SEO plugin v25.7 - https:\/\/yoast.com\/wordpress\/plugins\/seo\/ -->\n<title>Misi\u00f3n, visi\u00f3n y valores - IPV SL<\/title>\n<meta name=\"robots\" content=\"index, follow, max-snippet:-1, max-image-preview:large, max-video-preview:-1\" \/>\n<link rel=\"canonical\" href=\"https:\/\/www.ipvsl.com\/missio-visio-valors\/\" \/>\n<meta property=\"og:locale\" content=\"es_ES\" \/>\n<meta property=\"og:type\" content=\"article\" \/>\n<meta property=\"og:title\" content=\"[:es]Misi\u00f3n, visi\u00f3n y valores[:ca]Missi\u00f3, visi\u00f3 i valors [:] - IPV SL\" \/>\n<meta property=\"og:description\" content=\"Misi\u00f3n, visi\u00f3n y valoresMISI\u00d3NEn IPV, nos comprometemos a mejorar el bienestar de la sociedad y el tejido industrial a trav\u00e9s de la construcci\u00f3n, instalaci\u00f3n y mantenimiento \u00e1gil y eficiente de las redes el\u00e9ctricas. Ofrecemos un servicio permanente, cercano y de confianza, siempre enfocados en garantizar soluciones duraderas y de calidad para nuestros clientes en la [&hellip;]\" \/>\n<meta property=\"og:url\" content=\"https:\/\/www.ipvsl.com\/missio-visio-valors\/\" \/>\n<meta property=\"og:site_name\" content=\"IPV SL\" \/>\n<meta property=\"article:modified_time\" content=\"2024-11-26T14:08:27+00:00\" \/>\n<meta name=\"twitter:card\" content=\"summary_large_image\" \/>\n<meta name=\"twitter:label1\" content=\"Tiempo de lectura\" \/>\n\t<meta name=\"twitter:data1\" content=\"3 minutos\" \/>\n<script type=\"application\/ld+json\" class=\"yoast-schema-graph\">{\"@context\":\"https:\/\/schema.org\",\"@graph\":[{\"@type\":\"WebPage\",\"@id\":\"https:\/\/www.ipvsl.com\/missio-visio-valors\/\",\"url\":\"https:\/\/www.ipvsl.com\/missio-visio-valors\/\",\"name\":\"[:es]Misi\u00f3n, visi\u00f3n y valores[:ca]Missi\u00f3, visi\u00f3 i valors [:] - IPV SL\",\"isPartOf\":{\"@id\":\"https:\/\/www.ipvsl.com\/#website\"},\"datePublished\":\"2024-11-26T13:57:51+00:00\",\"dateModified\":\"2024-11-26T14:08:27+00:00\",\"breadcrumb\":{\"@id\":\"https:\/\/www.ipvsl.com\/missio-visio-valors\/#breadcrumb\"},\"inLanguage\":\"es\",\"potentialAction\":[{\"@type\":\"ReadAction\",\"target\":[\"https:\/\/www.ipvsl.com\/missio-visio-valors\/\"]}]},{\"@type\":\"BreadcrumbList\",\"@id\":\"https:\/\/www.ipvsl.com\/missio-visio-valors\/#breadcrumb\",\"itemListElement\":[{\"@type\":\"ListItem\",\"position\":1,\"name\":\"Portada\",\"item\":\"https:\/\/www.ipvsl.com\/\"},{\"@type\":\"ListItem\",\"position\":2,\"name\":\"Missi\u00f3, visi\u00f3 i valors\"}]},{\"@type\":\"WebSite\",\"@id\":\"https:\/\/www.ipvsl.com\/#website\",\"url\":\"https:\/\/www.ipvsl.com\/\",\"name\":\"IPV SL\",\"description\":\"IPV SL\",\"potentialAction\":[{\"@type\":\"SearchAction\",\"target\":{\"@type\":\"EntryPoint\",\"urlTemplate\":\"https:\/\/www.ipvsl.com\/?s={search_term_string}\"},\"query-input\":{\"@type\":\"PropertyValueSpecification\",\"valueRequired\":true,\"valueName\":\"search_term_string\"}}],\"inLanguage\":\"es\"}]}<\/script>\n<!-- \/ Yoast SEO plugin. -->","yoast_head_json":{"title":"[:es]Misi\u00f3n, visi\u00f3n y valores[:ca]Missi\u00f3, visi\u00f3 i valors [:] - IPV SL","robots":{"index":"index","follow":"follow","max-snippet":"max-snippet:-1","max-image-preview":"max-image-preview:large","max-video-preview":"max-video-preview:-1"},"canonical":"https:\/\/www.ipvsl.com\/missio-visio-valors\/","og_locale":"es_ES","og_type":"article","og_title":"[:es]Misi\u00f3n, visi\u00f3n y valores[:ca]Missi\u00f3, visi\u00f3 i valors [:] - IPV SL","og_description":"Misi\u00f3n, visi\u00f3n y valoresMISI\u00d3NEn IPV, nos comprometemos a mejorar el bienestar de la sociedad y el tejido industrial a trav\u00e9s de la construcci\u00f3n, instalaci\u00f3n y mantenimiento \u00e1gil y eficiente de las redes el\u00e9ctricas. Ofrecemos un servicio permanente, cercano y de confianza, siempre enfocados en garantizar soluciones duraderas y de calidad para nuestros clientes en la [&hellip;]","og_url":"https:\/\/www.ipvsl.com\/missio-visio-valors\/","og_site_name":"IPV SL","article_modified_time":"2024-11-26T14:08:27+00:00","twitter_card":"summary_large_image","twitter_misc":{"Tiempo de lectura":"3 minutos"},"schema":{"@context":"https:\/\/schema.org","@graph":[{"@type":"WebPage","@id":"https:\/\/www.ipvsl.com\/missio-visio-valors\/","url":"https:\/\/www.ipvsl.com\/missio-visio-valors\/","name":"[:es]Misi\u00f3n, visi\u00f3n y valores[:ca]Missi\u00f3, visi\u00f3 i valors [:] - IPV SL","isPartOf":{"@id":"https:\/\/www.ipvsl.com\/#website"},"datePublished":"2024-11-26T13:57:51+00:00","dateModified":"2024-11-26T14:08:27+00:00","breadcrumb":{"@id":"https:\/\/www.ipvsl.com\/missio-visio-valors\/#breadcrumb"},"inLanguage":"es","potentialAction":[{"@type":"ReadAction","target":["https:\/\/www.ipvsl.com\/missio-visio-valors\/"]}]},{"@type":"BreadcrumbList","@id":"https:\/\/www.ipvsl.com\/missio-visio-valors\/#breadcrumb","itemListElement":[{"@type":"ListItem","position":1,"name":"Portada","item":"https:\/\/www.ipvsl.com\/"},{"@type":"ListItem","position":2,"name":"Missi\u00f3, visi\u00f3 i valors"}]},{"@type":"WebSite","@id":"https:\/\/www.ipvsl.com\/#website","url":"https:\/\/www.ipvsl.com\/","name":"IPV SL","description":"IPV SL","potentialAction":[{"@type":"SearchAction","target":{"@type":"EntryPoint","urlTemplate":"https:\/\/www.ipvsl.com\/?s={search_term_string}"},"query-input":{"@type":"PropertyValueSpecification","valueRequired":true,"valueName":"search_term_string"}}],"inLanguage":"es"}]}},"_links":{"self":[{"href":"https:\/\/www.ipvsl.com\/es\/wp-json\/wp\/v2\/pages\/4718","targetHints":{"allow":["GET"]}}],"collection":[{"href":"https:\/\/www.ipvsl.com\/es\/wp-json\/wp\/v2\/pages"}],"about":[{"href":"https:\/\/www.ipvsl.com\/es\/wp-json\/wp\/v2\/types\/page"}],"author":[{"embeddable":true,"href":"https:\/\/www.ipvsl.com\/es\/wp-json\/wp\/v2\/users\/3"}],"replies":[{"embeddable":true,"href":"https:\/\/www.ipvsl.com\/es\/wp-json\/wp\/v2\/comments?post=4718"}],"version-history":[{"count":3,"href":"https:\/\/www.ipvsl.com\/es\/wp-json\/wp\/v2\/pages\/4718\/revisions"}],"predecessor-version":[{"id":4723,"href":"https:\/\/www.ipvsl.com\/es\/wp-json\/wp\/v2\/pages\/4718\/revisions\/4723"}],"wp:attachment":[{"href":"https:\/\/www.ipvsl.com\/es\/wp-json\/wp\/v2\/media?parent=4718"}],"curies":[{"name":"wp","href":"https:\/\/api.w.org\/{rel}","templated":true}]}}