{"id":392,"date":"2018-01-04T11:40:32","date_gmt":"2018-01-04T11:40:32","guid":{"rendered":"http:\/\/www.ipvsl.com\/new\/?page_id=392"},"modified":"2023-12-04T09:25:20","modified_gmt":"2023-12-04T09:25:20","slug":"certificats-i-classificacions","status":"publish","type":"page","link":"https:\/\/www.ipvsl.com\/es\/certificats-i-classificacions\/","title":{"rendered":"Certificados y Clasificaciones"},"content":{"rendered":"<p><section class=\"fw-main-row  ls section_padding_top_50 section_padding_bottom_50 columns_padding_15\" >\n\t\t<div class=\"container\">\n\t\t<div class=\"row\">\n\t\t\t<p><br \/><\/p><h1>Certificados<\/h1><p><\/p>\n    <div class=\"col-xs-12 col-sm-6 col-md-4 text-center\" >\n        <div class=\"vertical-item ds content-padding big-padding bg_teaser after_cover darkgrey_bg hover-content text-center\">\n\n\t        <img decoding=\"async\" src=\"\/\/www.ipvsl.com\/wp-content\/uploads\/2020\/07\/45001.png\"\n             alt=\"ISO 45001\">\n\t\n    <div class=\"media-links\"><\/div>\n\n\t<div class=\"item-content\">\n\t\t            <h4 class=\"regular text-uppercase\">\n                ISO 45001            <\/h4>\n                <div class=\"content-body\">\n\t        \t                        <p class=\"topmargin_30\">\n                    <a href=\"https:\/\/www.ipvsl.com\/wp-content\/uploads\/2023\/12\/CERTF.-45001-ED.3-CAST.pdf\" class=\"theme_button color1 inverse\">Descargar<\/a>\n                <\/p>\n\t                <\/div>\n    <\/div>\n\n<\/div><!-- eof .vertical-item -->\n    <\/div>\n\n\n\n    <div class=\"col-xs-12 col-sm-6 col-md-4 text-center\" >\n        <div class=\"vertical-item ds content-padding big-padding bg_teaser after_cover darkgrey_bg hover-content text-center\">\n\n\t        <img decoding=\"async\" src=\"\/\/www.ipvsl.com\/wp-content\/uploads\/2018\/01\/SGS-ISO-14001-COLOR.jpg\"\n             alt=\"ISO 14001\">\n\t\n    <div class=\"media-links\"><\/div>\n\n\t<div class=\"item-content\">\n\t\t            <h4 class=\"regular text-uppercase\">\n                ISO 14001            <\/h4>\n                <div class=\"content-body\">\n\t        \t                        <p class=\"topmargin_30\">\n                    <a href=\"https:\/\/www.ipvsl.com\/wp-content\/uploads\/2023\/12\/CERTF.-14001-ED.3-CAST.pdf\" class=\"theme_button color1 inverse\">Descargar<\/a>\n                <\/p>\n\t                <\/div>\n    <\/div>\n\n<\/div><!-- eof .vertical-item -->\n    <\/div>\n\n\n\n    <div class=\"col-xs-12 col-sm-6 col-md-4 text-center\" >\n        <div class=\"vertical-item ds content-padding big-padding bg_teaser after_cover darkgrey_bg hover-content text-center\">\n\n\t        <img decoding=\"async\" src=\"\/\/www.ipvsl.com\/wp-content\/uploads\/2018\/01\/SGS-ISO-9001-COLOR.jpg\"\n             alt=\"ISO 9001\">\n\t\n    <div class=\"media-links\"><\/div>\n\n\t<div class=\"item-content\">\n\t\t            <h4 class=\"regular text-uppercase\">\n                ISO 9001            <\/h4>\n                <div class=\"content-body\">\n\t        \t                        <p class=\"topmargin_30\">\n                    <a href=\"https:\/\/www.ipvsl.com\/wp-content\/uploads\/2023\/12\/CERTF.-9001-ED.3-CAST.pdf\" class=\"theme_button color1 inverse\">Descargar<\/a>\n                <\/p>\n\t                <\/div>\n    <\/div>\n\n<\/div><!-- eof .vertical-item -->\n    <\/div>\n\n\n\t\t<\/div>\n\t<\/div>\n<\/section>\n<section class=\"fw-main-row  ls section_padding_top_50 section_padding_bottom_50 columns_padding_15\" >\n\t\t<div class=\"container\">\n\t\t<div class=\"row\">\n\t\t\t<p><br \/><\/p><h1>Clasificaciones<\/h1><p><\/p>\n    <div class=\"col-xs-12 col-sm-6 col-md-3 text-center\" >\n        <div class=\"vertical-item ds content-padding big-padding bg_teaser after_cover darkgrey_bg hover-content text-center\">\n\n\t        <img decoding=\"async\" src=\"\/\/www.ipvsl.com\/wp-content\/uploads\/2018\/01\/gencat.jpg\"\n             alt=\"Clasificaci\u00f3n Obras de Catalu\u00f1a\">\n\t\n    <div class=\"media-links\"><\/div>\n\n\t<div class=\"item-content\">\n\t\t            <h4 class=\"regular text-uppercase\">\n                Clasificaci\u00f3n Obras de Catalu\u00f1a            <\/h4>\n                <div class=\"content-body\">\n\t        \t                        <p class=\"topmargin_30\">\n                    <a href=\"https:\/\/www.ipvsl.com\/wp-content\/uploads\/2022\/06\/Instalaciones-y-Proyectos-de-Vanguardia-SL-Obres_signat_CA.pdf\" class=\"theme_button color1 inverse\">Descargar<\/a>\n                <\/p>\n\t                <\/div>\n    <\/div>\n\n<\/div><!-- eof .vertical-item -->\n    <\/div>\n\n\n\n    <div class=\"col-xs-12 col-sm-6 col-md-3 text-center\" >\n        <div class=\"vertical-item ds content-padding big-padding bg_teaser after_cover darkgrey_bg hover-content text-center\">\n\n\t        <img decoding=\"async\" src=\"\/\/www.ipvsl.com\/wp-content\/uploads\/2018\/01\/gencat.jpg\"\n             alt=\"C.mantenimiento de Catalu\u00f1a\">\n\t\n    <div class=\"media-links\"><\/div>\n\n\t<div class=\"item-content\">\n\t\t            <h4 class=\"regular text-uppercase\">\n                C.mantenimiento de Catalu\u00f1a            <\/h4>\n                <div class=\"content-body\">\n\t        \t                        <p class=\"topmargin_30\">\n                    <a href=\"https:\/\/www.ipvsl.com\/wp-content\/uploads\/2022\/06\/Instalaciones-y-Proyectos-de-Vanguardia-SL-Serveis_signat_CA.pdf\" class=\"theme_button color1 inverse\">Descargar<\/a>\n                <\/p>\n\t                <\/div>\n    <\/div>\n\n<\/div><!-- eof .vertical-item -->\n    <\/div>\n\n\n\n    <div class=\"col-xs-12 col-sm-6 col-md-3 text-center\" >\n        <div class=\"vertical-item ds content-padding big-padding bg_teaser after_cover darkgrey_bg hover-content text-center\">\n\n\t        <img decoding=\"async\" src=\"\/\/www.ipvsl.com\/new\/wp-content\/uploads\/2018\/01\/aa.png\"\n             alt=\"Clasificaci\u00f3n obras de Espa\u00f1a\">\n\t\n    <div class=\"media-links\"><\/div>\n\n\t<div class=\"item-content\">\n\t\t            <h4 class=\"regular text-uppercase\">\n                Clasificaci\u00f3n obras de Espa\u00f1a            <\/h4>\n                <div class=\"content-body\">\n\t        \t                        <p class=\"topmargin_30\">\n                    <a href=\"http:\/\/www.ipvsl.com\/new\/wp-content\/uploads\/2018\/01\/CLASSIFICACIO\u0301-DE-MANTENIMENTS-ESPAN\u0303OLA2.pdf\" class=\"theme_button color1 inverse\">Descargar<\/a>\n                <\/p>\n\t                <\/div>\n    <\/div>\n\n<\/div><!-- eof .vertical-item -->\n    <\/div>\n\n\n\n    <div class=\"col-xs-12 col-sm-6 col-md-3 text-center\" >\n        <div class=\"vertical-item ds content-padding big-padding bg_teaser after_cover darkgrey_bg hover-content text-center\">\n\n\t        <img decoding=\"async\" src=\"\/\/www.ipvsl.com\/new\/wp-content\/uploads\/2018\/01\/aa.png\"\n             alt=\"C. mantenimiento de Espa\u00f1a\">\n\t\n    <div class=\"media-links\"><\/div>\n\n\t<div class=\"item-content\">\n\t\t            <h4 class=\"regular text-uppercase\">\n                C. mantenimiento de Espa\u00f1a            <\/h4>\n                <div class=\"content-body\">\n\t        \t                        <p class=\"topmargin_30\">\n                    <a href=\"http:\/\/www.ipvsl.com\/new\/wp-content\/uploads\/2018\/01\/CLASSIFICACIO-OBRES-ESPAN\u0303OLA2.pdf\" class=\"theme_button color1 inverse\">Descargar<\/a>\n                <\/p>\n\t                <\/div>\n    <\/div>\n\n<\/div><!-- eof .vertical-item -->\n    <\/div>\n\n\n\t\t<\/div>\n\t<\/div>\n<\/section>\n<\/p>\n","protected":false},"excerpt":{"rendered":"<p>Certificados ISO 45001 Descargar ISO 14001 Descargar ISO 9001 Descargar Clasificaciones Clasificaci\u00f3n Obras de Catalu\u00f1a Descargar C.mantenimiento de Catalu\u00f1a Descargar Clasificaci\u00f3n obras de Espa\u00f1a Descargar C. mantenimiento de Espa\u00f1a Descargar<\/p>\n","protected":false},"author":1,"featured_media":0,"parent":0,"menu_order":0,"comment_status":"closed","ping_status":"closed","template":"","meta":{"footnotes":""},"class_list":["post-392","page","type-page","status-publish","hentry"],"yoast_head":"<!-- This site is optimized with the Yoast SEO plugin v25.7 - https:\/\/yoast.com\/wordpress\/plugins\/seo\/ -->\n<title>Certificados y Clasificaciones - IPV SL<\/title>\n<meta name=\"robots\" content=\"index, follow, max-snippet:-1, max-image-preview:large, max-video-preview:-1\" \/>\n<link rel=\"canonical\" href=\"https:\/\/www.ipvsl.com\/certificats-i-classificacions\/\" \/>\n<meta property=\"og:locale\" content=\"es_ES\" \/>\n<meta property=\"og:type\" content=\"article\" \/>\n<meta property=\"og:title\" content=\"[:es]Certificados y Clasificaciones[:ca]Certificats i Classificacions[:] - IPV SL\" \/>\n<meta property=\"og:description\" content=\"Certificados ISO 45001 Descargar ISO 14001 Descargar ISO 9001 Descargar Clasificaciones Clasificaci\u00f3n Obras de Catalu\u00f1a Descargar C.mantenimiento de Catalu\u00f1a Descargar Clasificaci\u00f3n obras de Espa\u00f1a Descargar C. mantenimiento de Espa\u00f1a Descargar\" \/>\n<meta property=\"og:url\" content=\"https:\/\/www.ipvsl.com\/certificats-i-classificacions\/\" \/>\n<meta property=\"og:site_name\" content=\"IPV SL\" \/>\n<meta property=\"article:modified_time\" content=\"2023-12-04T09:25:20+00:00\" \/>\n<meta name=\"twitter:card\" content=\"summary_large_image\" \/>\n<meta name=\"twitter:label1\" content=\"Tiempo de lectura\" \/>\n\t<meta name=\"twitter:data1\" content=\"2 minutos\" \/>\n<script type=\"application\/ld+json\" class=\"yoast-schema-graph\">{\"@context\":\"https:\/\/schema.org\",\"@graph\":[{\"@type\":\"WebPage\",\"@id\":\"https:\/\/www.ipvsl.com\/certificats-i-classificacions\/\",\"url\":\"https:\/\/www.ipvsl.com\/certificats-i-classificacions\/\",\"name\":\"[:es]Certificados y Clasificaciones[:ca]Certificats i Classificacions[:] - IPV SL\",\"isPartOf\":{\"@id\":\"https:\/\/www.ipvsl.com\/#website\"},\"datePublished\":\"2018-01-04T11:40:32+00:00\",\"dateModified\":\"2023-12-04T09:25:20+00:00\",\"breadcrumb\":{\"@id\":\"https:\/\/www.ipvsl.com\/certificats-i-classificacions\/#breadcrumb\"},\"inLanguage\":\"es\",\"potentialAction\":[{\"@type\":\"ReadAction\",\"target\":[\"https:\/\/www.ipvsl.com\/certificats-i-classificacions\/\"]}]},{\"@type\":\"BreadcrumbList\",\"@id\":\"https:\/\/www.ipvsl.com\/certificats-i-classificacions\/#breadcrumb\",\"itemListElement\":[{\"@type\":\"ListItem\",\"position\":1,\"name\":\"Portada\",\"item\":\"https:\/\/www.ipvsl.com\/\"},{\"@type\":\"ListItem\",\"position\":2,\"name\":\"Certificats i Classificacions\"}]},{\"@type\":\"WebSite\",\"@id\":\"https:\/\/www.ipvsl.com\/#website\",\"url\":\"https:\/\/www.ipvsl.com\/\",\"name\":\"IPV SL\",\"description\":\"IPV SL\",\"potentialAction\":[{\"@type\":\"SearchAction\",\"target\":{\"@type\":\"EntryPoint\",\"urlTemplate\":\"https:\/\/www.ipvsl.com\/?s={search_term_string}\"},\"query-input\":{\"@type\":\"PropertyValueSpecification\",\"valueRequired\":true,\"valueName\":\"search_term_string\"}}],\"inLanguage\":\"es\"}]}<\/script>\n<!-- \/ Yoast SEO plugin. -->","yoast_head_json":{"title":"[:es]Certificados y Clasificaciones[:ca]Certificats i Classificacions[:] - IPV SL","robots":{"index":"index","follow":"follow","max-snippet":"max-snippet:-1","max-image-preview":"max-image-preview:large","max-video-preview":"max-video-preview:-1"},"canonical":"https:\/\/www.ipvsl.com\/certificats-i-classificacions\/","og_locale":"es_ES","og_type":"article","og_title":"[:es]Certificados y Clasificaciones[:ca]Certificats i Classificacions[:] - IPV SL","og_description":"Certificados ISO 45001 Descargar ISO 14001 Descargar ISO 9001 Descargar Clasificaciones Clasificaci\u00f3n Obras de Catalu\u00f1a Descargar C.mantenimiento de Catalu\u00f1a Descargar Clasificaci\u00f3n obras de Espa\u00f1a Descargar C. mantenimiento de Espa\u00f1a Descargar","og_url":"https:\/\/www.ipvsl.com\/certificats-i-classificacions\/","og_site_name":"IPV SL","article_modified_time":"2023-12-04T09:25:20+00:00","twitter_card":"summary_large_image","twitter_misc":{"Tiempo de lectura":"2 minutos"},"schema":{"@context":"https:\/\/schema.org","@graph":[{"@type":"WebPage","@id":"https:\/\/www.ipvsl.com\/certificats-i-classificacions\/","url":"https:\/\/www.ipvsl.com\/certificats-i-classificacions\/","name":"[:es]Certificados y Clasificaciones[:ca]Certificats i Classificacions[:] - IPV SL","isPartOf":{"@id":"https:\/\/www.ipvsl.com\/#website"},"datePublished":"2018-01-04T11:40:32+00:00","dateModified":"2023-12-04T09:25:20+00:00","breadcrumb":{"@id":"https:\/\/www.ipvsl.com\/certificats-i-classificacions\/#breadcrumb"},"inLanguage":"es","potentialAction":[{"@type":"ReadAction","target":["https:\/\/www.ipvsl.com\/certificats-i-classificacions\/"]}]},{"@type":"BreadcrumbList","@id":"https:\/\/www.ipvsl.com\/certificats-i-classificacions\/#breadcrumb","itemListElement":[{"@type":"ListItem","position":1,"name":"Portada","item":"https:\/\/www.ipvsl.com\/"},{"@type":"ListItem","position":2,"name":"Certificats i Classificacions"}]},{"@type":"WebSite","@id":"https:\/\/www.ipvsl.com\/#website","url":"https:\/\/www.ipvsl.com\/","name":"IPV SL","description":"IPV SL","potentialAction":[{"@type":"SearchAction","target":{"@type":"EntryPoint","urlTemplate":"https:\/\/www.ipvsl.com\/?s={search_term_string}"},"query-input":{"@type":"PropertyValueSpecification","valueRequired":true,"valueName":"search_term_string"}}],"inLanguage":"es"}]}},"_links":{"self":[{"href":"https:\/\/www.ipvsl.com\/es\/wp-json\/wp\/v2\/pages\/392","targetHints":{"allow":["GET"]}}],"collection":[{"href":"https:\/\/www.ipvsl.com\/es\/wp-json\/wp\/v2\/pages"}],"about":[{"href":"https:\/\/www.ipvsl.com\/es\/wp-json\/wp\/v2\/types\/page"}],"author":[{"embeddable":true,"href":"https:\/\/www.ipvsl.com\/es\/wp-json\/wp\/v2\/users\/1"}],"replies":[{"embeddable":true,"href":"https:\/\/www.ipvsl.com\/es\/wp-json\/wp\/v2\/comments?post=392"}],"version-history":[{"count":80,"href":"https:\/\/www.ipvsl.com\/es\/wp-json\/wp\/v2\/pages\/392\/revisions"}],"predecessor-version":[{"id":4656,"href":"https:\/\/www.ipvsl.com\/es\/wp-json\/wp\/v2\/pages\/392\/revisions\/4656"}],"wp:attachment":[{"href":"https:\/\/www.ipvsl.com\/es\/wp-json\/wp\/v2\/media?parent=392"}],"curies":[{"name":"wp","href":"https:\/\/api.w.org\/{rel}","templated":true}]}}