{"id":361,"date":"2018-01-04T10:26:38","date_gmt":"2018-01-04T10:26:38","guid":{"rendered":"http:\/\/www.ipvsl.com\/new\/?page_id=361"},"modified":"2018-03-27T15:08:43","modified_gmt":"2018-03-27T15:08:43","slug":"sistemes-termics","status":"publish","type":"page","link":"https:\/\/www.ipvsl.com\/es\/sistemes-termics\/","title":{"rendered":"Sistemas t\u00e9rmicos"},"content":{"rendered":"\n    <div class=\"col-xs-12\" >\n        <p><br \/><\/p><h1>Sistemas t\u00e9rmicos<\/h1><p><\/p><p><br \/>La energ\u00eda solar puede aprovecharse para generar electricidad o calor de manera limpia y eficiente. En IPV disponemos de los conocimientos para poder dise\u00f1ar una instalaci\u00f3n de energ\u00eda solar t\u00e9rmica que se ajuste a sus necesidades. Los sistemas termosolares son de gran utilidad para aportar energ\u00eda calor\u00edfica directamente al circuito de agua caliente sanitaria (ACS), permitiendo reducir el consumo energ\u00e9tico.<\/p><img loading=\"lazy\" decoding=\"async\" src=\"https:\/\/www.ipvsl.com\/new\/wp-content\/uploads\/2018\/01\/100_7284-1000x300.jpg\" alt=\"https:\/\/www.ipvsl.com\/new\/wp-content\/uploads\/2018\/01\/100_7284-1000x300.jpg\" width=\"1000\" height=\"300\" \/>    <\/div>\n\n\n\n","protected":false},"excerpt":{"rendered":"<p>Sistemas t\u00e9rmicosLa energ\u00eda solar puede aprovecharse para generar electricidad o calor de manera limpia y eficiente. En IPV disponemos de los conocimientos para poder dise\u00f1ar una instalaci\u00f3n de energ\u00eda solar t\u00e9rmica que se ajuste a sus necesidades. Los sistemas termosolares son de gran utilidad para aportar energ\u00eda calor\u00edfica directamente al circuito de agua caliente sanitaria [&hellip;]<\/p>\n","protected":false},"author":1,"featured_media":0,"parent":0,"menu_order":0,"comment_status":"closed","ping_status":"closed","template":"","meta":{"footnotes":""},"class_list":["post-361","page","type-page","status-publish","hentry"],"yoast_head":"<!-- This site is optimized with the Yoast SEO plugin v25.7 - https:\/\/yoast.com\/wordpress\/plugins\/seo\/ -->\n<title>Sistemas t\u00e9rmicos - IPV SL<\/title>\n<meta name=\"robots\" content=\"index, follow, max-snippet:-1, max-image-preview:large, max-video-preview:-1\" \/>\n<link rel=\"canonical\" href=\"https:\/\/www.ipvsl.com\/sistemes-termics\/\" \/>\n<meta property=\"og:locale\" content=\"es_ES\" \/>\n<meta property=\"og:type\" content=\"article\" \/>\n<meta property=\"og:title\" content=\"[:es]Sistemas t\u00e9rmicos[:ca]Sistemes t\u00e8rmics[:] - IPV SL\" \/>\n<meta property=\"og:description\" content=\"Sistemas t\u00e9rmicosLa energ\u00eda solar puede aprovecharse para generar electricidad o calor de manera limpia y eficiente. En IPV disponemos de los conocimientos para poder dise\u00f1ar una instalaci\u00f3n de energ\u00eda solar t\u00e9rmica que se ajuste a sus necesidades. Los sistemas termosolares son de gran utilidad para aportar energ\u00eda calor\u00edfica directamente al circuito de agua caliente sanitaria [&hellip;]\" \/>\n<meta property=\"og:url\" content=\"https:\/\/www.ipvsl.com\/sistemes-termics\/\" \/>\n<meta property=\"og:site_name\" content=\"IPV SL\" \/>\n<meta property=\"article:modified_time\" content=\"2018-03-27T15:08:43+00:00\" \/>\n<meta property=\"og:image\" content=\"http:\/\/www.ipvsl.com\/new\/wp-content\/uploads\/2018\/01\/100_7284-1000x300.jpg\" \/>\n<meta name=\"twitter:card\" content=\"summary_large_image\" \/>\n<meta name=\"twitter:label1\" content=\"Tiempo de lectura\" \/>\n\t<meta name=\"twitter:data1\" content=\"1 minuto\" \/>\n<script type=\"application\/ld+json\" class=\"yoast-schema-graph\">{\"@context\":\"https:\/\/schema.org\",\"@graph\":[{\"@type\":\"WebPage\",\"@id\":\"https:\/\/www.ipvsl.com\/sistemes-termics\/\",\"url\":\"https:\/\/www.ipvsl.com\/sistemes-termics\/\",\"name\":\"[:es]Sistemas t\u00e9rmicos[:ca]Sistemes t\u00e8rmics[:] - IPV SL\",\"isPartOf\":{\"@id\":\"https:\/\/www.ipvsl.com\/#website\"},\"primaryImageOfPage\":{\"@id\":\"https:\/\/www.ipvsl.com\/sistemes-termics\/#primaryimage\"},\"image\":{\"@id\":\"https:\/\/www.ipvsl.com\/sistemes-termics\/#primaryimage\"},\"thumbnailUrl\":\"http:\/\/www.ipvsl.com\/new\/wp-content\/uploads\/2018\/01\/100_7284-1000x300.jpg\",\"datePublished\":\"2018-01-04T10:26:38+00:00\",\"dateModified\":\"2018-03-27T15:08:43+00:00\",\"breadcrumb\":{\"@id\":\"https:\/\/www.ipvsl.com\/sistemes-termics\/#breadcrumb\"},\"inLanguage\":\"es\",\"potentialAction\":[{\"@type\":\"ReadAction\",\"target\":[\"https:\/\/www.ipvsl.com\/sistemes-termics\/\"]}]},{\"@type\":\"ImageObject\",\"inLanguage\":\"es\",\"@id\":\"https:\/\/www.ipvsl.com\/sistemes-termics\/#primaryimage\",\"url\":\"http:\/\/www.ipvsl.com\/new\/wp-content\/uploads\/2018\/01\/100_7284-1000x300.jpg\",\"contentUrl\":\"http:\/\/www.ipvsl.com\/new\/wp-content\/uploads\/2018\/01\/100_7284-1000x300.jpg\"},{\"@type\":\"BreadcrumbList\",\"@id\":\"https:\/\/www.ipvsl.com\/sistemes-termics\/#breadcrumb\",\"itemListElement\":[{\"@type\":\"ListItem\",\"position\":1,\"name\":\"Portada\",\"item\":\"https:\/\/www.ipvsl.com\/\"},{\"@type\":\"ListItem\",\"position\":2,\"name\":\"Sistemes t\u00e8rmics\"}]},{\"@type\":\"WebSite\",\"@id\":\"https:\/\/www.ipvsl.com\/#website\",\"url\":\"https:\/\/www.ipvsl.com\/\",\"name\":\"IPV SL\",\"description\":\"IPV SL\",\"potentialAction\":[{\"@type\":\"SearchAction\",\"target\":{\"@type\":\"EntryPoint\",\"urlTemplate\":\"https:\/\/www.ipvsl.com\/?s={search_term_string}\"},\"query-input\":{\"@type\":\"PropertyValueSpecification\",\"valueRequired\":true,\"valueName\":\"search_term_string\"}}],\"inLanguage\":\"es\"}]}<\/script>\n<!-- \/ Yoast SEO plugin. -->","yoast_head_json":{"title":"[:es]Sistemas t\u00e9rmicos[:ca]Sistemes t\u00e8rmics[:] - IPV SL","robots":{"index":"index","follow":"follow","max-snippet":"max-snippet:-1","max-image-preview":"max-image-preview:large","max-video-preview":"max-video-preview:-1"},"canonical":"https:\/\/www.ipvsl.com\/sistemes-termics\/","og_locale":"es_ES","og_type":"article","og_title":"[:es]Sistemas t\u00e9rmicos[:ca]Sistemes t\u00e8rmics[:] - IPV SL","og_description":"Sistemas t\u00e9rmicosLa energ\u00eda solar puede aprovecharse para generar electricidad o calor de manera limpia y eficiente. En IPV disponemos de los conocimientos para poder dise\u00f1ar una instalaci\u00f3n de energ\u00eda solar t\u00e9rmica que se ajuste a sus necesidades. Los sistemas termosolares son de gran utilidad para aportar energ\u00eda calor\u00edfica directamente al circuito de agua caliente sanitaria [&hellip;]","og_url":"https:\/\/www.ipvsl.com\/sistemes-termics\/","og_site_name":"IPV SL","article_modified_time":"2018-03-27T15:08:43+00:00","og_image":[{"url":"http:\/\/www.ipvsl.com\/new\/wp-content\/uploads\/2018\/01\/100_7284-1000x300.jpg","type":"","width":"","height":""}],"twitter_card":"summary_large_image","twitter_misc":{"Tiempo de lectura":"1 minuto"},"schema":{"@context":"https:\/\/schema.org","@graph":[{"@type":"WebPage","@id":"https:\/\/www.ipvsl.com\/sistemes-termics\/","url":"https:\/\/www.ipvsl.com\/sistemes-termics\/","name":"[:es]Sistemas t\u00e9rmicos[:ca]Sistemes t\u00e8rmics[:] - IPV SL","isPartOf":{"@id":"https:\/\/www.ipvsl.com\/#website"},"primaryImageOfPage":{"@id":"https:\/\/www.ipvsl.com\/sistemes-termics\/#primaryimage"},"image":{"@id":"https:\/\/www.ipvsl.com\/sistemes-termics\/#primaryimage"},"thumbnailUrl":"http:\/\/www.ipvsl.com\/new\/wp-content\/uploads\/2018\/01\/100_7284-1000x300.jpg","datePublished":"2018-01-04T10:26:38+00:00","dateModified":"2018-03-27T15:08:43+00:00","breadcrumb":{"@id":"https:\/\/www.ipvsl.com\/sistemes-termics\/#breadcrumb"},"inLanguage":"es","potentialAction":[{"@type":"ReadAction","target":["https:\/\/www.ipvsl.com\/sistemes-termics\/"]}]},{"@type":"ImageObject","inLanguage":"es","@id":"https:\/\/www.ipvsl.com\/sistemes-termics\/#primaryimage","url":"http:\/\/www.ipvsl.com\/new\/wp-content\/uploads\/2018\/01\/100_7284-1000x300.jpg","contentUrl":"http:\/\/www.ipvsl.com\/new\/wp-content\/uploads\/2018\/01\/100_7284-1000x300.jpg"},{"@type":"BreadcrumbList","@id":"https:\/\/www.ipvsl.com\/sistemes-termics\/#breadcrumb","itemListElement":[{"@type":"ListItem","position":1,"name":"Portada","item":"https:\/\/www.ipvsl.com\/"},{"@type":"ListItem","position":2,"name":"Sistemes t\u00e8rmics"}]},{"@type":"WebSite","@id":"https:\/\/www.ipvsl.com\/#website","url":"https:\/\/www.ipvsl.com\/","name":"IPV SL","description":"IPV SL","potentialAction":[{"@type":"SearchAction","target":{"@type":"EntryPoint","urlTemplate":"https:\/\/www.ipvsl.com\/?s={search_term_string}"},"query-input":{"@type":"PropertyValueSpecification","valueRequired":true,"valueName":"search_term_string"}}],"inLanguage":"es"}]}},"_links":{"self":[{"href":"https:\/\/www.ipvsl.com\/es\/wp-json\/wp\/v2\/pages\/361","targetHints":{"allow":["GET"]}}],"collection":[{"href":"https:\/\/www.ipvsl.com\/es\/wp-json\/wp\/v2\/pages"}],"about":[{"href":"https:\/\/www.ipvsl.com\/es\/wp-json\/wp\/v2\/types\/page"}],"author":[{"embeddable":true,"href":"https:\/\/www.ipvsl.com\/es\/wp-json\/wp\/v2\/users\/1"}],"replies":[{"embeddable":true,"href":"https:\/\/www.ipvsl.com\/es\/wp-json\/wp\/v2\/comments?post=361"}],"version-history":[{"count":12,"href":"https:\/\/www.ipvsl.com\/es\/wp-json\/wp\/v2\/pages\/361\/revisions"}],"predecessor-version":[{"id":1162,"href":"https:\/\/www.ipvsl.com\/es\/wp-json\/wp\/v2\/pages\/361\/revisions\/1162"}],"wp:attachment":[{"href":"https:\/\/www.ipvsl.com\/es\/wp-json\/wp\/v2\/media?parent=361"}],"curies":[{"name":"wp","href":"https:\/\/api.w.org\/{rel}","templated":true}]}}