{"id":354,"date":"2018-01-04T10:23:52","date_gmt":"2018-01-04T10:23:52","guid":{"rendered":"http:\/\/www.ipvsl.com\/new\/?page_id=354"},"modified":"2018-03-27T15:05:16","modified_gmt":"2018-03-27T15:05:16","slug":"parcs-eolics","status":"publish","type":"page","link":"https:\/\/www.ipvsl.com\/es\/parcs-eolics\/","title":{"rendered":"Parques e\u00f3licos"},"content":{"rendered":"\n    <div class=\"col-xs-12\" >\n        <p><br \/><\/p><h1>Parques e\u00f3licos<\/h1><p><\/p><p><br \/>Un parque e\u00f3lico es un lugar, terrestre o mar\u00edtimo, donde hay una agrupaci\u00f3n de aerogeneradores que producen energ\u00eda el\u00e9ctrica. Se encuentra en general en un sitio donde el viento es fuerte y regular.<\/p><p>Las principales partes de una central e\u00f3lica son:<\/p><ul><li><strong>Aerogeneradores<\/strong>: Tipos de aeromotor capaz de aprovechar la energ\u00eda e\u00f3lica para generar electricidad<\/li><li><strong>Centro de control de funcionamiento<\/strong>: Centro donde hay situado un microprocesador que controla y archiva todo lo que pasa: velocidad del viento, direcci\u00f3n del viento, kWh producidos, etc.<\/li><li><strong>Acumuladores el\u00e9ctricos<\/strong>: Garantizan el suministro continuado en las centrales e\u00f3licas no conectadas a la red. Los m\u00e1s utilizados son las bater\u00edas de plomo y \u00e1cido.<\/li><li><strong>Convertidores<\/strong>: Adaptan las caracter\u00edsticas de la corriente generada a lo demandado por el centro de consumo (casa, torre, granja, etc. que lo utilicen). Est\u00e1n formados por transformadores de tensi\u00f3n y transformadores de voltaje.<\/li><li><strong>Central transformadora a media tensi\u00f3n<\/strong>: Transforman la corriente de baja tensi\u00f3n a mediana tensi\u00f3n.<\/li><li><strong>Central transformadora a alta tensi\u00f3n<\/strong>: Transforman la corriente de media tensi\u00f3n a alta tensi\u00f3n.<\/li><li><strong>Red el\u00e9ctrica<\/strong>: Conjunto formado por los cables el\u00e9ctricos y otros componentes que sirven para transportar la corriente el\u00e9ctrica de un sitio a otro.<\/li><\/ul><p>En IPV ofrecemos trabajos de mantenimiento preventivo y correctivo a las subestaciones y centros de transformaci\u00f3n de los parques e\u00f3licos.<\/p><img loading=\"lazy\" decoding=\"async\" src=\"https:\/\/www.ipvsl.com\/new\/wp-content\/uploads\/2018\/01\/aeorgenerador-1000x400.jpg\" alt=\"https:\/\/www.ipvsl.com\/new\/wp-content\/uploads\/2018\/01\/aeorgenerador-1000x400.jpg\" width=\"1000\" height=\"400\" \/>    <\/div>\n\n\n\n","protected":false},"excerpt":{"rendered":"<p>Parques e\u00f3licosUn parque e\u00f3lico es un lugar, terrestre o mar\u00edtimo, donde hay una agrupaci\u00f3n de aerogeneradores que producen energ\u00eda el\u00e9ctrica. Se encuentra en general en un sitio donde el viento es fuerte y regular.Las principales partes de una central e\u00f3lica son:Aerogeneradores: Tipos de aeromotor capaz de aprovechar la energ\u00eda e\u00f3lica para generar electricidadCentro de control [&hellip;]<\/p>\n","protected":false},"author":1,"featured_media":0,"parent":0,"menu_order":0,"comment_status":"closed","ping_status":"closed","template":"","meta":{"footnotes":""},"class_list":["post-354","page","type-page","status-publish","hentry"],"yoast_head":"<!-- This site is optimized with the Yoast SEO plugin v25.7 - https:\/\/yoast.com\/wordpress\/plugins\/seo\/ -->\n<title>Parques e\u00f3licos - IPV SL<\/title>\n<meta name=\"robots\" content=\"index, follow, max-snippet:-1, max-image-preview:large, max-video-preview:-1\" \/>\n<link rel=\"canonical\" href=\"https:\/\/www.ipvsl.com\/parcs-eolics\/\" \/>\n<meta property=\"og:locale\" content=\"es_ES\" \/>\n<meta property=\"og:type\" content=\"article\" \/>\n<meta property=\"og:title\" content=\"[:es]Parques e\u00f3licos[:ca]Parcs e\u00f2lics[:] - IPV SL\" \/>\n<meta property=\"og:description\" content=\"Parques e\u00f3licosUn parque e\u00f3lico es un lugar, terrestre o mar\u00edtimo, donde hay una agrupaci\u00f3n de aerogeneradores que producen energ\u00eda el\u00e9ctrica. Se encuentra en general en un sitio donde el viento es fuerte y regular.Las principales partes de una central e\u00f3lica son:Aerogeneradores: Tipos de aeromotor capaz de aprovechar la energ\u00eda e\u00f3lica para generar electricidadCentro de control [&hellip;]\" \/>\n<meta property=\"og:url\" content=\"https:\/\/www.ipvsl.com\/parcs-eolics\/\" \/>\n<meta property=\"og:site_name\" content=\"IPV SL\" \/>\n<meta property=\"article:modified_time\" content=\"2018-03-27T15:05:16+00:00\" \/>\n<meta property=\"og:image\" content=\"http:\/\/www.ipvsl.com\/new\/wp-content\/uploads\/2018\/01\/aeorgenerador-1000x400.jpg\" \/>\n<meta name=\"twitter:card\" content=\"summary_large_image\" \/>\n<meta name=\"twitter:label1\" content=\"Tiempo de lectura\" \/>\n\t<meta name=\"twitter:data1\" content=\"2 minutos\" \/>\n<script type=\"application\/ld+json\" class=\"yoast-schema-graph\">{\"@context\":\"https:\/\/schema.org\",\"@graph\":[{\"@type\":\"WebPage\",\"@id\":\"https:\/\/www.ipvsl.com\/parcs-eolics\/\",\"url\":\"https:\/\/www.ipvsl.com\/parcs-eolics\/\",\"name\":\"[:es]Parques e\u00f3licos[:ca]Parcs e\u00f2lics[:] - IPV SL\",\"isPartOf\":{\"@id\":\"https:\/\/www.ipvsl.com\/#website\"},\"primaryImageOfPage\":{\"@id\":\"https:\/\/www.ipvsl.com\/parcs-eolics\/#primaryimage\"},\"image\":{\"@id\":\"https:\/\/www.ipvsl.com\/parcs-eolics\/#primaryimage\"},\"thumbnailUrl\":\"http:\/\/www.ipvsl.com\/new\/wp-content\/uploads\/2018\/01\/aeorgenerador-1000x400.jpg\",\"datePublished\":\"2018-01-04T10:23:52+00:00\",\"dateModified\":\"2018-03-27T15:05:16+00:00\",\"breadcrumb\":{\"@id\":\"https:\/\/www.ipvsl.com\/parcs-eolics\/#breadcrumb\"},\"inLanguage\":\"es\",\"potentialAction\":[{\"@type\":\"ReadAction\",\"target\":[\"https:\/\/www.ipvsl.com\/parcs-eolics\/\"]}]},{\"@type\":\"ImageObject\",\"inLanguage\":\"es\",\"@id\":\"https:\/\/www.ipvsl.com\/parcs-eolics\/#primaryimage\",\"url\":\"http:\/\/www.ipvsl.com\/new\/wp-content\/uploads\/2018\/01\/aeorgenerador-1000x400.jpg\",\"contentUrl\":\"http:\/\/www.ipvsl.com\/new\/wp-content\/uploads\/2018\/01\/aeorgenerador-1000x400.jpg\"},{\"@type\":\"BreadcrumbList\",\"@id\":\"https:\/\/www.ipvsl.com\/parcs-eolics\/#breadcrumb\",\"itemListElement\":[{\"@type\":\"ListItem\",\"position\":1,\"name\":\"Portada\",\"item\":\"https:\/\/www.ipvsl.com\/\"},{\"@type\":\"ListItem\",\"position\":2,\"name\":\"Parcs e\u00f2lics\"}]},{\"@type\":\"WebSite\",\"@id\":\"https:\/\/www.ipvsl.com\/#website\",\"url\":\"https:\/\/www.ipvsl.com\/\",\"name\":\"IPV SL\",\"description\":\"IPV SL\",\"potentialAction\":[{\"@type\":\"SearchAction\",\"target\":{\"@type\":\"EntryPoint\",\"urlTemplate\":\"https:\/\/www.ipvsl.com\/?s={search_term_string}\"},\"query-input\":{\"@type\":\"PropertyValueSpecification\",\"valueRequired\":true,\"valueName\":\"search_term_string\"}}],\"inLanguage\":\"es\"}]}<\/script>\n<!-- \/ Yoast SEO plugin. -->","yoast_head_json":{"title":"[:es]Parques e\u00f3licos[:ca]Parcs e\u00f2lics[:] - IPV SL","robots":{"index":"index","follow":"follow","max-snippet":"max-snippet:-1","max-image-preview":"max-image-preview:large","max-video-preview":"max-video-preview:-1"},"canonical":"https:\/\/www.ipvsl.com\/parcs-eolics\/","og_locale":"es_ES","og_type":"article","og_title":"[:es]Parques e\u00f3licos[:ca]Parcs e\u00f2lics[:] - IPV SL","og_description":"Parques e\u00f3licosUn parque e\u00f3lico es un lugar, terrestre o mar\u00edtimo, donde hay una agrupaci\u00f3n de aerogeneradores que producen energ\u00eda el\u00e9ctrica. Se encuentra en general en un sitio donde el viento es fuerte y regular.Las principales partes de una central e\u00f3lica son:Aerogeneradores: Tipos de aeromotor capaz de aprovechar la energ\u00eda e\u00f3lica para generar electricidadCentro de control [&hellip;]","og_url":"https:\/\/www.ipvsl.com\/parcs-eolics\/","og_site_name":"IPV SL","article_modified_time":"2018-03-27T15:05:16+00:00","og_image":[{"url":"http:\/\/www.ipvsl.com\/new\/wp-content\/uploads\/2018\/01\/aeorgenerador-1000x400.jpg","type":"","width":"","height":""}],"twitter_card":"summary_large_image","twitter_misc":{"Tiempo de lectura":"2 minutos"},"schema":{"@context":"https:\/\/schema.org","@graph":[{"@type":"WebPage","@id":"https:\/\/www.ipvsl.com\/parcs-eolics\/","url":"https:\/\/www.ipvsl.com\/parcs-eolics\/","name":"[:es]Parques e\u00f3licos[:ca]Parcs e\u00f2lics[:] - IPV SL","isPartOf":{"@id":"https:\/\/www.ipvsl.com\/#website"},"primaryImageOfPage":{"@id":"https:\/\/www.ipvsl.com\/parcs-eolics\/#primaryimage"},"image":{"@id":"https:\/\/www.ipvsl.com\/parcs-eolics\/#primaryimage"},"thumbnailUrl":"http:\/\/www.ipvsl.com\/new\/wp-content\/uploads\/2018\/01\/aeorgenerador-1000x400.jpg","datePublished":"2018-01-04T10:23:52+00:00","dateModified":"2018-03-27T15:05:16+00:00","breadcrumb":{"@id":"https:\/\/www.ipvsl.com\/parcs-eolics\/#breadcrumb"},"inLanguage":"es","potentialAction":[{"@type":"ReadAction","target":["https:\/\/www.ipvsl.com\/parcs-eolics\/"]}]},{"@type":"ImageObject","inLanguage":"es","@id":"https:\/\/www.ipvsl.com\/parcs-eolics\/#primaryimage","url":"http:\/\/www.ipvsl.com\/new\/wp-content\/uploads\/2018\/01\/aeorgenerador-1000x400.jpg","contentUrl":"http:\/\/www.ipvsl.com\/new\/wp-content\/uploads\/2018\/01\/aeorgenerador-1000x400.jpg"},{"@type":"BreadcrumbList","@id":"https:\/\/www.ipvsl.com\/parcs-eolics\/#breadcrumb","itemListElement":[{"@type":"ListItem","position":1,"name":"Portada","item":"https:\/\/www.ipvsl.com\/"},{"@type":"ListItem","position":2,"name":"Parcs e\u00f2lics"}]},{"@type":"WebSite","@id":"https:\/\/www.ipvsl.com\/#website","url":"https:\/\/www.ipvsl.com\/","name":"IPV SL","description":"IPV SL","potentialAction":[{"@type":"SearchAction","target":{"@type":"EntryPoint","urlTemplate":"https:\/\/www.ipvsl.com\/?s={search_term_string}"},"query-input":{"@type":"PropertyValueSpecification","valueRequired":true,"valueName":"search_term_string"}}],"inLanguage":"es"}]}},"_links":{"self":[{"href":"https:\/\/www.ipvsl.com\/es\/wp-json\/wp\/v2\/pages\/354","targetHints":{"allow":["GET"]}}],"collection":[{"href":"https:\/\/www.ipvsl.com\/es\/wp-json\/wp\/v2\/pages"}],"about":[{"href":"https:\/\/www.ipvsl.com\/es\/wp-json\/wp\/v2\/types\/page"}],"author":[{"embeddable":true,"href":"https:\/\/www.ipvsl.com\/es\/wp-json\/wp\/v2\/users\/1"}],"replies":[{"embeddable":true,"href":"https:\/\/www.ipvsl.com\/es\/wp-json\/wp\/v2\/comments?post=354"}],"version-history":[{"count":11,"href":"https:\/\/www.ipvsl.com\/es\/wp-json\/wp\/v2\/pages\/354\/revisions"}],"predecessor-version":[{"id":1160,"href":"https:\/\/www.ipvsl.com\/es\/wp-json\/wp\/v2\/pages\/354\/revisions\/1160"}],"wp:attachment":[{"href":"https:\/\/www.ipvsl.com\/es\/wp-json\/wp\/v2\/media?parent=354"}],"curies":[{"name":"wp","href":"https:\/\/api.w.org\/{rel}","templated":true}]}}