{"id":347,"date":"2018-01-04T10:18:05","date_gmt":"2018-01-04T10:18:05","guid":{"rendered":"http:\/\/www.ipvsl.com\/new\/?page_id=347"},"modified":"2018-03-27T15:01:13","modified_gmt":"2018-03-27T15:01:13","slug":"fotovoltaica","status":"publish","type":"page","link":"https:\/\/www.ipvsl.com\/es\/fotovoltaica\/","title":{"rendered":"Fotovoltaica"},"content":{"rendered":"\n    <div class=\"col-xs-12\" >\n        <p><br \/><\/p><h1>Fotovoltaica<\/h1><p><\/p><p><br \/>La <strong>energ\u00eda solar fotovoltaica<\/strong> produce electricidad de forma gratuita, obtenida directamente a partir de la radiaci\u00f3n solar mediante paneles fotovoltaicos. Sus principales beneficios son las no emisiones de CO2, gases ni ruidos.<\/p><p>Una de las principales virtudes de la tecnolog\u00eda fotovoltaica es su aspecto modular, pudi\u00e9ndose construir desde peque\u00f1os paneles por tejados a enormes plantas fotovoltaicas.<\/p><p>En una <strong>instalaci\u00f3n aislada<\/strong>, sin acceso a la red el\u00e9ctrica, la electricidad generada se destina al autoconsumo. En este caso ser\u00e1 necesario instalar bater\u00edas al sistema para poder acumular esta energ\u00eda generada y as\u00ed poder consumirla durante la noche.<\/p><p>En cambio, en una <strong>instalaci\u00f3n conectada a la red<\/strong>, la corriente el\u00e9ctrica generada por una instalaci\u00f3n fotovoltaica puede ser vertida a la red el\u00e9ctrica como si fuera una central de producci\u00f3n de energ\u00eda el\u00e9ctrica o, en caso contrario, ser destinada a autoconsumir su propia energ\u00eda y no la de la compa\u00f1\u00eda el\u00e9ctrica.<\/p><p>En IPV, ofrecemos soluciones de dise\u00f1o, ingenier\u00eda b\u00e1sica y de detalle, as\u00ed como la ejecuci\u00f3n de las instalaciones. Somos capaces de ofrecer la mayor soluci\u00f3n t\u00e9cnica y econ\u00f3mica, resolviendo todas las gestiones, tr\u00e1mites y permisos para la puesta en marcha de su instalaci\u00f3n.<\/p><img loading=\"lazy\" decoding=\"async\" src=\"https:\/\/www.ipvsl.com\/new\/wp-content\/uploads\/2018\/01\/Comiols2-1000x300.jpg\" alt=\"https:\/\/www.ipvsl.com\/new\/wp-content\/uploads\/2018\/01\/Comiols2-1000x300.jpg\" width=\"1000\" height=\"300\" \/>    <\/div>\n\n\n\n","protected":false},"excerpt":{"rendered":"<p>FotovoltaicaLa energ\u00eda solar fotovoltaica produce electricidad de forma gratuita, obtenida directamente a partir de la radiaci\u00f3n solar mediante paneles fotovoltaicos. Sus principales beneficios son las no emisiones de CO2, gases ni ruidos.Una de las principales virtudes de la tecnolog\u00eda fotovoltaica es su aspecto modular, pudi\u00e9ndose construir desde peque\u00f1os paneles por tejados a enormes plantas fotovoltaicas.En [&hellip;]<\/p>\n","protected":false},"author":1,"featured_media":0,"parent":0,"menu_order":0,"comment_status":"closed","ping_status":"closed","template":"","meta":{"footnotes":""},"class_list":["post-347","page","type-page","status-publish","hentry"],"yoast_head":"<!-- This site is optimized with the Yoast SEO plugin v25.7 - https:\/\/yoast.com\/wordpress\/plugins\/seo\/ -->\n<title>Fotovoltaica - IPV SL<\/title>\n<meta name=\"robots\" content=\"index, follow, max-snippet:-1, max-image-preview:large, max-video-preview:-1\" \/>\n<link rel=\"canonical\" href=\"https:\/\/www.ipvsl.com\/fotovoltaica\/\" \/>\n<meta property=\"og:locale\" content=\"es_ES\" \/>\n<meta property=\"og:type\" content=\"article\" \/>\n<meta property=\"og:title\" content=\"Fotovoltaica - IPV SL\" \/>\n<meta property=\"og:description\" content=\"FotovoltaicaLa energ\u00eda solar fotovoltaica produce electricidad de forma gratuita, obtenida directamente a partir de la radiaci\u00f3n solar mediante paneles fotovoltaicos. Sus principales beneficios son las no emisiones de CO2, gases ni ruidos.Una de las principales virtudes de la tecnolog\u00eda fotovoltaica es su aspecto modular, pudi\u00e9ndose construir desde peque\u00f1os paneles por tejados a enormes plantas fotovoltaicas.En [&hellip;]\" \/>\n<meta property=\"og:url\" content=\"https:\/\/www.ipvsl.com\/fotovoltaica\/\" \/>\n<meta property=\"og:site_name\" content=\"IPV SL\" \/>\n<meta property=\"article:modified_time\" content=\"2018-03-27T15:01:13+00:00\" \/>\n<meta property=\"og:image\" content=\"http:\/\/www.ipvsl.com\/new\/wp-content\/uploads\/2018\/01\/Comiols2-1000x300.jpg\" \/>\n<meta name=\"twitter:card\" content=\"summary_large_image\" \/>\n<meta name=\"twitter:label1\" content=\"Tiempo de lectura\" \/>\n\t<meta name=\"twitter:data1\" content=\"2 minutos\" \/>\n<script type=\"application\/ld+json\" class=\"yoast-schema-graph\">{\"@context\":\"https:\/\/schema.org\",\"@graph\":[{\"@type\":\"WebPage\",\"@id\":\"https:\/\/www.ipvsl.com\/fotovoltaica\/\",\"url\":\"https:\/\/www.ipvsl.com\/fotovoltaica\/\",\"name\":\"Fotovoltaica - IPV SL\",\"isPartOf\":{\"@id\":\"https:\/\/www.ipvsl.com\/#website\"},\"primaryImageOfPage\":{\"@id\":\"https:\/\/www.ipvsl.com\/fotovoltaica\/#primaryimage\"},\"image\":{\"@id\":\"https:\/\/www.ipvsl.com\/fotovoltaica\/#primaryimage\"},\"thumbnailUrl\":\"http:\/\/www.ipvsl.com\/new\/wp-content\/uploads\/2018\/01\/Comiols2-1000x300.jpg\",\"datePublished\":\"2018-01-04T10:18:05+00:00\",\"dateModified\":\"2018-03-27T15:01:13+00:00\",\"breadcrumb\":{\"@id\":\"https:\/\/www.ipvsl.com\/fotovoltaica\/#breadcrumb\"},\"inLanguage\":\"es\",\"potentialAction\":[{\"@type\":\"ReadAction\",\"target\":[\"https:\/\/www.ipvsl.com\/fotovoltaica\/\"]}]},{\"@type\":\"ImageObject\",\"inLanguage\":\"es\",\"@id\":\"https:\/\/www.ipvsl.com\/fotovoltaica\/#primaryimage\",\"url\":\"http:\/\/www.ipvsl.com\/new\/wp-content\/uploads\/2018\/01\/Comiols2-1000x300.jpg\",\"contentUrl\":\"http:\/\/www.ipvsl.com\/new\/wp-content\/uploads\/2018\/01\/Comiols2-1000x300.jpg\"},{\"@type\":\"BreadcrumbList\",\"@id\":\"https:\/\/www.ipvsl.com\/fotovoltaica\/#breadcrumb\",\"itemListElement\":[{\"@type\":\"ListItem\",\"position\":1,\"name\":\"Portada\",\"item\":\"https:\/\/www.ipvsl.com\/\"},{\"@type\":\"ListItem\",\"position\":2,\"name\":\"Fotovoltaica\"}]},{\"@type\":\"WebSite\",\"@id\":\"https:\/\/www.ipvsl.com\/#website\",\"url\":\"https:\/\/www.ipvsl.com\/\",\"name\":\"IPV SL\",\"description\":\"IPV SL\",\"potentialAction\":[{\"@type\":\"SearchAction\",\"target\":{\"@type\":\"EntryPoint\",\"urlTemplate\":\"https:\/\/www.ipvsl.com\/?s={search_term_string}\"},\"query-input\":{\"@type\":\"PropertyValueSpecification\",\"valueRequired\":true,\"valueName\":\"search_term_string\"}}],\"inLanguage\":\"es\"}]}<\/script>\n<!-- \/ Yoast SEO plugin. -->","yoast_head_json":{"title":"Fotovoltaica - IPV SL","robots":{"index":"index","follow":"follow","max-snippet":"max-snippet:-1","max-image-preview":"max-image-preview:large","max-video-preview":"max-video-preview:-1"},"canonical":"https:\/\/www.ipvsl.com\/fotovoltaica\/","og_locale":"es_ES","og_type":"article","og_title":"Fotovoltaica - IPV SL","og_description":"FotovoltaicaLa energ\u00eda solar fotovoltaica produce electricidad de forma gratuita, obtenida directamente a partir de la radiaci\u00f3n solar mediante paneles fotovoltaicos. Sus principales beneficios son las no emisiones de CO2, gases ni ruidos.Una de las principales virtudes de la tecnolog\u00eda fotovoltaica es su aspecto modular, pudi\u00e9ndose construir desde peque\u00f1os paneles por tejados a enormes plantas fotovoltaicas.En [&hellip;]","og_url":"https:\/\/www.ipvsl.com\/fotovoltaica\/","og_site_name":"IPV SL","article_modified_time":"2018-03-27T15:01:13+00:00","og_image":[{"url":"http:\/\/www.ipvsl.com\/new\/wp-content\/uploads\/2018\/01\/Comiols2-1000x300.jpg","type":"","width":"","height":""}],"twitter_card":"summary_large_image","twitter_misc":{"Tiempo de lectura":"2 minutos"},"schema":{"@context":"https:\/\/schema.org","@graph":[{"@type":"WebPage","@id":"https:\/\/www.ipvsl.com\/fotovoltaica\/","url":"https:\/\/www.ipvsl.com\/fotovoltaica\/","name":"Fotovoltaica - IPV SL","isPartOf":{"@id":"https:\/\/www.ipvsl.com\/#website"},"primaryImageOfPage":{"@id":"https:\/\/www.ipvsl.com\/fotovoltaica\/#primaryimage"},"image":{"@id":"https:\/\/www.ipvsl.com\/fotovoltaica\/#primaryimage"},"thumbnailUrl":"http:\/\/www.ipvsl.com\/new\/wp-content\/uploads\/2018\/01\/Comiols2-1000x300.jpg","datePublished":"2018-01-04T10:18:05+00:00","dateModified":"2018-03-27T15:01:13+00:00","breadcrumb":{"@id":"https:\/\/www.ipvsl.com\/fotovoltaica\/#breadcrumb"},"inLanguage":"es","potentialAction":[{"@type":"ReadAction","target":["https:\/\/www.ipvsl.com\/fotovoltaica\/"]}]},{"@type":"ImageObject","inLanguage":"es","@id":"https:\/\/www.ipvsl.com\/fotovoltaica\/#primaryimage","url":"http:\/\/www.ipvsl.com\/new\/wp-content\/uploads\/2018\/01\/Comiols2-1000x300.jpg","contentUrl":"http:\/\/www.ipvsl.com\/new\/wp-content\/uploads\/2018\/01\/Comiols2-1000x300.jpg"},{"@type":"BreadcrumbList","@id":"https:\/\/www.ipvsl.com\/fotovoltaica\/#breadcrumb","itemListElement":[{"@type":"ListItem","position":1,"name":"Portada","item":"https:\/\/www.ipvsl.com\/"},{"@type":"ListItem","position":2,"name":"Fotovoltaica"}]},{"@type":"WebSite","@id":"https:\/\/www.ipvsl.com\/#website","url":"https:\/\/www.ipvsl.com\/","name":"IPV SL","description":"IPV SL","potentialAction":[{"@type":"SearchAction","target":{"@type":"EntryPoint","urlTemplate":"https:\/\/www.ipvsl.com\/?s={search_term_string}"},"query-input":{"@type":"PropertyValueSpecification","valueRequired":true,"valueName":"search_term_string"}}],"inLanguage":"es"}]}},"_links":{"self":[{"href":"https:\/\/www.ipvsl.com\/es\/wp-json\/wp\/v2\/pages\/347","targetHints":{"allow":["GET"]}}],"collection":[{"href":"https:\/\/www.ipvsl.com\/es\/wp-json\/wp\/v2\/pages"}],"about":[{"href":"https:\/\/www.ipvsl.com\/es\/wp-json\/wp\/v2\/types\/page"}],"author":[{"embeddable":true,"href":"https:\/\/www.ipvsl.com\/es\/wp-json\/wp\/v2\/users\/1"}],"replies":[{"embeddable":true,"href":"https:\/\/www.ipvsl.com\/es\/wp-json\/wp\/v2\/comments?post=347"}],"version-history":[{"count":13,"href":"https:\/\/www.ipvsl.com\/es\/wp-json\/wp\/v2\/pages\/347\/revisions"}],"predecessor-version":[{"id":1159,"href":"https:\/\/www.ipvsl.com\/es\/wp-json\/wp\/v2\/pages\/347\/revisions\/1159"}],"wp:attachment":[{"href":"https:\/\/www.ipvsl.com\/es\/wp-json\/wp\/v2\/media?parent=347"}],"curies":[{"name":"wp","href":"https:\/\/api.w.org\/{rel}","templated":true}]}}