{"id":340,"date":"2018-01-04T10:15:42","date_gmt":"2018-01-04T10:15:42","guid":{"rendered":"http:\/\/www.ipvsl.com\/new\/?page_id=340"},"modified":"2018-03-26T11:58:30","modified_gmt":"2018-03-26T11:58:30","slug":"renovables","status":"publish","type":"page","link":"https:\/\/www.ipvsl.com\/es\/renovables\/","title":{"rendered":"Renovables"},"content":{"rendered":"<p>\n    <div class=\"col-xs-12 col-md-8\" >\n        <h1>Renovables<\/h1><p><\/p><p>IPV ofrece una gran experiencia en el sector de las energ\u00edas renovables, aportando soluciones integrales en todo tipo de proyectos, ya sea en el sector p\u00fablico, privado o industrial.<\/p><img loading=\"lazy\" decoding=\"async\" src=\"https:\/\/www.ipvsl.com\/new\/wp-content\/uploads\/2018\/01\/energia-renovable-sustentable-1000x300.jpg\" alt=\"https:\/\/www.ipvsl.com\/new\/wp-content\/uploads\/2018\/01\/energia-renovable-sustentable-1000x300.jpg\" width=\"1000\" height=\"300\" \/>    <\/div>\n\n\n\n    <div class=\"col-xs-12 col-sm-6 col-md-4 text-center\" >\n        <p><br \/><\/p><h2 style=\"text-align: center;\">Accede<\/h2><ul style=\"line-height: 200%;\"><li style=\"text-align: left;\"><a href=\"http:\/\/www.ipvsl.com\/new\/es\/manteniments\/\">Mantenimentos<\/a><\/li><li style=\"text-align: left;\"><a href=\"http:\/\/www.ipvsl.com\/new\/es\/fotovoltaica\/\">Fotovoltaicas<br \/><\/a><\/li><li style=\"text-align: left;\"><a href=\"http:\/\/www.ipvsl.com\/new\/es\/parcs-eolics\/\">Parques e\u00f3licos<br \/><\/a><\/li><\/ul><p><\/p>    <\/div>\n\n\n<\/p>\n","protected":false},"excerpt":{"rendered":"<p>RenovablesIPV ofrece una gran experiencia en el sector de las energ\u00edas renovables, aportando soluciones integrales en todo tipo de proyectos, ya sea en el sector p\u00fablico, privado o industrial. AccedeMantenimentosFotovoltaicasParques e\u00f3licos<\/p>\n","protected":false},"author":1,"featured_media":0,"parent":0,"menu_order":0,"comment_status":"closed","ping_status":"closed","template":"","meta":{"footnotes":""},"class_list":["post-340","page","type-page","status-publish","hentry"],"yoast_head":"<!-- This site is optimized with the Yoast SEO plugin v25.7 - https:\/\/yoast.com\/wordpress\/plugins\/seo\/ -->\n<title>Renovables - IPV SL<\/title>\n<meta name=\"robots\" content=\"index, follow, max-snippet:-1, max-image-preview:large, max-video-preview:-1\" \/>\n<link rel=\"canonical\" href=\"https:\/\/www.ipvsl.com\/renovables\/\" \/>\n<meta property=\"og:locale\" content=\"es_ES\" \/>\n<meta property=\"og:type\" content=\"article\" \/>\n<meta property=\"og:title\" content=\"Renovables - IPV SL\" \/>\n<meta property=\"og:description\" content=\"RenovablesIPV ofrece una gran experiencia en el sector de las energ\u00edas renovables, aportando soluciones integrales en todo tipo de proyectos, ya sea en el sector p\u00fablico, privado o industrial. AccedeMantenimentosFotovoltaicasParques e\u00f3licos\" \/>\n<meta property=\"og:url\" content=\"https:\/\/www.ipvsl.com\/renovables\/\" \/>\n<meta property=\"og:site_name\" content=\"IPV SL\" \/>\n<meta property=\"article:modified_time\" content=\"2018-03-26T11:58:30+00:00\" \/>\n<meta property=\"og:image\" content=\"http:\/\/www.ipvsl.com\/new\/wp-content\/uploads\/2018\/01\/energia-renovable-sustentable-1000x300.jpg\" \/>\n<meta name=\"twitter:card\" content=\"summary_large_image\" \/>\n<script type=\"application\/ld+json\" class=\"yoast-schema-graph\">{\"@context\":\"https:\/\/schema.org\",\"@graph\":[{\"@type\":\"WebPage\",\"@id\":\"https:\/\/www.ipvsl.com\/renovables\/\",\"url\":\"https:\/\/www.ipvsl.com\/renovables\/\",\"name\":\"Renovables - IPV SL\",\"isPartOf\":{\"@id\":\"https:\/\/www.ipvsl.com\/#website\"},\"primaryImageOfPage\":{\"@id\":\"https:\/\/www.ipvsl.com\/renovables\/#primaryimage\"},\"image\":{\"@id\":\"https:\/\/www.ipvsl.com\/renovables\/#primaryimage\"},\"thumbnailUrl\":\"http:\/\/www.ipvsl.com\/new\/wp-content\/uploads\/2018\/01\/energia-renovable-sustentable-1000x300.jpg\",\"datePublished\":\"2018-01-04T10:15:42+00:00\",\"dateModified\":\"2018-03-26T11:58:30+00:00\",\"breadcrumb\":{\"@id\":\"https:\/\/www.ipvsl.com\/renovables\/#breadcrumb\"},\"inLanguage\":\"es\",\"potentialAction\":[{\"@type\":\"ReadAction\",\"target\":[\"https:\/\/www.ipvsl.com\/renovables\/\"]}]},{\"@type\":\"ImageObject\",\"inLanguage\":\"es\",\"@id\":\"https:\/\/www.ipvsl.com\/renovables\/#primaryimage\",\"url\":\"http:\/\/www.ipvsl.com\/new\/wp-content\/uploads\/2018\/01\/energia-renovable-sustentable-1000x300.jpg\",\"contentUrl\":\"http:\/\/www.ipvsl.com\/new\/wp-content\/uploads\/2018\/01\/energia-renovable-sustentable-1000x300.jpg\"},{\"@type\":\"BreadcrumbList\",\"@id\":\"https:\/\/www.ipvsl.com\/renovables\/#breadcrumb\",\"itemListElement\":[{\"@type\":\"ListItem\",\"position\":1,\"name\":\"Portada\",\"item\":\"https:\/\/www.ipvsl.com\/\"},{\"@type\":\"ListItem\",\"position\":2,\"name\":\"Renovables\"}]},{\"@type\":\"WebSite\",\"@id\":\"https:\/\/www.ipvsl.com\/#website\",\"url\":\"https:\/\/www.ipvsl.com\/\",\"name\":\"IPV SL\",\"description\":\"IPV SL\",\"potentialAction\":[{\"@type\":\"SearchAction\",\"target\":{\"@type\":\"EntryPoint\",\"urlTemplate\":\"https:\/\/www.ipvsl.com\/?s={search_term_string}\"},\"query-input\":{\"@type\":\"PropertyValueSpecification\",\"valueRequired\":true,\"valueName\":\"search_term_string\"}}],\"inLanguage\":\"es\"}]}<\/script>\n<!-- \/ Yoast SEO plugin. -->","yoast_head_json":{"title":"Renovables - IPV SL","robots":{"index":"index","follow":"follow","max-snippet":"max-snippet:-1","max-image-preview":"max-image-preview:large","max-video-preview":"max-video-preview:-1"},"canonical":"https:\/\/www.ipvsl.com\/renovables\/","og_locale":"es_ES","og_type":"article","og_title":"Renovables - IPV SL","og_description":"RenovablesIPV ofrece una gran experiencia en el sector de las energ\u00edas renovables, aportando soluciones integrales en todo tipo de proyectos, ya sea en el sector p\u00fablico, privado o industrial. AccedeMantenimentosFotovoltaicasParques e\u00f3licos","og_url":"https:\/\/www.ipvsl.com\/renovables\/","og_site_name":"IPV SL","article_modified_time":"2018-03-26T11:58:30+00:00","og_image":[{"url":"http:\/\/www.ipvsl.com\/new\/wp-content\/uploads\/2018\/01\/energia-renovable-sustentable-1000x300.jpg","type":"","width":"","height":""}],"twitter_card":"summary_large_image","schema":{"@context":"https:\/\/schema.org","@graph":[{"@type":"WebPage","@id":"https:\/\/www.ipvsl.com\/renovables\/","url":"https:\/\/www.ipvsl.com\/renovables\/","name":"Renovables - IPV SL","isPartOf":{"@id":"https:\/\/www.ipvsl.com\/#website"},"primaryImageOfPage":{"@id":"https:\/\/www.ipvsl.com\/renovables\/#primaryimage"},"image":{"@id":"https:\/\/www.ipvsl.com\/renovables\/#primaryimage"},"thumbnailUrl":"http:\/\/www.ipvsl.com\/new\/wp-content\/uploads\/2018\/01\/energia-renovable-sustentable-1000x300.jpg","datePublished":"2018-01-04T10:15:42+00:00","dateModified":"2018-03-26T11:58:30+00:00","breadcrumb":{"@id":"https:\/\/www.ipvsl.com\/renovables\/#breadcrumb"},"inLanguage":"es","potentialAction":[{"@type":"ReadAction","target":["https:\/\/www.ipvsl.com\/renovables\/"]}]},{"@type":"ImageObject","inLanguage":"es","@id":"https:\/\/www.ipvsl.com\/renovables\/#primaryimage","url":"http:\/\/www.ipvsl.com\/new\/wp-content\/uploads\/2018\/01\/energia-renovable-sustentable-1000x300.jpg","contentUrl":"http:\/\/www.ipvsl.com\/new\/wp-content\/uploads\/2018\/01\/energia-renovable-sustentable-1000x300.jpg"},{"@type":"BreadcrumbList","@id":"https:\/\/www.ipvsl.com\/renovables\/#breadcrumb","itemListElement":[{"@type":"ListItem","position":1,"name":"Portada","item":"https:\/\/www.ipvsl.com\/"},{"@type":"ListItem","position":2,"name":"Renovables"}]},{"@type":"WebSite","@id":"https:\/\/www.ipvsl.com\/#website","url":"https:\/\/www.ipvsl.com\/","name":"IPV SL","description":"IPV SL","potentialAction":[{"@type":"SearchAction","target":{"@type":"EntryPoint","urlTemplate":"https:\/\/www.ipvsl.com\/?s={search_term_string}"},"query-input":{"@type":"PropertyValueSpecification","valueRequired":true,"valueName":"search_term_string"}}],"inLanguage":"es"}]}},"_links":{"self":[{"href":"https:\/\/www.ipvsl.com\/es\/wp-json\/wp\/v2\/pages\/340","targetHints":{"allow":["GET"]}}],"collection":[{"href":"https:\/\/www.ipvsl.com\/es\/wp-json\/wp\/v2\/pages"}],"about":[{"href":"https:\/\/www.ipvsl.com\/es\/wp-json\/wp\/v2\/types\/page"}],"author":[{"embeddable":true,"href":"https:\/\/www.ipvsl.com\/es\/wp-json\/wp\/v2\/users\/1"}],"replies":[{"embeddable":true,"href":"https:\/\/www.ipvsl.com\/es\/wp-json\/wp\/v2\/comments?post=340"}],"version-history":[{"count":10,"href":"https:\/\/www.ipvsl.com\/es\/wp-json\/wp\/v2\/pages\/340\/revisions"}],"predecessor-version":[{"id":1130,"href":"https:\/\/www.ipvsl.com\/es\/wp-json\/wp\/v2\/pages\/340\/revisions\/1130"}],"wp:attachment":[{"href":"https:\/\/www.ipvsl.com\/es\/wp-json\/wp\/v2\/media?parent=340"}],"curies":[{"name":"wp","href":"https:\/\/api.w.org\/{rel}","templated":true}]}}