{"id":310,"date":"2018-01-04T09:55:23","date_gmt":"2018-01-04T09:55:23","guid":{"rendered":"http:\/\/www.ipvsl.com\/new\/?page_id=310"},"modified":"2018-03-25T18:51:10","modified_gmt":"2018-03-25T18:51:10","slug":"instal%c2%b7lacions-at-i-mt","status":"publish","type":"page","link":"https:\/\/www.ipvsl.com\/es\/instal%c2%b7lacions-at-i-mt\/","title":{"rendered":"Instalaciones AT i MT"},"content":{"rendered":"\n    <div class=\"col-xs-12\" >\n        <p><br \/><\/p><h1>Instalaciones AT i MT<\/h1><p><\/p><p><br \/><strong>Pruebas en interruptores<\/strong><\/p><ul><li>Medida de la resistencia de aislamiento entre c\u00e1maras y entre c\u00e1maras y suelo.<\/li><li>Medida de las resistencias de contacto de cada uno de los polos.<\/li><li>Control del nivel del medio de extinci\u00f3n del arco.<\/li><li>Comprobaci\u00f3n de la actuaci\u00f3n de la bobina de desconexi\u00f3n.<\/li><\/ul><p><strong>Pruebas en Rel\u00e9s<\/strong><\/p><ul><li>Simulaci\u00f3n de defectos y an\u00e1lisis de respuesta.<\/li><li>Revisi\u00f3n de las conexiones, elementos de se\u00f1alizaci\u00f3n, pulsadores, etc.<\/li><li>An\u00e1lisis del ajuste de la protecci\u00f3n.<\/li><\/ul><p><strong>Transformadores<\/strong><\/p><ul><li>Medida de la resistencia de aislamiento.<\/li><li>Verificaci\u00f3n de la actuaci\u00f3n de term\u00f3metros.<\/li><li>Diagn\u00f3stico hacia la ventilaci\u00f3n, sistemas de extinci\u00f3n de incendios, etc.<\/li><\/ul><p><strong>Redes de tierras<\/strong><\/p><ul><li>An\u00e1lisis de la instalaci\u00f3n de la red de puesta a tierra.<\/li><li>Medida del valor de la resistencia de puesta a tierra de protecci\u00f3n y de neutro<\/li><\/ul><p><\/p><img loading=\"lazy\" decoding=\"async\" src=\"https:\/\/www.ipvsl.com\/new\/wp-content\/uploads\/2018\/01\/american-public-power-association-430857-1000x400.jpg\" alt=\"https:\/\/www.ipvsl.com\/new\/wp-content\/uploads\/2018\/01\/american-public-power-association-430857-1000x400.jpg\" width=\"1000\" height=\"400\" \/>    <\/div>\n\n\n\n","protected":false},"excerpt":{"rendered":"<p>Instalaciones AT i MTPruebas en interruptoresMedida de la resistencia de aislamiento entre c\u00e1maras y entre c\u00e1maras y suelo.Medida de las resistencias de contacto de cada uno de los polos.Control del nivel del medio de extinci\u00f3n del arco.Comprobaci\u00f3n de la actuaci\u00f3n de la bobina de desconexi\u00f3n.Pruebas en Rel\u00e9sSimulaci\u00f3n de defectos y an\u00e1lisis de respuesta.Revisi\u00f3n de las [&hellip;]<\/p>\n","protected":false},"author":1,"featured_media":0,"parent":0,"menu_order":0,"comment_status":"closed","ping_status":"closed","template":"","meta":{"footnotes":""},"class_list":["post-310","page","type-page","status-publish","hentry"],"yoast_head":"<!-- This site is optimized with the Yoast SEO plugin v25.7 - https:\/\/yoast.com\/wordpress\/plugins\/seo\/ -->\n<title>Instalaciones AT i MT - IPV SL<\/title>\n<meta name=\"robots\" content=\"index, follow, max-snippet:-1, max-image-preview:large, max-video-preview:-1\" \/>\n<link rel=\"canonical\" href=\"https:\/\/www.ipvsl.com\/es\/instal\u00b7lacions-at-i-mt\/\" \/>\n<meta property=\"og:locale\" content=\"es_ES\" \/>\n<meta property=\"og:type\" content=\"article\" \/>\n<meta property=\"og:title\" content=\"[:es]Instalaciones AT i MT[:ca]Instal\u00b7lacions AT i MT[:] - IPV SL\" \/>\n<meta property=\"og:description\" content=\"Instalaciones AT i MTPruebas en interruptoresMedida de la resistencia de aislamiento entre c\u00e1maras y entre c\u00e1maras y suelo.Medida de las resistencias de contacto de cada uno de los polos.Control del nivel del medio de extinci\u00f3n del arco.Comprobaci\u00f3n de la actuaci\u00f3n de la bobina de desconexi\u00f3n.Pruebas en Rel\u00e9sSimulaci\u00f3n de defectos y an\u00e1lisis de respuesta.Revisi\u00f3n de las [&hellip;]\" \/>\n<meta property=\"og:url\" content=\"https:\/\/www.ipvsl.com\/es\/instal\u00b7lacions-at-i-mt\/\" \/>\n<meta property=\"og:site_name\" content=\"IPV SL\" \/>\n<meta property=\"article:modified_time\" content=\"2018-03-25T18:51:10+00:00\" \/>\n<meta property=\"og:image\" content=\"http:\/\/www.ipvsl.com\/new\/wp-content\/uploads\/2018\/01\/american-public-power-association-430857-1000x400.jpg\" \/>\n<meta name=\"twitter:card\" content=\"summary_large_image\" \/>\n<meta name=\"twitter:label1\" content=\"Tiempo de lectura\" \/>\n\t<meta name=\"twitter:data1\" content=\"1 minuto\" \/>\n<script type=\"application\/ld+json\" class=\"yoast-schema-graph\">{\"@context\":\"https:\/\/schema.org\",\"@graph\":[{\"@type\":\"WebPage\",\"@id\":\"https:\/\/www.ipvsl.com\/es\/instal%c2%b7lacions-at-i-mt\/\",\"url\":\"https:\/\/www.ipvsl.com\/es\/instal%c2%b7lacions-at-i-mt\/\",\"name\":\"[:es]Instalaciones AT i MT[:ca]Instal\u00b7lacions AT i MT[:] - IPV SL\",\"isPartOf\":{\"@id\":\"https:\/\/www.ipvsl.com\/#website\"},\"primaryImageOfPage\":{\"@id\":\"https:\/\/www.ipvsl.com\/es\/instal%c2%b7lacions-at-i-mt\/#primaryimage\"},\"image\":{\"@id\":\"https:\/\/www.ipvsl.com\/es\/instal%c2%b7lacions-at-i-mt\/#primaryimage\"},\"thumbnailUrl\":\"http:\/\/www.ipvsl.com\/new\/wp-content\/uploads\/2018\/01\/american-public-power-association-430857-1000x400.jpg\",\"datePublished\":\"2018-01-04T09:55:23+00:00\",\"dateModified\":\"2018-03-25T18:51:10+00:00\",\"breadcrumb\":{\"@id\":\"https:\/\/www.ipvsl.com\/es\/instal%c2%b7lacions-at-i-mt\/#breadcrumb\"},\"inLanguage\":\"es\",\"potentialAction\":[{\"@type\":\"ReadAction\",\"target\":[\"https:\/\/www.ipvsl.com\/es\/instal%c2%b7lacions-at-i-mt\/\"]}]},{\"@type\":\"ImageObject\",\"inLanguage\":\"es\",\"@id\":\"https:\/\/www.ipvsl.com\/es\/instal%c2%b7lacions-at-i-mt\/#primaryimage\",\"url\":\"http:\/\/www.ipvsl.com\/new\/wp-content\/uploads\/2018\/01\/american-public-power-association-430857-1000x400.jpg\",\"contentUrl\":\"http:\/\/www.ipvsl.com\/new\/wp-content\/uploads\/2018\/01\/american-public-power-association-430857-1000x400.jpg\"},{\"@type\":\"BreadcrumbList\",\"@id\":\"https:\/\/www.ipvsl.com\/es\/instal%c2%b7lacions-at-i-mt\/#breadcrumb\",\"itemListElement\":[{\"@type\":\"ListItem\",\"position\":1,\"name\":\"Portada\",\"item\":\"https:\/\/www.ipvsl.com\/\"},{\"@type\":\"ListItem\",\"position\":2,\"name\":\"Instalaciones AT i MT\"}]},{\"@type\":\"WebSite\",\"@id\":\"https:\/\/www.ipvsl.com\/#website\",\"url\":\"https:\/\/www.ipvsl.com\/\",\"name\":\"IPV SL\",\"description\":\"IPV SL\",\"potentialAction\":[{\"@type\":\"SearchAction\",\"target\":{\"@type\":\"EntryPoint\",\"urlTemplate\":\"https:\/\/www.ipvsl.com\/?s={search_term_string}\"},\"query-input\":{\"@type\":\"PropertyValueSpecification\",\"valueRequired\":true,\"valueName\":\"search_term_string\"}}],\"inLanguage\":\"es\"}]}<\/script>\n<!-- \/ Yoast SEO plugin. -->","yoast_head_json":{"title":"[:es]Instalaciones AT i MT[:ca]Instal\u00b7lacions AT i MT[:] - IPV SL","robots":{"index":"index","follow":"follow","max-snippet":"max-snippet:-1","max-image-preview":"max-image-preview:large","max-video-preview":"max-video-preview:-1"},"canonical":"https:\/\/www.ipvsl.com\/es\/instal\u00b7lacions-at-i-mt\/","og_locale":"es_ES","og_type":"article","og_title":"[:es]Instalaciones AT i MT[:ca]Instal\u00b7lacions AT i MT[:] - IPV SL","og_description":"Instalaciones AT i MTPruebas en interruptoresMedida de la resistencia de aislamiento entre c\u00e1maras y entre c\u00e1maras y suelo.Medida de las resistencias de contacto de cada uno de los polos.Control del nivel del medio de extinci\u00f3n del arco.Comprobaci\u00f3n de la actuaci\u00f3n de la bobina de desconexi\u00f3n.Pruebas en Rel\u00e9sSimulaci\u00f3n de defectos y an\u00e1lisis de respuesta.Revisi\u00f3n de las [&hellip;]","og_url":"https:\/\/www.ipvsl.com\/es\/instal\u00b7lacions-at-i-mt\/","og_site_name":"IPV SL","article_modified_time":"2018-03-25T18:51:10+00:00","og_image":[{"url":"http:\/\/www.ipvsl.com\/new\/wp-content\/uploads\/2018\/01\/american-public-power-association-430857-1000x400.jpg","type":"","width":"","height":""}],"twitter_card":"summary_large_image","twitter_misc":{"Tiempo de lectura":"1 minuto"},"schema":{"@context":"https:\/\/schema.org","@graph":[{"@type":"WebPage","@id":"https:\/\/www.ipvsl.com\/es\/instal%c2%b7lacions-at-i-mt\/","url":"https:\/\/www.ipvsl.com\/es\/instal%c2%b7lacions-at-i-mt\/","name":"[:es]Instalaciones AT i MT[:ca]Instal\u00b7lacions AT i MT[:] - IPV SL","isPartOf":{"@id":"https:\/\/www.ipvsl.com\/#website"},"primaryImageOfPage":{"@id":"https:\/\/www.ipvsl.com\/es\/instal%c2%b7lacions-at-i-mt\/#primaryimage"},"image":{"@id":"https:\/\/www.ipvsl.com\/es\/instal%c2%b7lacions-at-i-mt\/#primaryimage"},"thumbnailUrl":"http:\/\/www.ipvsl.com\/new\/wp-content\/uploads\/2018\/01\/american-public-power-association-430857-1000x400.jpg","datePublished":"2018-01-04T09:55:23+00:00","dateModified":"2018-03-25T18:51:10+00:00","breadcrumb":{"@id":"https:\/\/www.ipvsl.com\/es\/instal%c2%b7lacions-at-i-mt\/#breadcrumb"},"inLanguage":"es","potentialAction":[{"@type":"ReadAction","target":["https:\/\/www.ipvsl.com\/es\/instal%c2%b7lacions-at-i-mt\/"]}]},{"@type":"ImageObject","inLanguage":"es","@id":"https:\/\/www.ipvsl.com\/es\/instal%c2%b7lacions-at-i-mt\/#primaryimage","url":"http:\/\/www.ipvsl.com\/new\/wp-content\/uploads\/2018\/01\/american-public-power-association-430857-1000x400.jpg","contentUrl":"http:\/\/www.ipvsl.com\/new\/wp-content\/uploads\/2018\/01\/american-public-power-association-430857-1000x400.jpg"},{"@type":"BreadcrumbList","@id":"https:\/\/www.ipvsl.com\/es\/instal%c2%b7lacions-at-i-mt\/#breadcrumb","itemListElement":[{"@type":"ListItem","position":1,"name":"Portada","item":"https:\/\/www.ipvsl.com\/"},{"@type":"ListItem","position":2,"name":"Instalaciones AT i MT"}]},{"@type":"WebSite","@id":"https:\/\/www.ipvsl.com\/#website","url":"https:\/\/www.ipvsl.com\/","name":"IPV SL","description":"IPV SL","potentialAction":[{"@type":"SearchAction","target":{"@type":"EntryPoint","urlTemplate":"https:\/\/www.ipvsl.com\/?s={search_term_string}"},"query-input":{"@type":"PropertyValueSpecification","valueRequired":true,"valueName":"search_term_string"}}],"inLanguage":"es"}]}},"_links":{"self":[{"href":"https:\/\/www.ipvsl.com\/es\/wp-json\/wp\/v2\/pages\/310","targetHints":{"allow":["GET"]}}],"collection":[{"href":"https:\/\/www.ipvsl.com\/es\/wp-json\/wp\/v2\/pages"}],"about":[{"href":"https:\/\/www.ipvsl.com\/es\/wp-json\/wp\/v2\/types\/page"}],"author":[{"embeddable":true,"href":"https:\/\/www.ipvsl.com\/es\/wp-json\/wp\/v2\/users\/1"}],"replies":[{"embeddable":true,"href":"https:\/\/www.ipvsl.com\/es\/wp-json\/wp\/v2\/comments?post=310"}],"version-history":[{"count":8,"href":"https:\/\/www.ipvsl.com\/es\/wp-json\/wp\/v2\/pages\/310\/revisions"}],"predecessor-version":[{"id":1107,"href":"https:\/\/www.ipvsl.com\/es\/wp-json\/wp\/v2\/pages\/310\/revisions\/1107"}],"wp:attachment":[{"href":"https:\/\/www.ipvsl.com\/es\/wp-json\/wp\/v2\/media?parent=310"}],"curies":[{"name":"wp","href":"https:\/\/api.w.org\/{rel}","templated":true}]}}