{"id":301,"date":"2018-01-04T09:50:19","date_gmt":"2018-01-04T09:50:19","guid":{"rendered":"http:\/\/www.ipvsl.com\/new\/?page_id=301"},"modified":"2018-03-25T18:56:34","modified_gmt":"2018-03-25T18:56:34","slug":"manteniments","status":"publish","type":"page","link":"https:\/\/www.ipvsl.com\/es\/manteniments\/","title":{"rendered":"Mantenimientos"},"content":{"rendered":"<p>\n    <div class=\"col-xs-12 col-md-8\" >\n        <p> <br \/><\/p><h1>Mantenimientos<\/h1><p><\/p><p><br \/>Trabajamos para conservar las instalaciones en perfecto estado cumpliendo con los est\u00e1ndares de calidad y conseguir los mejores rendimientos de los sistemas instalados poniendo al servicio del cliente una capacidad de respuesta r\u00e1pida y eficaz.<\/p><p>Disponemos\u00a0 de un sistema de GMAO (Gestor de Mantenimiento\u00a0 Asistido por Ordenador) y de un servicio de vigilancia 24h<\/p><p>IPV ofrece una completa soluci\u00f3n para la gesti\u00f3n y control del mantenimiento industrial de equipos y instalaciones.<\/p><p>La metodolog\u00eda de trabajo permite que, de forma instant\u00e1nea, los clientes de IPV tengan a su disposici\u00f3n, en su zona restringida, los resultados de todas las pruebas realizadas en sus instalaciones. A m\u00e1s a m\u00e1s, podr\u00e1n consultar cualquier dato relacionado con sus equipamientos de MT con los informes de los a\u00f1os anteriores, los actos de industria, los protocolos de equipos, etc.<\/p><p>Para ejecutar el mantenimiento, los operarios de IPV har\u00e1n la presa de datos mediante una aplicaci\u00f3n inform\u00e1tica, llamada BNET-MAINTENANCE, basada en un programa GMAO (Gesti\u00f3n del Mantenimiento Asistido por Ordenador).<\/p><p>IPV dispone de forma permanente de un tel\u00e9fono de atenci\u00f3n continuada durante les 24 horas, desde donde se atender\u00e1 cualquier incidencia de nuestros clientes, mediante un equipo de guardia formado por un Ingeniero t\u00e9cnico y dos Operarios.<\/p><img loading=\"lazy\" decoding=\"async\" src=\"https:\/\/www.ipvsl.com\/new\/wp-content\/uploads\/2018\/01\/linies-electriques-cameron-kirby-unsplash-1-1000x300.jpg\" alt=\"https:\/\/www.ipvsl.com\/new\/wp-content\/uploads\/2018\/01\/linies-electriques-cameron-kirby-unsplash-1-1000x300.jpg\" width=\"1000\" height=\"300\" \/>    <\/div>\n\n\n\n    <div class=\"col-xs-12 col-sm-6 col-md-4 text-center\" >\n        <p><br \/><\/p><h2 style=\"text-align: center;\">Accede<\/h2><ul style=\"line-height: 200%;\"><li style=\"text-align: left;\"><a href=\"http:\/\/www.ipvsl.com\/new\/es\/instal%C2%B7lacions-at-i-mt\/\">Instalaciones de AT i MT<\/a><\/li><li style=\"text-align: left;\"><a href=\"http:\/\/www.ipvsl.com\/new\/es\/parcs-fotovoltaics\/\">Parques fotovoltaicos<br \/><\/a><\/li><li style=\"text-align: left;\"><a href=\"http:\/\/www.ipvsl.com\/new\/es\/xarxes-de-mitja-i-baixa-tensio\/\">Alumbrados p\u00fablicos<br \/><\/a><\/li><li style=\"text-align: left;\"><a href=\"http:\/\/www.ipvsl.com\/new\/es\/enllumenats-publics\/\">Control i vigil\u00e1ncia<br \/><\/a><\/li><\/ul><p><\/p>    <\/div>\n\n\n<\/p>\n","protected":false},"excerpt":{"rendered":"<p>MantenimientosTrabajamos para conservar las instalaciones en perfecto estado cumpliendo con los est\u00e1ndares de calidad y conseguir los mejores rendimientos de los sistemas instalados poniendo al servicio del cliente una capacidad de respuesta r\u00e1pida y eficaz.Disponemos\u00a0 de un sistema de GMAO (Gestor de Mantenimiento\u00a0 Asistido por Ordenador) y de un servicio de vigilancia 24hIPV ofrece una [&hellip;]<\/p>\n","protected":false},"author":1,"featured_media":0,"parent":0,"menu_order":0,"comment_status":"closed","ping_status":"closed","template":"","meta":{"footnotes":""},"class_list":["post-301","page","type-page","status-publish","hentry"],"yoast_head":"<!-- This site is optimized with the Yoast SEO plugin v25.7 - https:\/\/yoast.com\/wordpress\/plugins\/seo\/ -->\n<title>Mantenimientos - IPV SL<\/title>\n<meta name=\"robots\" content=\"index, follow, max-snippet:-1, max-image-preview:large, max-video-preview:-1\" \/>\n<link rel=\"canonical\" href=\"https:\/\/www.ipvsl.com\/manteniments\/\" \/>\n<meta property=\"og:locale\" content=\"es_ES\" \/>\n<meta property=\"og:type\" content=\"article\" \/>\n<meta property=\"og:title\" content=\"[:es]Mantenimientos[:ca]Manteniments[:] - IPV SL\" \/>\n<meta property=\"og:description\" content=\"MantenimientosTrabajamos para conservar las instalaciones en perfecto estado cumpliendo con los est\u00e1ndares de calidad y conseguir los mejores rendimientos de los sistemas instalados poniendo al servicio del cliente una capacidad de respuesta r\u00e1pida y eficaz.Disponemos\u00a0 de un sistema de GMAO (Gestor de Mantenimiento\u00a0 Asistido por Ordenador) y de un servicio de vigilancia 24hIPV ofrece una [&hellip;]\" \/>\n<meta property=\"og:url\" content=\"https:\/\/www.ipvsl.com\/manteniments\/\" \/>\n<meta property=\"og:site_name\" content=\"IPV SL\" \/>\n<meta property=\"article:modified_time\" content=\"2018-03-25T18:56:34+00:00\" \/>\n<meta property=\"og:image\" content=\"http:\/\/www.ipvsl.com\/new\/wp-content\/uploads\/2018\/01\/linies-electriques-cameron-kirby-unsplash-1-1000x300.jpg\" \/>\n<meta name=\"twitter:card\" content=\"summary_large_image\" \/>\n<meta name=\"twitter:label1\" content=\"Tiempo de lectura\" \/>\n\t<meta name=\"twitter:data1\" content=\"2 minutos\" \/>\n<script type=\"application\/ld+json\" class=\"yoast-schema-graph\">{\"@context\":\"https:\/\/schema.org\",\"@graph\":[{\"@type\":\"WebPage\",\"@id\":\"https:\/\/www.ipvsl.com\/manteniments\/\",\"url\":\"https:\/\/www.ipvsl.com\/manteniments\/\",\"name\":\"[:es]Mantenimientos[:ca]Manteniments[:] - IPV SL\",\"isPartOf\":{\"@id\":\"https:\/\/www.ipvsl.com\/#website\"},\"primaryImageOfPage\":{\"@id\":\"https:\/\/www.ipvsl.com\/manteniments\/#primaryimage\"},\"image\":{\"@id\":\"https:\/\/www.ipvsl.com\/manteniments\/#primaryimage\"},\"thumbnailUrl\":\"http:\/\/www.ipvsl.com\/new\/wp-content\/uploads\/2018\/01\/linies-electriques-cameron-kirby-unsplash-1-1000x300.jpg\",\"datePublished\":\"2018-01-04T09:50:19+00:00\",\"dateModified\":\"2018-03-25T18:56:34+00:00\",\"breadcrumb\":{\"@id\":\"https:\/\/www.ipvsl.com\/manteniments\/#breadcrumb\"},\"inLanguage\":\"es\",\"potentialAction\":[{\"@type\":\"ReadAction\",\"target\":[\"https:\/\/www.ipvsl.com\/manteniments\/\"]}]},{\"@type\":\"ImageObject\",\"inLanguage\":\"es\",\"@id\":\"https:\/\/www.ipvsl.com\/manteniments\/#primaryimage\",\"url\":\"http:\/\/www.ipvsl.com\/new\/wp-content\/uploads\/2018\/01\/linies-electriques-cameron-kirby-unsplash-1-1000x300.jpg\",\"contentUrl\":\"http:\/\/www.ipvsl.com\/new\/wp-content\/uploads\/2018\/01\/linies-electriques-cameron-kirby-unsplash-1-1000x300.jpg\"},{\"@type\":\"BreadcrumbList\",\"@id\":\"https:\/\/www.ipvsl.com\/manteniments\/#breadcrumb\",\"itemListElement\":[{\"@type\":\"ListItem\",\"position\":1,\"name\":\"Portada\",\"item\":\"https:\/\/www.ipvsl.com\/\"},{\"@type\":\"ListItem\",\"position\":2,\"name\":\"Manteniments\"}]},{\"@type\":\"WebSite\",\"@id\":\"https:\/\/www.ipvsl.com\/#website\",\"url\":\"https:\/\/www.ipvsl.com\/\",\"name\":\"IPV SL\",\"description\":\"IPV SL\",\"potentialAction\":[{\"@type\":\"SearchAction\",\"target\":{\"@type\":\"EntryPoint\",\"urlTemplate\":\"https:\/\/www.ipvsl.com\/?s={search_term_string}\"},\"query-input\":{\"@type\":\"PropertyValueSpecification\",\"valueRequired\":true,\"valueName\":\"search_term_string\"}}],\"inLanguage\":\"es\"}]}<\/script>\n<!-- \/ Yoast SEO plugin. -->","yoast_head_json":{"title":"[:es]Mantenimientos[:ca]Manteniments[:] - IPV SL","robots":{"index":"index","follow":"follow","max-snippet":"max-snippet:-1","max-image-preview":"max-image-preview:large","max-video-preview":"max-video-preview:-1"},"canonical":"https:\/\/www.ipvsl.com\/manteniments\/","og_locale":"es_ES","og_type":"article","og_title":"[:es]Mantenimientos[:ca]Manteniments[:] - IPV SL","og_description":"MantenimientosTrabajamos para conservar las instalaciones en perfecto estado cumpliendo con los est\u00e1ndares de calidad y conseguir los mejores rendimientos de los sistemas instalados poniendo al servicio del cliente una capacidad de respuesta r\u00e1pida y eficaz.Disponemos\u00a0 de un sistema de GMAO (Gestor de Mantenimiento\u00a0 Asistido por Ordenador) y de un servicio de vigilancia 24hIPV ofrece una [&hellip;]","og_url":"https:\/\/www.ipvsl.com\/manteniments\/","og_site_name":"IPV SL","article_modified_time":"2018-03-25T18:56:34+00:00","og_image":[{"url":"http:\/\/www.ipvsl.com\/new\/wp-content\/uploads\/2018\/01\/linies-electriques-cameron-kirby-unsplash-1-1000x300.jpg","type":"","width":"","height":""}],"twitter_card":"summary_large_image","twitter_misc":{"Tiempo de lectura":"2 minutos"},"schema":{"@context":"https:\/\/schema.org","@graph":[{"@type":"WebPage","@id":"https:\/\/www.ipvsl.com\/manteniments\/","url":"https:\/\/www.ipvsl.com\/manteniments\/","name":"[:es]Mantenimientos[:ca]Manteniments[:] - IPV SL","isPartOf":{"@id":"https:\/\/www.ipvsl.com\/#website"},"primaryImageOfPage":{"@id":"https:\/\/www.ipvsl.com\/manteniments\/#primaryimage"},"image":{"@id":"https:\/\/www.ipvsl.com\/manteniments\/#primaryimage"},"thumbnailUrl":"http:\/\/www.ipvsl.com\/new\/wp-content\/uploads\/2018\/01\/linies-electriques-cameron-kirby-unsplash-1-1000x300.jpg","datePublished":"2018-01-04T09:50:19+00:00","dateModified":"2018-03-25T18:56:34+00:00","breadcrumb":{"@id":"https:\/\/www.ipvsl.com\/manteniments\/#breadcrumb"},"inLanguage":"es","potentialAction":[{"@type":"ReadAction","target":["https:\/\/www.ipvsl.com\/manteniments\/"]}]},{"@type":"ImageObject","inLanguage":"es","@id":"https:\/\/www.ipvsl.com\/manteniments\/#primaryimage","url":"http:\/\/www.ipvsl.com\/new\/wp-content\/uploads\/2018\/01\/linies-electriques-cameron-kirby-unsplash-1-1000x300.jpg","contentUrl":"http:\/\/www.ipvsl.com\/new\/wp-content\/uploads\/2018\/01\/linies-electriques-cameron-kirby-unsplash-1-1000x300.jpg"},{"@type":"BreadcrumbList","@id":"https:\/\/www.ipvsl.com\/manteniments\/#breadcrumb","itemListElement":[{"@type":"ListItem","position":1,"name":"Portada","item":"https:\/\/www.ipvsl.com\/"},{"@type":"ListItem","position":2,"name":"Manteniments"}]},{"@type":"WebSite","@id":"https:\/\/www.ipvsl.com\/#website","url":"https:\/\/www.ipvsl.com\/","name":"IPV SL","description":"IPV SL","potentialAction":[{"@type":"SearchAction","target":{"@type":"EntryPoint","urlTemplate":"https:\/\/www.ipvsl.com\/?s={search_term_string}"},"query-input":{"@type":"PropertyValueSpecification","valueRequired":true,"valueName":"search_term_string"}}],"inLanguage":"es"}]}},"_links":{"self":[{"href":"https:\/\/www.ipvsl.com\/es\/wp-json\/wp\/v2\/pages\/301","targetHints":{"allow":["GET"]}}],"collection":[{"href":"https:\/\/www.ipvsl.com\/es\/wp-json\/wp\/v2\/pages"}],"about":[{"href":"https:\/\/www.ipvsl.com\/es\/wp-json\/wp\/v2\/types\/page"}],"author":[{"embeddable":true,"href":"https:\/\/www.ipvsl.com\/es\/wp-json\/wp\/v2\/users\/1"}],"replies":[{"embeddable":true,"href":"https:\/\/www.ipvsl.com\/es\/wp-json\/wp\/v2\/comments?post=301"}],"version-history":[{"count":15,"href":"https:\/\/www.ipvsl.com\/es\/wp-json\/wp\/v2\/pages\/301\/revisions"}],"predecessor-version":[{"id":1111,"href":"https:\/\/www.ipvsl.com\/es\/wp-json\/wp\/v2\/pages\/301\/revisions\/1111"}],"wp:attachment":[{"href":"https:\/\/www.ipvsl.com\/es\/wp-json\/wp\/v2\/media?parent=301"}],"curies":[{"name":"wp","href":"https:\/\/api.w.org\/{rel}","templated":true}]}}