{"id":289,"date":"2018-01-04T09:44:07","date_gmt":"2018-01-04T09:44:07","guid":{"rendered":"http:\/\/www.ipvsl.com\/new\/?page_id=289"},"modified":"2018-03-27T12:58:34","modified_gmt":"2018-03-27T12:58:34","slug":"xarxes-de-mitja-i-baixa-tensio","status":"publish","type":"page","link":"https:\/\/www.ipvsl.com\/es\/xarxes-de-mitja-i-baixa-tensio\/","title":{"rendered":"Red de media y baja tensi\u00f3n"},"content":{"rendered":"<p><section class=\"fw-main-row  ls section_padding_top_0 section_padding_bottom_0 columns_padding_15\" >\n\t\t<div class=\"container\">\n\t\t<div class=\"row\">\n\t\t\t<p><br \/><\/p><h1>Red de media y baja tensi\u00f3n<\/h1><p><\/p><p><\/p><p>Gracias al desarrollo de la ingenier\u00eda y a la formaci\u00f3n de su personal, IPV lleva a cabo proyectos de distribuci\u00f3n el\u00e9ctrica tanto en Baja como en Media Tensi\u00f3n, ya sea para distribuci\u00f3n de la Compa\u00f1\u00eda Suministradora como en grandes infraestructuras privadas en las que se requieren redes internas de distribuci\u00f3n y entrega de energ\u00eda.<\/p>\t\t<\/div>\n\t<\/div>\n<\/section>\n<section class=\"fw-main-row  ls section_padding_top_50 section_padding_bottom_50 columns_padding_15\" >\n\t\t<div class=\"container\">\n\t\t<div class=\"row\">\n\t\t\t\n    <div class=\"col-xs-12 col-sm-6 col-md-4\" >\n        <div class=\"vertical-item ds content-padding big-padding bg_teaser after_cover darkgrey_bg hover-content text-left\">\n\n\t        <img decoding=\"async\" src=\"\/\/www.ipvsl.com\/new\/wp-content\/uploads\/2018\/01\/22.png\"\n             alt=\"\">\n\t\n    <div class=\"media-links\"><\/div>\n\n\t<div class=\"item-content\">\n\t\t        <div class=\"content-body\">\n\t        <p><br \/>Conexiones MT y BT transformador 1000kVA<\/p>\t                <\/div>\n    <\/div>\n\n<\/div><!-- eof .vertical-item -->\n    <\/div>\n\n\n\n    <div class=\"col-xs-12 col-sm-6 col-md-4\" >\n        <div class=\"vertical-item ds content-padding big-padding bg_teaser after_cover darkgrey_bg hover-content text-left\">\n\n\t        <img decoding=\"async\" src=\"\/\/www.ipvsl.com\/new\/wp-content\/uploads\/2018\/01\/Estesa-circuit-MT-en-Tarragona.jpg\"\n             alt=\"\">\n\t\n    <div class=\"media-links\"><\/div>\n\n\t<div class=\"item-content\">\n\t\t        <div class=\"content-body\">\n\t        <p><br \/>Tendido circuito MT en Tarragona<\/p>\t                <\/div>\n    <\/div>\n\n<\/div><!-- eof .vertical-item -->\n    <\/div>\n\n\n\n    <div class=\"col-xs-12 col-sm-6 col-md-4\" >\n        <div class=\"vertical-item ds content-padding big-padding bg_teaser after_cover darkgrey_bg hover-content text-left\">\n\n\t        <img decoding=\"async\" src=\"\/\/www.ipvsl.com\/new\/wp-content\/uploads\/2018\/01\/Instal.lacio-Cel.les-MT-en-Alfes.jpg\"\n             alt=\"\">\n\t\n    <div class=\"media-links\"><\/div>\n\n\t<div class=\"item-content\">\n\t\t        <div class=\"content-body\">\n\t        <p><br \/>Instalaci\u00f3n Celdas MT en Alfes<\/p>\t                <\/div>\n    <\/div>\n\n<\/div><!-- eof .vertical-item -->\n    <\/div>\n\n\n\t\t<\/div>\n\t<\/div>\n<\/section>\n<\/p>\n","protected":false},"excerpt":{"rendered":"<p>Red de media y baja tensi\u00f3nGracias al desarrollo de la ingenier\u00eda y a la formaci\u00f3n de su personal, IPV lleva a cabo proyectos de distribuci\u00f3n el\u00e9ctrica tanto en Baja como en Media Tensi\u00f3n, ya sea para distribuci\u00f3n de la Compa\u00f1\u00eda Suministradora como en grandes infraestructuras privadas en las que se requieren redes internas de distribuci\u00f3n [&hellip;]<\/p>\n","protected":false},"author":1,"featured_media":0,"parent":0,"menu_order":0,"comment_status":"closed","ping_status":"closed","template":"","meta":{"footnotes":""},"class_list":["post-289","page","type-page","status-publish","hentry"],"yoast_head":"<!-- This site is optimized with the Yoast SEO plugin v25.7 - https:\/\/yoast.com\/wordpress\/plugins\/seo\/ -->\n<title>Red de media y baja tensi\u00f3n - IPV SL<\/title>\n<meta name=\"robots\" content=\"index, follow, max-snippet:-1, max-image-preview:large, max-video-preview:-1\" \/>\n<link rel=\"canonical\" href=\"https:\/\/www.ipvsl.com\/xarxes-de-mitja-i-baixa-tensio\/\" \/>\n<meta property=\"og:locale\" content=\"es_ES\" \/>\n<meta property=\"og:type\" content=\"article\" \/>\n<meta property=\"og:title\" content=\"[:es]Red de media y baja tensi\u00f3n[:ca]Xarxes de Mitja i Baixa Tensi\u00f3[:] - IPV SL\" \/>\n<meta property=\"og:description\" content=\"Red de media y baja tensi\u00f3nGracias al desarrollo de la ingenier\u00eda y a la formaci\u00f3n de su personal, IPV lleva a cabo proyectos de distribuci\u00f3n el\u00e9ctrica tanto en Baja como en Media Tensi\u00f3n, ya sea para distribuci\u00f3n de la Compa\u00f1\u00eda Suministradora como en grandes infraestructuras privadas en las que se requieren redes internas de distribuci\u00f3n [&hellip;]\" \/>\n<meta property=\"og:url\" content=\"https:\/\/www.ipvsl.com\/xarxes-de-mitja-i-baixa-tensio\/\" \/>\n<meta property=\"og:site_name\" content=\"IPV SL\" \/>\n<meta property=\"article:modified_time\" content=\"2018-03-27T12:58:34+00:00\" \/>\n<meta name=\"twitter:card\" content=\"summary_large_image\" \/>\n<meta name=\"twitter:label1\" content=\"Tiempo de lectura\" \/>\n\t<meta name=\"twitter:data1\" content=\"1 minuto\" \/>\n<script type=\"application\/ld+json\" class=\"yoast-schema-graph\">{\"@context\":\"https:\/\/schema.org\",\"@graph\":[{\"@type\":\"WebPage\",\"@id\":\"https:\/\/www.ipvsl.com\/xarxes-de-mitja-i-baixa-tensio\/\",\"url\":\"https:\/\/www.ipvsl.com\/xarxes-de-mitja-i-baixa-tensio\/\",\"name\":\"[:es]Red de media y baja tensi\u00f3n[:ca]Xarxes de Mitja i Baixa Tensi\u00f3[:] - IPV SL\",\"isPartOf\":{\"@id\":\"https:\/\/www.ipvsl.com\/#website\"},\"datePublished\":\"2018-01-04T09:44:07+00:00\",\"dateModified\":\"2018-03-27T12:58:34+00:00\",\"breadcrumb\":{\"@id\":\"https:\/\/www.ipvsl.com\/xarxes-de-mitja-i-baixa-tensio\/#breadcrumb\"},\"inLanguage\":\"es\",\"potentialAction\":[{\"@type\":\"ReadAction\",\"target\":[\"https:\/\/www.ipvsl.com\/xarxes-de-mitja-i-baixa-tensio\/\"]}]},{\"@type\":\"BreadcrumbList\",\"@id\":\"https:\/\/www.ipvsl.com\/xarxes-de-mitja-i-baixa-tensio\/#breadcrumb\",\"itemListElement\":[{\"@type\":\"ListItem\",\"position\":1,\"name\":\"Portada\",\"item\":\"https:\/\/www.ipvsl.com\/\"},{\"@type\":\"ListItem\",\"position\":2,\"name\":\"Xarxes de Mitja i Baixa Tensi\u00f3\"}]},{\"@type\":\"WebSite\",\"@id\":\"https:\/\/www.ipvsl.com\/#website\",\"url\":\"https:\/\/www.ipvsl.com\/\",\"name\":\"IPV SL\",\"description\":\"IPV SL\",\"potentialAction\":[{\"@type\":\"SearchAction\",\"target\":{\"@type\":\"EntryPoint\",\"urlTemplate\":\"https:\/\/www.ipvsl.com\/?s={search_term_string}\"},\"query-input\":{\"@type\":\"PropertyValueSpecification\",\"valueRequired\":true,\"valueName\":\"search_term_string\"}}],\"inLanguage\":\"es\"}]}<\/script>\n<!-- \/ Yoast SEO plugin. -->","yoast_head_json":{"title":"[:es]Red de media y baja tensi\u00f3n[:ca]Xarxes de Mitja i Baixa Tensi\u00f3[:] - IPV SL","robots":{"index":"index","follow":"follow","max-snippet":"max-snippet:-1","max-image-preview":"max-image-preview:large","max-video-preview":"max-video-preview:-1"},"canonical":"https:\/\/www.ipvsl.com\/xarxes-de-mitja-i-baixa-tensio\/","og_locale":"es_ES","og_type":"article","og_title":"[:es]Red de media y baja tensi\u00f3n[:ca]Xarxes de Mitja i Baixa Tensi\u00f3[:] - IPV SL","og_description":"Red de media y baja tensi\u00f3nGracias al desarrollo de la ingenier\u00eda y a la formaci\u00f3n de su personal, IPV lleva a cabo proyectos de distribuci\u00f3n el\u00e9ctrica tanto en Baja como en Media Tensi\u00f3n, ya sea para distribuci\u00f3n de la Compa\u00f1\u00eda Suministradora como en grandes infraestructuras privadas en las que se requieren redes internas de distribuci\u00f3n [&hellip;]","og_url":"https:\/\/www.ipvsl.com\/xarxes-de-mitja-i-baixa-tensio\/","og_site_name":"IPV SL","article_modified_time":"2018-03-27T12:58:34+00:00","twitter_card":"summary_large_image","twitter_misc":{"Tiempo de lectura":"1 minuto"},"schema":{"@context":"https:\/\/schema.org","@graph":[{"@type":"WebPage","@id":"https:\/\/www.ipvsl.com\/xarxes-de-mitja-i-baixa-tensio\/","url":"https:\/\/www.ipvsl.com\/xarxes-de-mitja-i-baixa-tensio\/","name":"[:es]Red de media y baja tensi\u00f3n[:ca]Xarxes de Mitja i Baixa Tensi\u00f3[:] - IPV SL","isPartOf":{"@id":"https:\/\/www.ipvsl.com\/#website"},"datePublished":"2018-01-04T09:44:07+00:00","dateModified":"2018-03-27T12:58:34+00:00","breadcrumb":{"@id":"https:\/\/www.ipvsl.com\/xarxes-de-mitja-i-baixa-tensio\/#breadcrumb"},"inLanguage":"es","potentialAction":[{"@type":"ReadAction","target":["https:\/\/www.ipvsl.com\/xarxes-de-mitja-i-baixa-tensio\/"]}]},{"@type":"BreadcrumbList","@id":"https:\/\/www.ipvsl.com\/xarxes-de-mitja-i-baixa-tensio\/#breadcrumb","itemListElement":[{"@type":"ListItem","position":1,"name":"Portada","item":"https:\/\/www.ipvsl.com\/"},{"@type":"ListItem","position":2,"name":"Xarxes de Mitja i Baixa Tensi\u00f3"}]},{"@type":"WebSite","@id":"https:\/\/www.ipvsl.com\/#website","url":"https:\/\/www.ipvsl.com\/","name":"IPV SL","description":"IPV SL","potentialAction":[{"@type":"SearchAction","target":{"@type":"EntryPoint","urlTemplate":"https:\/\/www.ipvsl.com\/?s={search_term_string}"},"query-input":{"@type":"PropertyValueSpecification","valueRequired":true,"valueName":"search_term_string"}}],"inLanguage":"es"}]}},"_links":{"self":[{"href":"https:\/\/www.ipvsl.com\/es\/wp-json\/wp\/v2\/pages\/289","targetHints":{"allow":["GET"]}}],"collection":[{"href":"https:\/\/www.ipvsl.com\/es\/wp-json\/wp\/v2\/pages"}],"about":[{"href":"https:\/\/www.ipvsl.com\/es\/wp-json\/wp\/v2\/types\/page"}],"author":[{"embeddable":true,"href":"https:\/\/www.ipvsl.com\/es\/wp-json\/wp\/v2\/users\/1"}],"replies":[{"embeddable":true,"href":"https:\/\/www.ipvsl.com\/es\/wp-json\/wp\/v2\/comments?post=289"}],"version-history":[{"count":19,"href":"https:\/\/www.ipvsl.com\/es\/wp-json\/wp\/v2\/pages\/289\/revisions"}],"predecessor-version":[{"id":1157,"href":"https:\/\/www.ipvsl.com\/es\/wp-json\/wp\/v2\/pages\/289\/revisions\/1157"}],"wp:attachment":[{"href":"https:\/\/www.ipvsl.com\/es\/wp-json\/wp\/v2\/media?parent=289"}],"curies":[{"name":"wp","href":"https:\/\/api.w.org\/{rel}","templated":true}]}}