{"id":285,"date":"2018-01-04T09:43:04","date_gmt":"2018-01-04T09:43:04","guid":{"rendered":"http:\/\/www.ipvsl.com\/new\/?page_id=285"},"modified":"2018-03-27T12:57:46","modified_gmt":"2018-03-27T12:57:46","slug":"subestacions","status":"publish","type":"page","link":"https:\/\/www.ipvsl.com\/es\/subestacions\/","title":{"rendered":"Subestaciones"},"content":{"rendered":"<p>\n    <div class=\"col-xs-12\" >\n        <p><br \/><\/p><h1>Subestaciones<\/h1><p><\/p><p><br \/>Las l\u00edneas y subestaciones el\u00e9ctricas se utilizan fundamentalmente para el transporte de la electricidad. Sin embargo, en el caso particular de la subestaci\u00f3n, el transporte de la energ\u00eda el\u00e9ctrica no es su \u00fanica finalidad. Normalmente, el flujo de potencia en una red el\u00e9ctrica va desde las centrales el\u00e9ctricas hasta los puntos de consumo, pasando en este trayecto a trav\u00e9s de las l\u00edneas y subestaciones.<\/p><p>Es necesario destacar que, en este transporte, la energ\u00eda experimenta un cambio de sus condiciones, dado que no son las mismas cuando es consumida (el consumo normal en un hogar es 220 V) que cuando es generada (un generador puede volcar la energ\u00eda producida a 6,6 kV). Tambi\u00e9n var\u00edan las condiciones en que la energ\u00eda es transportada y distribuida (que puede cambiar desde 400 o 220 kV hasta redes de reparto de media tensi\u00f3n con 25 kV o de baja tensi\u00f3n a 220 V).<\/p><p>IPV realiza trabajos de ampliaci\u00f3n y modificaci\u00f3n en subestaciones, tanto para Empresas Distribuidoras y Generadores como para clientes privados.<\/p>    <\/div>\n\n\n<section class=\"fw-main-row  ls section_padding_top_50 section_padding_bottom_50 columns_padding_15\" >\n\t\t<div class=\"container\">\n\t\t<div class=\"row\">\n\t\t\t\n    <div class=\"col-xs-12 col-sm-6 col-md-4\" >\n        <div class=\"vertical-item ds content-padding big-padding bg_teaser after_cover darkgrey_bg hover-content text-left\">\n\n\t        <img decoding=\"async\" src=\"\/\/www.ipvsl.com\/new\/wp-content\/uploads\/2018\/01\/7-1.png\"\n             alt=\"\">\n\t\n    <div class=\"media-links\"><\/div>\n\n\t<div class=\"item-content\">\n\t\t        <div class=\"content-body\">\n\t        <p><br \/>Cambio seccionador 66kV subestaci\u00f3n Endesa<\/p>\t                <\/div>\n    <\/div>\n\n<\/div><!-- eof .vertical-item -->\n    <\/div>\n\n\n\n    <div class=\"col-xs-12 col-sm-6 col-md-4\" >\n        <div class=\"vertical-item ds content-padding big-padding bg_teaser after_cover darkgrey_bg hover-content text-left\">\n\n\t        <img decoding=\"async\" src=\"\/\/www.ipvsl.com\/new\/wp-content\/uploads\/2018\/01\/6.png\"\n             alt=\"\">\n\t\n    <div class=\"media-links\"><\/div>\n\n\t<div class=\"item-content\">\n\t\t        <div class=\"content-body\">\n\t        <p><br \/>Cambio Seccionador 110 kV Subestaci\u00f3n Endesa<\/p>\t                <\/div>\n    <\/div>\n\n<\/div><!-- eof .vertical-item -->\n    <\/div>\n\n\n\n    <div class=\"col-xs-12 col-sm-6 col-md-4\" >\n        <div class=\"vertical-item ds content-padding big-padding bg_teaser after_cover darkgrey_bg hover-content text-left\">\n\n\t        <img decoding=\"async\" src=\"\/\/www.ipvsl.com\/new\/wp-content\/uploads\/2018\/01\/44.png\"\n             alt=\"\">\n\t\n    <div class=\"media-links\"><\/div>\n\n\t<div class=\"item-content\">\n\t\t        <div class=\"content-body\">\n\t        <p><br \/>Tendido Circuito MT subestaci\u00f3n Endesa<\/p>\t                <\/div>\n    <\/div>\n\n<\/div><!-- eof .vertical-item -->\n    <\/div>\n\n\n\t\t<\/div>\n\t<\/div>\n<\/section>\n<\/p>\n","protected":false},"excerpt":{"rendered":"<p>SubestacionesLas l\u00edneas y subestaciones el\u00e9ctricas se utilizan fundamentalmente para el transporte de la electricidad. Sin embargo, en el caso particular de la subestaci\u00f3n, el transporte de la energ\u00eda el\u00e9ctrica no es su \u00fanica finalidad. Normalmente, el flujo de potencia en una red el\u00e9ctrica va desde las centrales el\u00e9ctricas hasta los puntos de consumo, pasando en [&hellip;]<\/p>\n","protected":false},"author":1,"featured_media":0,"parent":0,"menu_order":0,"comment_status":"closed","ping_status":"closed","template":"","meta":{"footnotes":""},"class_list":["post-285","page","type-page","status-publish","hentry"],"yoast_head":"<!-- This site is optimized with the Yoast SEO plugin v25.7 - https:\/\/yoast.com\/wordpress\/plugins\/seo\/ -->\n<title>Subestaciones - IPV SL<\/title>\n<meta name=\"robots\" content=\"index, follow, max-snippet:-1, max-image-preview:large, max-video-preview:-1\" \/>\n<link rel=\"canonical\" href=\"https:\/\/www.ipvsl.com\/subestacions\/\" \/>\n<meta property=\"og:locale\" content=\"es_ES\" \/>\n<meta property=\"og:type\" content=\"article\" \/>\n<meta property=\"og:title\" content=\"[:es]Subestaciones[:ca]Subestacions[:] - IPV SL\" \/>\n<meta property=\"og:description\" content=\"SubestacionesLas l\u00edneas y subestaciones el\u00e9ctricas se utilizan fundamentalmente para el transporte de la electricidad. Sin embargo, en el caso particular de la subestaci\u00f3n, el transporte de la energ\u00eda el\u00e9ctrica no es su \u00fanica finalidad. Normalmente, el flujo de potencia en una red el\u00e9ctrica va desde las centrales el\u00e9ctricas hasta los puntos de consumo, pasando en [&hellip;]\" \/>\n<meta property=\"og:url\" content=\"https:\/\/www.ipvsl.com\/subestacions\/\" \/>\n<meta property=\"og:site_name\" content=\"IPV SL\" \/>\n<meta property=\"article:modified_time\" content=\"2018-03-27T12:57:46+00:00\" \/>\n<meta name=\"twitter:card\" content=\"summary_large_image\" \/>\n<meta name=\"twitter:label1\" content=\"Tiempo de lectura\" \/>\n\t<meta name=\"twitter:data1\" content=\"2 minutos\" \/>\n<script type=\"application\/ld+json\" class=\"yoast-schema-graph\">{\"@context\":\"https:\/\/schema.org\",\"@graph\":[{\"@type\":\"WebPage\",\"@id\":\"https:\/\/www.ipvsl.com\/subestacions\/\",\"url\":\"https:\/\/www.ipvsl.com\/subestacions\/\",\"name\":\"[:es]Subestaciones[:ca]Subestacions[:] - IPV SL\",\"isPartOf\":{\"@id\":\"https:\/\/www.ipvsl.com\/#website\"},\"datePublished\":\"2018-01-04T09:43:04+00:00\",\"dateModified\":\"2018-03-27T12:57:46+00:00\",\"breadcrumb\":{\"@id\":\"https:\/\/www.ipvsl.com\/subestacions\/#breadcrumb\"},\"inLanguage\":\"es\",\"potentialAction\":[{\"@type\":\"ReadAction\",\"target\":[\"https:\/\/www.ipvsl.com\/subestacions\/\"]}]},{\"@type\":\"BreadcrumbList\",\"@id\":\"https:\/\/www.ipvsl.com\/subestacions\/#breadcrumb\",\"itemListElement\":[{\"@type\":\"ListItem\",\"position\":1,\"name\":\"Portada\",\"item\":\"https:\/\/www.ipvsl.com\/\"},{\"@type\":\"ListItem\",\"position\":2,\"name\":\"Subestacions\"}]},{\"@type\":\"WebSite\",\"@id\":\"https:\/\/www.ipvsl.com\/#website\",\"url\":\"https:\/\/www.ipvsl.com\/\",\"name\":\"IPV SL\",\"description\":\"IPV SL\",\"potentialAction\":[{\"@type\":\"SearchAction\",\"target\":{\"@type\":\"EntryPoint\",\"urlTemplate\":\"https:\/\/www.ipvsl.com\/?s={search_term_string}\"},\"query-input\":{\"@type\":\"PropertyValueSpecification\",\"valueRequired\":true,\"valueName\":\"search_term_string\"}}],\"inLanguage\":\"es\"}]}<\/script>\n<!-- \/ Yoast SEO plugin. -->","yoast_head_json":{"title":"[:es]Subestaciones[:ca]Subestacions[:] - IPV SL","robots":{"index":"index","follow":"follow","max-snippet":"max-snippet:-1","max-image-preview":"max-image-preview:large","max-video-preview":"max-video-preview:-1"},"canonical":"https:\/\/www.ipvsl.com\/subestacions\/","og_locale":"es_ES","og_type":"article","og_title":"[:es]Subestaciones[:ca]Subestacions[:] - IPV SL","og_description":"SubestacionesLas l\u00edneas y subestaciones el\u00e9ctricas se utilizan fundamentalmente para el transporte de la electricidad. Sin embargo, en el caso particular de la subestaci\u00f3n, el transporte de la energ\u00eda el\u00e9ctrica no es su \u00fanica finalidad. Normalmente, el flujo de potencia en una red el\u00e9ctrica va desde las centrales el\u00e9ctricas hasta los puntos de consumo, pasando en [&hellip;]","og_url":"https:\/\/www.ipvsl.com\/subestacions\/","og_site_name":"IPV SL","article_modified_time":"2018-03-27T12:57:46+00:00","twitter_card":"summary_large_image","twitter_misc":{"Tiempo de lectura":"2 minutos"},"schema":{"@context":"https:\/\/schema.org","@graph":[{"@type":"WebPage","@id":"https:\/\/www.ipvsl.com\/subestacions\/","url":"https:\/\/www.ipvsl.com\/subestacions\/","name":"[:es]Subestaciones[:ca]Subestacions[:] - IPV SL","isPartOf":{"@id":"https:\/\/www.ipvsl.com\/#website"},"datePublished":"2018-01-04T09:43:04+00:00","dateModified":"2018-03-27T12:57:46+00:00","breadcrumb":{"@id":"https:\/\/www.ipvsl.com\/subestacions\/#breadcrumb"},"inLanguage":"es","potentialAction":[{"@type":"ReadAction","target":["https:\/\/www.ipvsl.com\/subestacions\/"]}]},{"@type":"BreadcrumbList","@id":"https:\/\/www.ipvsl.com\/subestacions\/#breadcrumb","itemListElement":[{"@type":"ListItem","position":1,"name":"Portada","item":"https:\/\/www.ipvsl.com\/"},{"@type":"ListItem","position":2,"name":"Subestacions"}]},{"@type":"WebSite","@id":"https:\/\/www.ipvsl.com\/#website","url":"https:\/\/www.ipvsl.com\/","name":"IPV SL","description":"IPV SL","potentialAction":[{"@type":"SearchAction","target":{"@type":"EntryPoint","urlTemplate":"https:\/\/www.ipvsl.com\/?s={search_term_string}"},"query-input":{"@type":"PropertyValueSpecification","valueRequired":true,"valueName":"search_term_string"}}],"inLanguage":"es"}]}},"_links":{"self":[{"href":"https:\/\/www.ipvsl.com\/es\/wp-json\/wp\/v2\/pages\/285","targetHints":{"allow":["GET"]}}],"collection":[{"href":"https:\/\/www.ipvsl.com\/es\/wp-json\/wp\/v2\/pages"}],"about":[{"href":"https:\/\/www.ipvsl.com\/es\/wp-json\/wp\/v2\/types\/page"}],"author":[{"embeddable":true,"href":"https:\/\/www.ipvsl.com\/es\/wp-json\/wp\/v2\/users\/1"}],"replies":[{"embeddable":true,"href":"https:\/\/www.ipvsl.com\/es\/wp-json\/wp\/v2\/comments?post=285"}],"version-history":[{"count":11,"href":"https:\/\/www.ipvsl.com\/es\/wp-json\/wp\/v2\/pages\/285\/revisions"}],"predecessor-version":[{"id":1156,"href":"https:\/\/www.ipvsl.com\/es\/wp-json\/wp\/v2\/pages\/285\/revisions\/1156"}],"wp:attachment":[{"href":"https:\/\/www.ipvsl.com\/es\/wp-json\/wp\/v2\/media?parent=285"}],"curies":[{"name":"wp","href":"https:\/\/api.w.org\/{rel}","templated":true}]}}