{"id":281,"date":"2018-01-04T09:41:52","date_gmt":"2018-01-04T09:41:52","guid":{"rendered":"http:\/\/www.ipvsl.com\/new\/?page_id=281"},"modified":"2018-03-27T12:55:26","modified_gmt":"2018-03-27T12:55:26","slug":"transport-at","status":"publish","type":"page","link":"https:\/\/www.ipvsl.com\/es\/transport-at\/","title":{"rendered":"Red de alta tensi\u00f3n"},"content":{"rendered":"<p>\n    <div class=\"col-xs-12\" >\n        <p><br \/><\/p><h1>Red de alta tensi\u00f3n<\/h1><p><\/p><p><\/p><p> La Red de Transporte de Energ\u00eda El\u00e9ctrica es la parte del sistema de suministro el\u00e9ctrico integrada por los elementos necesarios para llevar hasta los puntos de consumo y a trav\u00e9s de grandes distancias la energ\u00eda generada en las centrales el\u00e9ctricas.<\/p><p>IPV desarrolla y gestiona Proyectos e Instalaciones para el transporte de la energ\u00eda el\u00e9ctrica en Alta Tensi\u00f3n, que permiten disponer de la potencia requerida en el punto en el que el cliente la necesita. <\/p>    <\/div>\n\n\n<section class=\"fw-main-row  ls section_padding_top_50 section_padding_bottom_50 columns_padding_15\" >\n\t\t<div class=\"container\">\n\t\t<div class=\"row\">\n\t\t\t\n    <div class=\"col-xs-12 col-sm-6 col-md-4 text-center\" >\n        <div class=\"vertical-item ds content-padding big-padding bg_teaser after_cover darkgrey_bg hover-content text-left\">\n\n\t        <img decoding=\"async\" src=\"\/\/www.ipvsl.com\/new\/wp-content\/uploads\/2018\/01\/Instal.lacio-i-Manteniment-Xarxa-AT-Altorrico\u0301-.jpg\"\n             alt=\"\">\n\t\n    <div class=\"media-links\"><\/div>\n\n\t<div class=\"item-content\">\n\t\t        <div class=\"content-body\">\n\t        <p><br \/>Instalaci\u00f3n y mantenimiento Red AT Altorrico\u0301<\/p>\t                <\/div>\n    <\/div>\n\n<\/div><!-- eof .vertical-item -->\n    <\/div>\n\n\n\n    <div class=\"col-xs-12 col-sm-6 col-md-4 text-center\" >\n        <div class=\"vertical-item ds content-padding big-padding bg_teaser after_cover darkgrey_bg hover-content text-left\">\n\n\t        <img decoding=\"async\" src=\"\/\/www.ipvsl.com\/new\/wp-content\/uploads\/2018\/01\/Instal.lacio\u0301-i-Manteniment-Xarxa-AT-Electra-red-Energia-1.jpg\"\n             alt=\"\">\n\t\n    <div class=\"media-links\"><\/div>\n\n\t<div class=\"item-content\">\n\t\t        <div class=\"content-body\">\n\t        <p><br \/><br \/>Instalaci\u00f3n y Mantenimiento de red AT Electra red Energia<br \/><\/p>\t                <\/div>\n    <\/div>\n\n<\/div><!-- eof .vertical-item -->\n    <\/div>\n\n\n\n    <div class=\"col-xs-12 col-sm-6 col-md-4 text-center\" >\n        <div class=\"vertical-item ds content-padding big-padding bg_teaser after_cover darkgrey_bg hover-content text-left\">\n\n\t        <img decoding=\"async\" src=\"\/\/www.ipvsl.com\/new\/wp-content\/uploads\/2018\/01\/Instal\u00b7lacio-i-Manteniemnt-linia-66kV-en-Alcarras-1.jpg\"\n             alt=\"\">\n\t\n    <div class=\"media-links\"><\/div>\n\n\t<div class=\"item-content\">\n\t\t        <div class=\"content-body\">\n\t        <p><br \/>Instalaci\u00f3n y Mantenimiento l\u00ednea 66kV en Alcarras<\/p>\t                <\/div>\n    <\/div>\n\n<\/div><!-- eof .vertical-item -->\n    <\/div>\n\n\n\t\t<\/div>\n\t<\/div>\n<\/section>\n<\/p>\n","protected":false},"excerpt":{"rendered":"<p>Red de alta tensi\u00f3n La Red de Transporte de Energ\u00eda El\u00e9ctrica es la parte del sistema de suministro el\u00e9ctrico integrada por los elementos necesarios para llevar hasta los puntos de consumo y a trav\u00e9s de grandes distancias la energ\u00eda generada en las centrales el\u00e9ctricas.IPV desarrolla y gestiona Proyectos e Instalaciones para el transporte de la [&hellip;]<\/p>\n","protected":false},"author":1,"featured_media":0,"parent":0,"menu_order":0,"comment_status":"closed","ping_status":"closed","template":"","meta":{"footnotes":""},"class_list":["post-281","page","type-page","status-publish","hentry"],"yoast_head":"<!-- This site is optimized with the Yoast SEO plugin v25.7 - https:\/\/yoast.com\/wordpress\/plugins\/seo\/ -->\n<title>Red de alta tensi\u00f3n - IPV SL<\/title>\n<meta name=\"robots\" content=\"index, follow, max-snippet:-1, max-image-preview:large, max-video-preview:-1\" \/>\n<link rel=\"canonical\" href=\"https:\/\/www.ipvsl.com\/transport-at\/\" \/>\n<meta property=\"og:locale\" content=\"es_ES\" \/>\n<meta property=\"og:type\" content=\"article\" \/>\n<meta property=\"og:title\" content=\"[:es]Red de alta tensi\u00f3n[:ca]Xarxes d&#039;alta tensi\u00f3[:] - IPV SL\" \/>\n<meta property=\"og:description\" content=\"Red de alta tensi\u00f3n La Red de Transporte de Energ\u00eda El\u00e9ctrica es la parte del sistema de suministro el\u00e9ctrico integrada por los elementos necesarios para llevar hasta los puntos de consumo y a trav\u00e9s de grandes distancias la energ\u00eda generada en las centrales el\u00e9ctricas.IPV desarrolla y gestiona Proyectos e Instalaciones para el transporte de la [&hellip;]\" \/>\n<meta property=\"og:url\" content=\"https:\/\/www.ipvsl.com\/transport-at\/\" \/>\n<meta property=\"og:site_name\" content=\"IPV SL\" \/>\n<meta property=\"article:modified_time\" content=\"2018-03-27T12:55:26+00:00\" \/>\n<meta name=\"twitter:card\" content=\"summary_large_image\" \/>\n<meta name=\"twitter:label1\" content=\"Tiempo de lectura\" \/>\n\t<meta name=\"twitter:data1\" content=\"1 minuto\" \/>\n<script type=\"application\/ld+json\" class=\"yoast-schema-graph\">{\"@context\":\"https:\/\/schema.org\",\"@graph\":[{\"@type\":\"WebPage\",\"@id\":\"https:\/\/www.ipvsl.com\/transport-at\/\",\"url\":\"https:\/\/www.ipvsl.com\/transport-at\/\",\"name\":\"[:es]Red de alta tensi\u00f3n[:ca]Xarxes d'alta tensi\u00f3[:] - IPV SL\",\"isPartOf\":{\"@id\":\"https:\/\/www.ipvsl.com\/#website\"},\"datePublished\":\"2018-01-04T09:41:52+00:00\",\"dateModified\":\"2018-03-27T12:55:26+00:00\",\"breadcrumb\":{\"@id\":\"https:\/\/www.ipvsl.com\/transport-at\/#breadcrumb\"},\"inLanguage\":\"es\",\"potentialAction\":[{\"@type\":\"ReadAction\",\"target\":[\"https:\/\/www.ipvsl.com\/transport-at\/\"]}]},{\"@type\":\"BreadcrumbList\",\"@id\":\"https:\/\/www.ipvsl.com\/transport-at\/#breadcrumb\",\"itemListElement\":[{\"@type\":\"ListItem\",\"position\":1,\"name\":\"Portada\",\"item\":\"https:\/\/www.ipvsl.com\/\"},{\"@type\":\"ListItem\",\"position\":2,\"name\":\"Xarxes d&#8217;alta tensi\u00f3\"}]},{\"@type\":\"WebSite\",\"@id\":\"https:\/\/www.ipvsl.com\/#website\",\"url\":\"https:\/\/www.ipvsl.com\/\",\"name\":\"IPV SL\",\"description\":\"IPV SL\",\"potentialAction\":[{\"@type\":\"SearchAction\",\"target\":{\"@type\":\"EntryPoint\",\"urlTemplate\":\"https:\/\/www.ipvsl.com\/?s={search_term_string}\"},\"query-input\":{\"@type\":\"PropertyValueSpecification\",\"valueRequired\":true,\"valueName\":\"search_term_string\"}}],\"inLanguage\":\"es\"}]}<\/script>\n<!-- \/ Yoast SEO plugin. -->","yoast_head_json":{"title":"[:es]Red de alta tensi\u00f3n[:ca]Xarxes d'alta tensi\u00f3[:] - IPV SL","robots":{"index":"index","follow":"follow","max-snippet":"max-snippet:-1","max-image-preview":"max-image-preview:large","max-video-preview":"max-video-preview:-1"},"canonical":"https:\/\/www.ipvsl.com\/transport-at\/","og_locale":"es_ES","og_type":"article","og_title":"[:es]Red de alta tensi\u00f3n[:ca]Xarxes d'alta tensi\u00f3[:] - IPV SL","og_description":"Red de alta tensi\u00f3n La Red de Transporte de Energ\u00eda El\u00e9ctrica es la parte del sistema de suministro el\u00e9ctrico integrada por los elementos necesarios para llevar hasta los puntos de consumo y a trav\u00e9s de grandes distancias la energ\u00eda generada en las centrales el\u00e9ctricas.IPV desarrolla y gestiona Proyectos e Instalaciones para el transporte de la [&hellip;]","og_url":"https:\/\/www.ipvsl.com\/transport-at\/","og_site_name":"IPV SL","article_modified_time":"2018-03-27T12:55:26+00:00","twitter_card":"summary_large_image","twitter_misc":{"Tiempo de lectura":"1 minuto"},"schema":{"@context":"https:\/\/schema.org","@graph":[{"@type":"WebPage","@id":"https:\/\/www.ipvsl.com\/transport-at\/","url":"https:\/\/www.ipvsl.com\/transport-at\/","name":"[:es]Red de alta tensi\u00f3n[:ca]Xarxes d'alta tensi\u00f3[:] - IPV SL","isPartOf":{"@id":"https:\/\/www.ipvsl.com\/#website"},"datePublished":"2018-01-04T09:41:52+00:00","dateModified":"2018-03-27T12:55:26+00:00","breadcrumb":{"@id":"https:\/\/www.ipvsl.com\/transport-at\/#breadcrumb"},"inLanguage":"es","potentialAction":[{"@type":"ReadAction","target":["https:\/\/www.ipvsl.com\/transport-at\/"]}]},{"@type":"BreadcrumbList","@id":"https:\/\/www.ipvsl.com\/transport-at\/#breadcrumb","itemListElement":[{"@type":"ListItem","position":1,"name":"Portada","item":"https:\/\/www.ipvsl.com\/"},{"@type":"ListItem","position":2,"name":"Xarxes d&#8217;alta tensi\u00f3"}]},{"@type":"WebSite","@id":"https:\/\/www.ipvsl.com\/#website","url":"https:\/\/www.ipvsl.com\/","name":"IPV SL","description":"IPV SL","potentialAction":[{"@type":"SearchAction","target":{"@type":"EntryPoint","urlTemplate":"https:\/\/www.ipvsl.com\/?s={search_term_string}"},"query-input":{"@type":"PropertyValueSpecification","valueRequired":true,"valueName":"search_term_string"}}],"inLanguage":"es"}]}},"_links":{"self":[{"href":"https:\/\/www.ipvsl.com\/es\/wp-json\/wp\/v2\/pages\/281","targetHints":{"allow":["GET"]}}],"collection":[{"href":"https:\/\/www.ipvsl.com\/es\/wp-json\/wp\/v2\/pages"}],"about":[{"href":"https:\/\/www.ipvsl.com\/es\/wp-json\/wp\/v2\/types\/page"}],"author":[{"embeddable":true,"href":"https:\/\/www.ipvsl.com\/es\/wp-json\/wp\/v2\/users\/1"}],"replies":[{"embeddable":true,"href":"https:\/\/www.ipvsl.com\/es\/wp-json\/wp\/v2\/comments?post=281"}],"version-history":[{"count":20,"href":"https:\/\/www.ipvsl.com\/es\/wp-json\/wp\/v2\/pages\/281\/revisions"}],"predecessor-version":[{"id":1155,"href":"https:\/\/www.ipvsl.com\/es\/wp-json\/wp\/v2\/pages\/281\/revisions\/1155"}],"wp:attachment":[{"href":"https:\/\/www.ipvsl.com\/es\/wp-json\/wp\/v2\/media?parent=281"}],"curies":[{"name":"wp","href":"https:\/\/api.w.org\/{rel}","templated":true}]}}