{"id":271,"date":"2018-01-04T09:35:55","date_gmt":"2018-01-04T09:35:55","guid":{"rendered":"http:\/\/www.ipvsl.com\/new\/?page_id=271"},"modified":"2018-03-25T18:54:28","modified_gmt":"2018-03-25T18:54:28","slug":"energia","status":"publish","type":"page","link":"https:\/\/www.ipvsl.com\/es\/energia\/","title":{"rendered":"Energ\u00eda"},"content":{"rendered":"<p>\n    <div class=\"col-xs-12 col-md-8\" >\n        <p><br \/><\/p><h1>Energ\u00eda<\/h1><p><\/p><p><br \/>Ejecuci\u00f3n, mantenimiento y legalizaci\u00f3n de las instalaciones en Alta, Mediana y Baja Tensi\u00f3n y en energ\u00edas renovables.<\/p><p>Realizamos el subministro el\u00e9ctrico y la construcci\u00f3n de:<\/p><ul><li>redes de distribuci\u00f3n<\/li><li>alumbrados p\u00fablicos<\/li><li>centros de transformaci\u00f3n<\/li><li>instalaciones fotovoltaicas<\/li><li>Sistemas de cogeneraciones<\/li><\/ul><p>Hacemos uso de un subministro eficiente y respetuoso con el medio ambiente, utilizando la m\u00e1s avanzada tecnolog\u00eda.<\/p><img loading=\"lazy\" decoding=\"async\" src=\"https:\/\/www.ipvsl.com\/new\/wp-content\/uploads\/2018\/01\/energia-1-1000x300.png\" alt=\"https:\/\/www.ipvsl.com\/new\/wp-content\/uploads\/2018\/01\/energia-1-1000x300.png\" width=\"1000\" height=\"300\" \/>    <\/div>\n\n\n\n    <div class=\"col-xs-12 col-sm-6 col-md-4 text-center\" >\n        <p><br \/><\/p><h2 style=\"text-align: center;\">Accede<\/h2><ul style=\"line-height: 200%;\"><li style=\"text-align: left;\"><a href=\"http:\/\/www.ipvsl.com\/new\/es\/transport-at\/\">Red de Alta tensi\u00f3n<\/a><\/li><li style=\"text-align: left;\"><a href=\"http:\/\/www.ipvsl.com\/new\/es\/subestacions\/\">Subestaciones<\/a><\/li><li style=\"text-align: left;\"><a href=\"http:\/\/www.ipvsl.com\/new\/es\/xarxes-de-mitja-i-baixa-tensio\/\">Redes de media y baja tensi\u00f3n<\/a><\/li><li style=\"text-align: left;\"><a href=\"http:\/\/www.ipvsl.com\/new\/es\/xarxes-de-mitja-i-baixa-tensio-2\/\">Tareas espec\u00edficas<\/a><\/li><\/ul><p><\/p>    <\/div>\n\n\n<\/p>\n","protected":false},"excerpt":{"rendered":"<p>Energ\u00edaEjecuci\u00f3n, mantenimiento y legalizaci\u00f3n de las instalaciones en Alta, Mediana y Baja Tensi\u00f3n y en energ\u00edas renovables.Realizamos el subministro el\u00e9ctrico y la construcci\u00f3n de:redes de distribuci\u00f3nalumbrados p\u00fablicoscentros de transformaci\u00f3ninstalaciones fotovoltaicasSistemas de cogeneracionesHacemos uso de un subministro eficiente y respetuoso con el medio ambiente, utilizando la m\u00e1s avanzada tecnolog\u00eda. AccedeRed de Alta tensi\u00f3nSubestacionesRedes de media y [&hellip;]<\/p>\n","protected":false},"author":1,"featured_media":0,"parent":0,"menu_order":0,"comment_status":"closed","ping_status":"closed","template":"","meta":{"footnotes":""},"class_list":["post-271","page","type-page","status-publish","hentry"],"yoast_head":"<!-- This site is optimized with the Yoast SEO plugin v25.7 - https:\/\/yoast.com\/wordpress\/plugins\/seo\/ -->\n<title>Energ\u00eda - IPV SL<\/title>\n<meta name=\"robots\" content=\"index, follow, max-snippet:-1, max-image-preview:large, max-video-preview:-1\" \/>\n<link rel=\"canonical\" href=\"https:\/\/www.ipvsl.com\/energia\/\" \/>\n<meta property=\"og:locale\" content=\"es_ES\" \/>\n<meta property=\"og:type\" content=\"article\" \/>\n<meta property=\"og:title\" content=\"[:es]Energ\u00eda[:ca]Energia[:] - IPV SL\" \/>\n<meta property=\"og:description\" content=\"Energ\u00edaEjecuci\u00f3n, mantenimiento y legalizaci\u00f3n de las instalaciones en Alta, Mediana y Baja Tensi\u00f3n y en energ\u00edas renovables.Realizamos el subministro el\u00e9ctrico y la construcci\u00f3n de:redes de distribuci\u00f3nalumbrados p\u00fablicoscentros de transformaci\u00f3ninstalaciones fotovoltaicasSistemas de cogeneracionesHacemos uso de un subministro eficiente y respetuoso con el medio ambiente, utilizando la m\u00e1s avanzada tecnolog\u00eda. AccedeRed de Alta tensi\u00f3nSubestacionesRedes de media y [&hellip;]\" \/>\n<meta property=\"og:url\" content=\"https:\/\/www.ipvsl.com\/energia\/\" \/>\n<meta property=\"og:site_name\" content=\"IPV SL\" \/>\n<meta property=\"article:modified_time\" content=\"2018-03-25T18:54:28+00:00\" \/>\n<meta property=\"og:image\" content=\"http:\/\/www.ipvsl.com\/new\/wp-content\/uploads\/2018\/01\/energia-1-1000x300.png\" \/>\n<meta name=\"twitter:card\" content=\"summary_large_image\" \/>\n<meta name=\"twitter:label1\" content=\"Tiempo de lectura\" \/>\n\t<meta name=\"twitter:data1\" content=\"1 minuto\" \/>\n<script type=\"application\/ld+json\" class=\"yoast-schema-graph\">{\"@context\":\"https:\/\/schema.org\",\"@graph\":[{\"@type\":\"WebPage\",\"@id\":\"https:\/\/www.ipvsl.com\/energia\/\",\"url\":\"https:\/\/www.ipvsl.com\/energia\/\",\"name\":\"[:es]Energ\u00eda[:ca]Energia[:] - IPV SL\",\"isPartOf\":{\"@id\":\"https:\/\/www.ipvsl.com\/#website\"},\"primaryImageOfPage\":{\"@id\":\"https:\/\/www.ipvsl.com\/energia\/#primaryimage\"},\"image\":{\"@id\":\"https:\/\/www.ipvsl.com\/energia\/#primaryimage\"},\"thumbnailUrl\":\"http:\/\/www.ipvsl.com\/new\/wp-content\/uploads\/2018\/01\/energia-1-1000x300.png\",\"datePublished\":\"2018-01-04T09:35:55+00:00\",\"dateModified\":\"2018-03-25T18:54:28+00:00\",\"breadcrumb\":{\"@id\":\"https:\/\/www.ipvsl.com\/energia\/#breadcrumb\"},\"inLanguage\":\"es\",\"potentialAction\":[{\"@type\":\"ReadAction\",\"target\":[\"https:\/\/www.ipvsl.com\/energia\/\"]}]},{\"@type\":\"ImageObject\",\"inLanguage\":\"es\",\"@id\":\"https:\/\/www.ipvsl.com\/energia\/#primaryimage\",\"url\":\"http:\/\/www.ipvsl.com\/new\/wp-content\/uploads\/2018\/01\/energia-1-1000x300.png\",\"contentUrl\":\"http:\/\/www.ipvsl.com\/new\/wp-content\/uploads\/2018\/01\/energia-1-1000x300.png\"},{\"@type\":\"BreadcrumbList\",\"@id\":\"https:\/\/www.ipvsl.com\/energia\/#breadcrumb\",\"itemListElement\":[{\"@type\":\"ListItem\",\"position\":1,\"name\":\"Portada\",\"item\":\"https:\/\/www.ipvsl.com\/\"},{\"@type\":\"ListItem\",\"position\":2,\"name\":\"Energia\"}]},{\"@type\":\"WebSite\",\"@id\":\"https:\/\/www.ipvsl.com\/#website\",\"url\":\"https:\/\/www.ipvsl.com\/\",\"name\":\"IPV SL\",\"description\":\"IPV SL\",\"potentialAction\":[{\"@type\":\"SearchAction\",\"target\":{\"@type\":\"EntryPoint\",\"urlTemplate\":\"https:\/\/www.ipvsl.com\/?s={search_term_string}\"},\"query-input\":{\"@type\":\"PropertyValueSpecification\",\"valueRequired\":true,\"valueName\":\"search_term_string\"}}],\"inLanguage\":\"es\"}]}<\/script>\n<!-- \/ Yoast SEO plugin. -->","yoast_head_json":{"title":"[:es]Energ\u00eda[:ca]Energia[:] - IPV SL","robots":{"index":"index","follow":"follow","max-snippet":"max-snippet:-1","max-image-preview":"max-image-preview:large","max-video-preview":"max-video-preview:-1"},"canonical":"https:\/\/www.ipvsl.com\/energia\/","og_locale":"es_ES","og_type":"article","og_title":"[:es]Energ\u00eda[:ca]Energia[:] - IPV SL","og_description":"Energ\u00edaEjecuci\u00f3n, mantenimiento y legalizaci\u00f3n de las instalaciones en Alta, Mediana y Baja Tensi\u00f3n y en energ\u00edas renovables.Realizamos el subministro el\u00e9ctrico y la construcci\u00f3n de:redes de distribuci\u00f3nalumbrados p\u00fablicoscentros de transformaci\u00f3ninstalaciones fotovoltaicasSistemas de cogeneracionesHacemos uso de un subministro eficiente y respetuoso con el medio ambiente, utilizando la m\u00e1s avanzada tecnolog\u00eda. AccedeRed de Alta tensi\u00f3nSubestacionesRedes de media y [&hellip;]","og_url":"https:\/\/www.ipvsl.com\/energia\/","og_site_name":"IPV SL","article_modified_time":"2018-03-25T18:54:28+00:00","og_image":[{"url":"http:\/\/www.ipvsl.com\/new\/wp-content\/uploads\/2018\/01\/energia-1-1000x300.png","type":"","width":"","height":""}],"twitter_card":"summary_large_image","twitter_misc":{"Tiempo de lectura":"1 minuto"},"schema":{"@context":"https:\/\/schema.org","@graph":[{"@type":"WebPage","@id":"https:\/\/www.ipvsl.com\/energia\/","url":"https:\/\/www.ipvsl.com\/energia\/","name":"[:es]Energ\u00eda[:ca]Energia[:] - IPV SL","isPartOf":{"@id":"https:\/\/www.ipvsl.com\/#website"},"primaryImageOfPage":{"@id":"https:\/\/www.ipvsl.com\/energia\/#primaryimage"},"image":{"@id":"https:\/\/www.ipvsl.com\/energia\/#primaryimage"},"thumbnailUrl":"http:\/\/www.ipvsl.com\/new\/wp-content\/uploads\/2018\/01\/energia-1-1000x300.png","datePublished":"2018-01-04T09:35:55+00:00","dateModified":"2018-03-25T18:54:28+00:00","breadcrumb":{"@id":"https:\/\/www.ipvsl.com\/energia\/#breadcrumb"},"inLanguage":"es","potentialAction":[{"@type":"ReadAction","target":["https:\/\/www.ipvsl.com\/energia\/"]}]},{"@type":"ImageObject","inLanguage":"es","@id":"https:\/\/www.ipvsl.com\/energia\/#primaryimage","url":"http:\/\/www.ipvsl.com\/new\/wp-content\/uploads\/2018\/01\/energia-1-1000x300.png","contentUrl":"http:\/\/www.ipvsl.com\/new\/wp-content\/uploads\/2018\/01\/energia-1-1000x300.png"},{"@type":"BreadcrumbList","@id":"https:\/\/www.ipvsl.com\/energia\/#breadcrumb","itemListElement":[{"@type":"ListItem","position":1,"name":"Portada","item":"https:\/\/www.ipvsl.com\/"},{"@type":"ListItem","position":2,"name":"Energia"}]},{"@type":"WebSite","@id":"https:\/\/www.ipvsl.com\/#website","url":"https:\/\/www.ipvsl.com\/","name":"IPV SL","description":"IPV SL","potentialAction":[{"@type":"SearchAction","target":{"@type":"EntryPoint","urlTemplate":"https:\/\/www.ipvsl.com\/?s={search_term_string}"},"query-input":{"@type":"PropertyValueSpecification","valueRequired":true,"valueName":"search_term_string"}}],"inLanguage":"es"}]}},"_links":{"self":[{"href":"https:\/\/www.ipvsl.com\/es\/wp-json\/wp\/v2\/pages\/271","targetHints":{"allow":["GET"]}}],"collection":[{"href":"https:\/\/www.ipvsl.com\/es\/wp-json\/wp\/v2\/pages"}],"about":[{"href":"https:\/\/www.ipvsl.com\/es\/wp-json\/wp\/v2\/types\/page"}],"author":[{"embeddable":true,"href":"https:\/\/www.ipvsl.com\/es\/wp-json\/wp\/v2\/users\/1"}],"replies":[{"embeddable":true,"href":"https:\/\/www.ipvsl.com\/es\/wp-json\/wp\/v2\/comments?post=271"}],"version-history":[{"count":26,"href":"https:\/\/www.ipvsl.com\/es\/wp-json\/wp\/v2\/pages\/271\/revisions"}],"predecessor-version":[{"id":1110,"href":"https:\/\/www.ipvsl.com\/es\/wp-json\/wp\/v2\/pages\/271\/revisions\/1110"}],"wp:attachment":[{"href":"https:\/\/www.ipvsl.com\/es\/wp-json\/wp\/v2\/media?parent=271"}],"curies":[{"name":"wp","href":"https:\/\/api.w.org\/{rel}","templated":true}]}}