{"id":18,"date":"2017-11-08T10:49:30","date_gmt":"2017-11-08T10:49:30","guid":{"rendered":"http:\/\/www.ipvsl.com\/new\/?page_id=18"},"modified":"2018-04-16T10:38:27","modified_gmt":"2018-04-16T10:38:27","slug":"com-contactar","status":"publish","type":"page","link":"https:\/\/www.ipvsl.com\/es\/com-contactar\/","title":{"rendered":"C\u00f3mo contactar"},"content":{"rendered":"<p><section class=\"fw-main-row  ls ms section_padding_top_50 section_padding_bottom_50 columns_padding_15\" >\n\t\t<div class=\"container-fluid\">\n\t\t<div class=\"row\">\n\t\t\t\n    <div class=\"col-xs-12 col-sm-6 col-md-4 text-center\" >\n        \t<div class=\"teaser  \">\n\t\t\t\t<div class=\"teaser_icon size_normal highlight\">\n\t\t\t<i class=\"fa fa-bank\"><\/i>\n\t\t<\/div>\n\t\t\t\t\t<h3 class=\"\">\n\t\t\t\t\t<a href=\"mailto:lleida@ipvsl.com\">\n\t\t\n\t\tGerencia\n\t\t\t\t\t<\/a>\n\t\t\t\t<\/h3>\n\t\t\t\t\t<p>\n\t\t\tlleida@ipvsl.com\t\t<\/p>\n\t\t\t\t\t<\/div>\n\t    <\/div>\n\n\n\n    <div class=\"col-xs-12 col-sm-6 col-md-4 text-center\" >\n        \t<div class=\"teaser  \">\n\t\t\t\t<div class=\"teaser_icon size_normal highlight\">\n\t\t\t<i class=\"fa fa-gear\"><\/i>\n\t\t<\/div>\n\t\t\t\t\t<h3 class=\"\">\n\t\t\t\t\t<a href=\"mailto:tecnics@ipvsl.com\">\n\t\t\n\t\tOficina T\u00e9cnica\n\t\t\t\t\t<\/a>\n\t\t\t\t<\/h3>\n\t\t\t\t\t<p>\n\t\t\ttecnics@ipvsl.com\t\t<\/p>\n\t\t\t\t\t<\/div>\n\t    <\/div>\n\n\n\n    <div class=\"col-xs-12 col-sm-6 col-md-4 text-center\" >\n        \t<div class=\"teaser  \">\n\t\t\t\t<div class=\"teaser_icon size_normal highlight\">\n\t\t\t<i class=\"fa fa-balance-scale\"><\/i>\n\t\t<\/div>\n\t\t\t\t\t<h3 class=\"\">\n\t\t\t\t\t<a href=\"mailto:manteniment@ipvsl.com\">\n\t\t\n\t\tMantenimiento\n\t\t\t\t\t<\/a>\n\t\t\t\t<\/h3>\n\t\t\t\t\t<p>\n\t\t\tmanteniment@ipvsl.com\t\t<\/p>\n\t\t\t\t\t<\/div>\n\t    <\/div>\n\n\n\n    <div class=\"col-xs-12 col-sm-6 col-md-4 text-center\" >\n        \t<div class=\"teaser  \">\n\t\t\t\t<div class=\"teaser_icon size_normal highlight\">\n\t\t\t<i class=\"fa fa-pie-chart\"><\/i>\n\t\t<\/div>\n\t\t\t\t\t<h3 class=\"\">\n\t\t\t\t\t<a href=\"mailto:estudis@ipvsl.com\">\n\t\t\n\t\tEstudios\n\t\t\t\t\t<\/a>\n\t\t\t\t<\/h3>\n\t\t\t\t\t<p>\n\t\t\testudis@ipvsl.com\t\t<\/p>\n\t\t\t\t\t<\/div>\n\t    <\/div>\n\n\n\n    <div class=\"col-xs-12 col-sm-6 col-md-4 text-center\" >\n        \t<div class=\"teaser  \">\n\t\t\t\t<div class=\"teaser_icon size_normal highlight\">\n\t\t\t<i class=\"fa fa-calculator\"><\/i>\n\t\t<\/div>\n\t\t\t\t\t<h3 class=\"\">\n\t\t\t\t\t<a href=\"mailto:administracio@ipvsl.com\">\n\t\t\n\t\tAdministraci\u00f3n\n\t\t\t\t\t<\/a>\n\t\t\t\t<\/h3>\n\t\t\t\t\t<p>\n\t\t\tadministracio@ipvsl.com\t\t<\/p>\n\t\t\t\t\t<\/div>\n\t    <\/div>\n\n\n\n    <div class=\"col-xs-12 col-sm-6 col-md-4 text-center\" >\n        \t<div class=\"teaser  \">\n\t\t\t\t<div class=\"teaser_icon size_normal highlight\">\n\t\t\t<i class=\"fa fa-home\"><\/i>\n\t\t<\/div>\n\t\t\t\t\t<h3 class=\"\">\n\t\t\t\t\t<a href=\"mailto:magatzem@ipvsl.com\">\n\t\t\n\t\tAlmac\u00e9n\n\t\t\t\t\t<\/a>\n\t\t\t\t<\/h3>\n\t\t\t\t\t<p>\n\t\t\tmagatzem@ipvsl.com\t\t<\/p>\n\t\t\t\t\t<\/div>\n\t    <\/div>\n\n\n\t\t<\/div>\n\t<\/div>\n<\/section>\n<section class=\"fw-main-row  ls section_padding_top_50 section_padding_bottom_50 columns_padding_15\" >\n\t\t<div class=\"container-fluid\">\n\t\t<div class=\"row\">\n\t\t\t<p><br \/><\/p><p style=\"text-align: center;\">Nuestras naves, ubicadas en L\u00e9rida, disponen de 300 m2 de oficinas y 1.800 m2 distribuidos en diferentes zonas de trabajo: el taller el\u00e9ctrico, el taller mec\u00e1nico, el laboratorio de ensayo y la zona de material. IPV dispone de una flota de 20 veh\u00edculos entre furgonetas, todoterrenos, camiones gr\u00faa y coches.<\/p><p><\/p><div class=\"fw-map\" data-locations=\"[{&quot;title&quot;:&quot;IPV S.L.&quot;,&quot;url&quot;:&quot;https:\\\/\\\/www.ipvsl.com&quot;,&quot;thumb&quot;:false,&quot;coordinates&quot;:{&quot;lat&quot;:41.6153125,&quot;lng&quot;:0.667373},&quot;description&quot;:&quot;&quot;}]\" data-map-type=\"ROADMAP\" data-map-height=\"\" data-gmap-key=\"AIzaSyDMc1UZnjpJjT96kxE1F_yktXqAR1mYV5U\" data-disable-scrolling=\"\" >\n\t<div class=\"fw-map-canvas\"><\/div>\n<\/div>\t\t<\/div>\n\t<\/div>\n<\/section>\n<section class=\"fw-main-row  ls section_padding_top_50 section_padding_bottom_50 columns_padding_15\" >\n\t\t<div class=\"container\">\n\t\t<div class=\"row\">\n\t\t\t<p><br \/><\/p><h1 style=\"text-align: center;\">Formulario de contacto<\/h1><p><\/p><p>\n<div class=\"wpcf7 no-js\" id=\"wpcf7-f580-o1\" lang=\"es-ES\" dir=\"ltr\" data-wpcf7-id=\"580\">\n<div class=\"screen-reader-response\"><p role=\"status\" aria-live=\"polite\" aria-atomic=\"true\"><\/p> <ul><\/ul><\/div>\n<form action=\"\/es\/wp-json\/wp\/v2\/pages\/18#wpcf7-f580-o1\" method=\"post\" class=\"wpcf7-form init\" aria-label=\"Formulario de contacto\" novalidate=\"novalidate\" data-status=\"init\">\n<fieldset class=\"hidden-fields-container\"><input type=\"hidden\" name=\"_wpcf7\" value=\"580\" \/><input type=\"hidden\" name=\"_wpcf7_version\" value=\"6.1.1\" \/><input type=\"hidden\" name=\"_wpcf7_locale\" value=\"es_ES\" \/><input type=\"hidden\" name=\"_wpcf7_unit_tag\" value=\"wpcf7-f580-o1\" \/><input type=\"hidden\" name=\"_wpcf7_container_post\" value=\"0\" \/><input type=\"hidden\" name=\"_wpcf7_posted_data_hash\" value=\"\" \/>\n<\/fieldset>\n<h2>Formulario de contacto\n<\/h2>\n<p style=\"text-align:left;\"> Nombre*<br \/>\n<span class=\"wpcf7-form-control-wrap\" data-name=\"your-name\"><input size=\"40\" maxlength=\"400\" class=\"wpcf7-form-control wpcf7-text wpcf7-validates-as-required\" aria-required=\"true\" aria-invalid=\"false\" value=\"\" type=\"text\" name=\"your-name\" \/><\/span>\n<\/p>\n<p style=\"text-align:left;\"> Correo*<br \/>\n<span class=\"wpcf7-form-control-wrap\" data-name=\"your-email\"><input size=\"40\" maxlength=\"400\" class=\"wpcf7-form-control wpcf7-email wpcf7-validates-as-required wpcf7-text wpcf7-validates-as-email\" aria-required=\"true\" aria-invalid=\"false\" value=\"\" type=\"email\" name=\"your-email\" \/><\/span>\n<\/p>\n<p style=\"text-align:left;\"> Tel\u00e9fono<br \/>\n<span class=\"wpcf7-form-control-wrap\" data-name=\"your-subject\"><input size=\"40\" maxlength=\"400\" class=\"wpcf7-form-control wpcf7-text\" aria-invalid=\"false\" value=\"\" type=\"text\" name=\"your-subject\" \/><\/span>\n<\/p>\n<p style=\"text-align:left;\"> Mensaje<br \/>\n<span class=\"wpcf7-form-control-wrap\" data-name=\"your-message\"><textarea cols=\"40\" rows=\"10\" maxlength=\"2000\" class=\"wpcf7-form-control wpcf7-textarea\" aria-invalid=\"false\" name=\"your-message\"><\/textarea><\/span>\n<\/p>\n<p>[recaptcha]<br \/>\n<input class=\"wpcf7-form-control wpcf7-submit has-spinner\" type=\"submit\" value=\"Enviar\" \/>\n<\/p><p style=\"display: none !important;\" class=\"akismet-fields-container\" data-prefix=\"_wpcf7_ak_\"><label>&#916;<textarea name=\"_wpcf7_ak_hp_textarea\" cols=\"45\" rows=\"8\" maxlength=\"100\"><\/textarea><\/label><input type=\"hidden\" id=\"ak_js_1\" name=\"_wpcf7_ak_js\" value=\"73\"\/><script>document.getElementById( \"ak_js_1\" ).setAttribute( \"value\", ( new Date() ).getTime() );<\/script><\/p><div class=\"wpcf7-response-output\" aria-hidden=\"true\"><\/div>\n<\/form>\n<\/div>\n<\/p>\t\t<\/div>\n\t<\/div>\n<\/section>\n<\/p>\n","protected":false},"excerpt":{"rendered":"<p>Gerencia lleida@ipvsl.com Oficina T\u00e9cnica tecnics@ipvsl.com Mantenimiento manteniment@ipvsl.com Estudios estudis@ipvsl.com Administraci\u00f3n administracio@ipvsl.com Almac\u00e9n magatzem@ipvsl.com Nuestras naves, ubicadas en L\u00e9rida, disponen de 300 m2 de oficinas y 1.800 m2 distribuidos en diferentes zonas de trabajo: el taller el\u00e9ctrico, el taller mec\u00e1nico, el laboratorio de ensayo y la zona de material. IPV dispone de una flota de 20 [&hellip;]<\/p>\n","protected":false},"author":1,"featured_media":0,"parent":0,"menu_order":0,"comment_status":"closed","ping_status":"closed","template":"","meta":{"footnotes":""},"class_list":["post-18","page","type-page","status-publish","hentry"],"yoast_head":"<!-- This site is optimized with the Yoast SEO plugin v25.7 - https:\/\/yoast.com\/wordpress\/plugins\/seo\/ -->\n<title>C\u00f3mo contactar - IPV SL<\/title>\n<meta name=\"robots\" content=\"index, follow, max-snippet:-1, max-image-preview:large, max-video-preview:-1\" \/>\n<link rel=\"canonical\" href=\"https:\/\/www.ipvsl.com\/com-contactar\/\" \/>\n<meta property=\"og:locale\" content=\"es_ES\" \/>\n<meta property=\"og:type\" content=\"article\" \/>\n<meta property=\"og:title\" content=\"[:es]C\u00f3mo contactar[:ca]Com contactar[:] - IPV SL\" \/>\n<meta property=\"og:description\" content=\"Gerencia lleida@ipvsl.com Oficina T\u00e9cnica tecnics@ipvsl.com Mantenimiento manteniment@ipvsl.com Estudios estudis@ipvsl.com Administraci\u00f3n administracio@ipvsl.com Almac\u00e9n magatzem@ipvsl.com Nuestras naves, ubicadas en L\u00e9rida, disponen de 300 m2 de oficinas y 1.800 m2 distribuidos en diferentes zonas de trabajo: el taller el\u00e9ctrico, el taller mec\u00e1nico, el laboratorio de ensayo y la zona de material. IPV dispone de una flota de 20 [&hellip;]\" \/>\n<meta property=\"og:url\" content=\"https:\/\/www.ipvsl.com\/com-contactar\/\" \/>\n<meta property=\"og:site_name\" content=\"IPV SL\" \/>\n<meta property=\"article:modified_time\" content=\"2018-04-16T10:38:27+00:00\" \/>\n<meta name=\"twitter:card\" content=\"summary_large_image\" \/>\n<meta name=\"twitter:label1\" content=\"Tiempo de lectura\" \/>\n\t<meta name=\"twitter:data1\" content=\"1 minuto\" \/>\n<script type=\"application\/ld+json\" class=\"yoast-schema-graph\">{\"@context\":\"https:\/\/schema.org\",\"@graph\":[{\"@type\":\"WebPage\",\"@id\":\"https:\/\/www.ipvsl.com\/com-contactar\/\",\"url\":\"https:\/\/www.ipvsl.com\/com-contactar\/\",\"name\":\"[:es]C\u00f3mo contactar[:ca]Com contactar[:] - IPV SL\",\"isPartOf\":{\"@id\":\"https:\/\/www.ipvsl.com\/#website\"},\"datePublished\":\"2017-11-08T10:49:30+00:00\",\"dateModified\":\"2018-04-16T10:38:27+00:00\",\"breadcrumb\":{\"@id\":\"https:\/\/www.ipvsl.com\/com-contactar\/#breadcrumb\"},\"inLanguage\":\"es\",\"potentialAction\":[{\"@type\":\"ReadAction\",\"target\":[\"https:\/\/www.ipvsl.com\/com-contactar\/\"]}]},{\"@type\":\"BreadcrumbList\",\"@id\":\"https:\/\/www.ipvsl.com\/com-contactar\/#breadcrumb\",\"itemListElement\":[{\"@type\":\"ListItem\",\"position\":1,\"name\":\"Portada\",\"item\":\"https:\/\/www.ipvsl.com\/\"},{\"@type\":\"ListItem\",\"position\":2,\"name\":\"Com contactar\"}]},{\"@type\":\"WebSite\",\"@id\":\"https:\/\/www.ipvsl.com\/#website\",\"url\":\"https:\/\/www.ipvsl.com\/\",\"name\":\"IPV SL\",\"description\":\"IPV SL\",\"potentialAction\":[{\"@type\":\"SearchAction\",\"target\":{\"@type\":\"EntryPoint\",\"urlTemplate\":\"https:\/\/www.ipvsl.com\/?s={search_term_string}\"},\"query-input\":{\"@type\":\"PropertyValueSpecification\",\"valueRequired\":true,\"valueName\":\"search_term_string\"}}],\"inLanguage\":\"es\"}]}<\/script>\n<!-- \/ Yoast SEO plugin. -->","yoast_head_json":{"title":"[:es]C\u00f3mo contactar[:ca]Com contactar[:] - IPV SL","robots":{"index":"index","follow":"follow","max-snippet":"max-snippet:-1","max-image-preview":"max-image-preview:large","max-video-preview":"max-video-preview:-1"},"canonical":"https:\/\/www.ipvsl.com\/com-contactar\/","og_locale":"es_ES","og_type":"article","og_title":"[:es]C\u00f3mo contactar[:ca]Com contactar[:] - IPV SL","og_description":"Gerencia lleida@ipvsl.com Oficina T\u00e9cnica tecnics@ipvsl.com Mantenimiento manteniment@ipvsl.com Estudios estudis@ipvsl.com Administraci\u00f3n administracio@ipvsl.com Almac\u00e9n magatzem@ipvsl.com Nuestras naves, ubicadas en L\u00e9rida, disponen de 300 m2 de oficinas y 1.800 m2 distribuidos en diferentes zonas de trabajo: el taller el\u00e9ctrico, el taller mec\u00e1nico, el laboratorio de ensayo y la zona de material. IPV dispone de una flota de 20 [&hellip;]","og_url":"https:\/\/www.ipvsl.com\/com-contactar\/","og_site_name":"IPV SL","article_modified_time":"2018-04-16T10:38:27+00:00","twitter_card":"summary_large_image","twitter_misc":{"Tiempo de lectura":"1 minuto"},"schema":{"@context":"https:\/\/schema.org","@graph":[{"@type":"WebPage","@id":"https:\/\/www.ipvsl.com\/com-contactar\/","url":"https:\/\/www.ipvsl.com\/com-contactar\/","name":"[:es]C\u00f3mo contactar[:ca]Com contactar[:] - IPV SL","isPartOf":{"@id":"https:\/\/www.ipvsl.com\/#website"},"datePublished":"2017-11-08T10:49:30+00:00","dateModified":"2018-04-16T10:38:27+00:00","breadcrumb":{"@id":"https:\/\/www.ipvsl.com\/com-contactar\/#breadcrumb"},"inLanguage":"es","potentialAction":[{"@type":"ReadAction","target":["https:\/\/www.ipvsl.com\/com-contactar\/"]}]},{"@type":"BreadcrumbList","@id":"https:\/\/www.ipvsl.com\/com-contactar\/#breadcrumb","itemListElement":[{"@type":"ListItem","position":1,"name":"Portada","item":"https:\/\/www.ipvsl.com\/"},{"@type":"ListItem","position":2,"name":"Com contactar"}]},{"@type":"WebSite","@id":"https:\/\/www.ipvsl.com\/#website","url":"https:\/\/www.ipvsl.com\/","name":"IPV SL","description":"IPV SL","potentialAction":[{"@type":"SearchAction","target":{"@type":"EntryPoint","urlTemplate":"https:\/\/www.ipvsl.com\/?s={search_term_string}"},"query-input":{"@type":"PropertyValueSpecification","valueRequired":true,"valueName":"search_term_string"}}],"inLanguage":"es"}]}},"_links":{"self":[{"href":"https:\/\/www.ipvsl.com\/es\/wp-json\/wp\/v2\/pages\/18","targetHints":{"allow":["GET"]}}],"collection":[{"href":"https:\/\/www.ipvsl.com\/es\/wp-json\/wp\/v2\/pages"}],"about":[{"href":"https:\/\/www.ipvsl.com\/es\/wp-json\/wp\/v2\/types\/page"}],"author":[{"embeddable":true,"href":"https:\/\/www.ipvsl.com\/es\/wp-json\/wp\/v2\/users\/1"}],"replies":[{"embeddable":true,"href":"https:\/\/www.ipvsl.com\/es\/wp-json\/wp\/v2\/comments?post=18"}],"version-history":[{"count":35,"href":"https:\/\/www.ipvsl.com\/es\/wp-json\/wp\/v2\/pages\/18\/revisions"}],"predecessor-version":[{"id":1184,"href":"https:\/\/www.ipvsl.com\/es\/wp-json\/wp\/v2\/pages\/18\/revisions\/1184"}],"wp:attachment":[{"href":"https:\/\/www.ipvsl.com\/es\/wp-json\/wp\/v2\/media?parent=18"}],"curies":[{"name":"wp","href":"https:\/\/api.w.org\/{rel}","templated":true}]}}